{"id":840,"date":"2013-06-09T22:43:13","date_gmt":"2013-06-09T22:43:13","guid":{"rendered":"http:\/\/www.acupuntura-legorburu.com\/web\/?page_id=840"},"modified":"2017-07-28T17:32:22","modified_gmt":"2017-07-28T15:32:22","slug":"ventoses","status":"publish","type":"page","link":"https:\/\/www.acupuntura-legorburu.com\/ca\/ventoses\/","title":{"rendered":"Ventoses"},"content":{"rendered":"<h1 style=\"text-align: justify;\">Ventoses<\/h1>\n<h1 style=\"text-align: justify;\"><a href=\"http:\/\/www.acupuntura-legorburu.com\/wp-content\/uploads\/2013\/04\/Acupuntura_Margarita_Legorburu_Ventosas_1.jpg\"><img decoding=\"async\" class=\"size-full wp-image-634 alignright\" style=\"margin: 20px;\" title=\"Tractament amb Ventoses\" src=\"http:\/\/www.acupuntura-legorburu.com\/wp-content\/uploads\/2013\/04\/Acupuntura_Margarita_Legorburu_Ventosas_1.jpg\" alt=\"Tractament amb ventoses\" width=\"369\" height=\"369\" srcset=\"https:\/\/www.acupuntura-legorburu.com\/wp-content\/uploads\/2013\/04\/Acupuntura_Margarita_Legorburu_Ventosas_1-36x36.jpg 36w, https:\/\/www.acupuntura-legorburu.com\/wp-content\/uploads\/2013\/04\/Acupuntura_Margarita_Legorburu_Ventosas_1-60x60.jpg 60w, https:\/\/www.acupuntura-legorburu.com\/wp-content\/uploads\/2013\/04\/Acupuntura_Margarita_Legorburu_Ventosas_1-75x75.jpg 75w, https:\/\/www.acupuntura-legorburu.com\/wp-content\/uploads\/2013\/04\/Acupuntura_Margarita_Legorburu_Ventosas_1-150x150.jpg 150w, https:\/\/www.acupuntura-legorburu.com\/wp-content\/uploads\/2013\/04\/Acupuntura_Margarita_Legorburu_Ventosas_1-300x300.jpg 300w, https:\/\/www.acupuntura-legorburu.com\/wp-content\/uploads\/2013\/04\/Acupuntura_Margarita_Legorburu_Ventosas_1.jpg 369w\" sizes=\"(max-width: 369px) 100vw, 369px\" \/><\/a><\/h1>\n<p>El tractament amb <strong>ventoses<\/strong> consisteix a aplicar-les en diferents zones del cos. Un cop aplicades, l\u2019aire \u00e9s succionat a trav\u00e9s de l\u2019\u00fas de foc o manualment. Les podem aplicar en diferents punts o zones on existeix el dolor.<\/p>\n<p>Aquesta t\u00e8cnica forma poar de la medicina tradicional xinesa. En els nostres centres ubicats a Barcelona i Vic, les aplicarem en diversos tractaments. <a href=\"https:\/\/www.acupuntura-legorburu.com\/ca\/tractaments\/\">Consulta els nostres tractaments de Medicina Integrativa.<\/a><\/p>\n<p>Tens algun dubte o consulta? <a href=\"https:\/\/www.acupuntura-legorburu.com\/ca\/contacte\/\">Contacta amb la Cl\u00ednica d\u2019Acupuntura Legorburu<\/a>, estarem encantats d\u2019atendre\u2019t.<\/p>\n<h2>Quins beneficis proporciona el seu \u00fas en els tractaments?<\/h2>\n<p>Se sap que en la Medicina Tradicional Xinesa, produeixen una activaci\u00f3 del sistema limf\u00e0tic, promovent la circulaci\u00f3 sangu\u00ednia i facilitant la cicatritzaci\u00f3 tissular.<\/p>\n","protected":false},"excerpt":{"rendered":"<p>Ventoses El tractament amb ventoses consisteix a aplicar-les en diferents zones del cos. Un cop aplicades, l\u2019aire \u00e9s succionat a trav\u00e9s de l\u2019\u00fas de foc o manualment. Les podem aplicar en diferents punts o zones on existeix el dolor. [&#8230;]<\/p>\n","protected":false},"author":1,"featured_media":0,"parent":0,"menu_order":0,"comment_status":"open","ping_status":"open","template":"","meta":{"ngg_post_thumbnail":0,"_joinchat":[],"footnotes":""},"class_list":["post-840","page","type-page","status-publish","hentry"],"yoast_head":"<!-- This site is optimized with the Yoast SEO plugin v27.0 - https:\/\/yoast.com\/product\/yoast-seo-wordpress\/ -->\n<title>Tractament amb ventoses a Barcelona i Vic | Cl\u00ednica Legorburu<\/title>\n<meta name=\"description\" content=\"El tractament amb ventoses ajuda a reduir el dolor en zones determinades. Descobreix m\u00e9s sobre aquest tractament realitzat per Cl\u00ednica Acupuntura Legorburu.\" \/>\n<meta name=\"robots\" content=\"index, follow, max-snippet:-1, max-image-preview:large, max-video-preview:-1\" \/>\n<link rel=\"canonical\" href=\"https:\/\/www.acupuntura-legorburu.com\/ca\/ventoses\/\" \/>\n<meta property=\"og:locale\" content=\"ca_ES\" \/>\n<meta property=\"og:type\" content=\"article\" \/>\n<meta property=\"og:title\" content=\"Tractament amb ventoses a Barcelona i Vic | Cl\u00ednica Legorburu\" \/>\n<meta property=\"og:description\" content=\"El tractament amb ventoses ajuda a reduir el dolor en zones determinades. Descobreix m\u00e9s sobre aquest tractament realitzat per Cl\u00ednica Acupuntura Legorburu.\" \/>\n<meta property=\"og:url\" content=\"https:\/\/www.acupuntura-legorburu.com\/ca\/ventoses\/\" \/>\n<meta property=\"article:publisher\" content=\"https:\/\/www.facebook.com\/pages\/Cl%c3%adnica-de-acupuntura-de-la-Dra-Margarita-Legorburu\/126630064083783?fref=ts\" \/>\n<meta property=\"article:modified_time\" content=\"2017-07-28T15:32:22+00:00\" \/>\n<meta property=\"og:image\" content=\"http:\/\/www.acupuntura-legorburu.com\/wp-content\/uploads\/2013\/04\/Acupuntura_Margarita_Legorburu_Ventosas_1.jpg\" \/>\n<meta name=\"twitter:label1\" content=\"Temps estimat de lectura\" \/>\n\t<meta name=\"twitter:data1\" content=\"1 minut\" \/>\n<script type=\"application\/ld+json\" class=\"yoast-schema-graph\">{\"@context\":\"https:\/\/schema.org\",\"@graph\":[{\"@type\":\"WebPage\",\"@id\":\"https:\/\/www.acupuntura-legorburu.com\/ca\/ventoses\/\",\"url\":\"https:\/\/www.acupuntura-legorburu.com\/ca\/ventoses\/\",\"name\":\"Tractament amb ventoses a Barcelona i Vic | Cl\u00ednica Legorburu\",\"isPartOf\":{\"@id\":\"https:\/\/www.acupuntura-legorburu.com\/#website\"},\"primaryImageOfPage\":{\"@id\":\"https:\/\/www.acupuntura-legorburu.com\/ca\/ventoses\/#primaryimage\"},\"image\":{\"@id\":\"https:\/\/www.acupuntura-legorburu.com\/ca\/ventoses\/#primaryimage\"},\"thumbnailUrl\":\"http:\/\/www.acupuntura-legorburu.com\/wp-content\/uploads\/2013\/04\/Acupuntura_Margarita_Legorburu_Ventosas_1.jpg\",\"datePublished\":\"2013-06-09T22:43:13+00:00\",\"dateModified\":\"2017-07-28T15:32:22+00:00\",\"description\":\"El tractament amb ventoses ajuda a reduir el dolor en zones determinades. Descobreix m\u00e9s sobre aquest tractament realitzat per Cl\u00ednica Acupuntura Legorburu.\",\"breadcrumb\":{\"@id\":\"https:\/\/www.acupuntura-legorburu.com\/ca\/ventoses\/#breadcrumb\"},\"inLanguage\":\"ca\",\"potentialAction\":[{\"@type\":\"ReadAction\",\"target\":[\"https:\/\/www.acupuntura-legorburu.com\/ca\/ventoses\/\"]}]},{\"@type\":\"ImageObject\",\"inLanguage\":\"ca\",\"@id\":\"https:\/\/www.acupuntura-legorburu.com\/ca\/ventoses\/#primaryimage\",\"url\":\"http:\/\/www.acupuntura-legorburu.com\/wp-content\/uploads\/2013\/04\/Acupuntura_Margarita_Legorburu_Ventosas_1.jpg\",\"contentUrl\":\"http:\/\/www.acupuntura-legorburu.com\/wp-content\/uploads\/2013\/04\/Acupuntura_Margarita_Legorburu_Ventosas_1.jpg\"},{\"@type\":\"BreadcrumbList\",\"@id\":\"https:\/\/www.acupuntura-legorburu.com\/ca\/ventoses\/#breadcrumb\",\"itemListElement\":[{\"@type\":\"ListItem\",\"position\":1,\"name\":\"Portada\",\"item\":\"https:\/\/www.acupuntura-legorburu.com\/ca\/\"},{\"@type\":\"ListItem\",\"position\":2,\"name\":\"Ventoses\"}]},{\"@type\":\"WebSite\",\"@id\":\"https:\/\/www.acupuntura-legorburu.com\/#website\",\"url\":\"https:\/\/www.acupuntura-legorburu.com\/\",\"name\":\"\",\"description\":\"\",\"potentialAction\":[{\"@type\":\"SearchAction\",\"target\":{\"@type\":\"EntryPoint\",\"urlTemplate\":\"https:\/\/www.acupuntura-legorburu.com\/?s={search_term_string}\"},\"query-input\":{\"@type\":\"PropertyValueSpecification\",\"valueRequired\":true,\"valueName\":\"search_term_string\"}}],\"inLanguage\":\"ca\"}]}<\/script>\n<!-- \/ Yoast SEO plugin. -->","yoast_head_json":{"title":"Tractament amb ventoses a Barcelona i Vic | Cl\u00ednica Legorburu","description":"El tractament amb ventoses ajuda a reduir el dolor en zones determinades. Descobreix m\u00e9s sobre aquest tractament realitzat per Cl\u00ednica Acupuntura Legorburu.","robots":{"index":"index","follow":"follow","max-snippet":"max-snippet:-1","max-image-preview":"max-image-preview:large","max-video-preview":"max-video-preview:-1"},"canonical":"https:\/\/www.acupuntura-legorburu.com\/ca\/ventoses\/","og_locale":"ca_ES","og_type":"article","og_title":"Tractament amb ventoses a Barcelona i Vic | Cl\u00ednica Legorburu","og_description":"El tractament amb ventoses ajuda a reduir el dolor en zones determinades. Descobreix m\u00e9s sobre aquest tractament realitzat per Cl\u00ednica Acupuntura Legorburu.","og_url":"https:\/\/www.acupuntura-legorburu.com\/ca\/ventoses\/","article_publisher":"https:\/\/www.facebook.com\/pages\/Cl%c3%adnica-de-acupuntura-de-la-Dra-Margarita-Legorburu\/126630064083783?fref=ts","article_modified_time":"2017-07-28T15:32:22+00:00","og_image":[{"url":"http:\/\/www.acupuntura-legorburu.com\/wp-content\/uploads\/2013\/04\/Acupuntura_Margarita_Legorburu_Ventosas_1.jpg","type":"","width":"","height":""}],"twitter_misc":{"Temps estimat de lectura":"1 minut"},"schema":{"@context":"https:\/\/schema.org","@graph":[{"@type":"WebPage","@id":"https:\/\/www.acupuntura-legorburu.com\/ca\/ventoses\/","url":"https:\/\/www.acupuntura-legorburu.com\/ca\/ventoses\/","name":"Tractament amb ventoses a Barcelona i Vic | Cl\u00ednica Legorburu","isPartOf":{"@id":"https:\/\/www.acupuntura-legorburu.com\/#website"},"primaryImageOfPage":{"@id":"https:\/\/www.acupuntura-legorburu.com\/ca\/ventoses\/#primaryimage"},"image":{"@id":"https:\/\/www.acupuntura-legorburu.com\/ca\/ventoses\/#primaryimage"},"thumbnailUrl":"http:\/\/www.acupuntura-legorburu.com\/wp-content\/uploads\/2013\/04\/Acupuntura_Margarita_Legorburu_Ventosas_1.jpg","datePublished":"2013-06-09T22:43:13+00:00","dateModified":"2017-07-28T15:32:22+00:00","description":"El tractament amb ventoses ajuda a reduir el dolor en zones determinades. Descobreix m\u00e9s sobre aquest tractament realitzat per Cl\u00ednica Acupuntura Legorburu.","breadcrumb":{"@id":"https:\/\/www.acupuntura-legorburu.com\/ca\/ventoses\/#breadcrumb"},"inLanguage":"ca","potentialAction":[{"@type":"ReadAction","target":["https:\/\/www.acupuntura-legorburu.com\/ca\/ventoses\/"]}]},{"@type":"ImageObject","inLanguage":"ca","@id":"https:\/\/www.acupuntura-legorburu.com\/ca\/ventoses\/#primaryimage","url":"http:\/\/www.acupuntura-legorburu.com\/wp-content\/uploads\/2013\/04\/Acupuntura_Margarita_Legorburu_Ventosas_1.jpg","contentUrl":"http:\/\/www.acupuntura-legorburu.com\/wp-content\/uploads\/2013\/04\/Acupuntura_Margarita_Legorburu_Ventosas_1.jpg"},{"@type":"BreadcrumbList","@id":"https:\/\/www.acupuntura-legorburu.com\/ca\/ventoses\/#breadcrumb","itemListElement":[{"@type":"ListItem","position":1,"name":"Portada","item":"https:\/\/www.acupuntura-legorburu.com\/ca\/"},{"@type":"ListItem","position":2,"name":"Ventoses"}]},{"@type":"WebSite","@id":"https:\/\/www.acupuntura-legorburu.com\/#website","url":"https:\/\/www.acupuntura-legorburu.com\/","name":"","description":"","potentialAction":[{"@type":"SearchAction","target":{"@type":"EntryPoint","urlTemplate":"https:\/\/www.acupuntura-legorburu.com\/?s={search_term_string}"},"query-input":{"@type":"PropertyValueSpecification","valueRequired":true,"valueName":"search_term_string"}}],"inLanguage":"ca"}]}},"_links":{"self":[{"href":"https:\/\/www.acupuntura-legorburu.com\/ca\/wp-json\/wp\/v2\/pages\/840","targetHints":{"allow":["GET"]}}],"collection":[{"href":"https:\/\/www.acupuntura-legorburu.com\/ca\/wp-json\/wp\/v2\/pages"}],"about":[{"href":"https:\/\/www.acupuntura-legorburu.com\/ca\/wp-json\/wp\/v2\/types\/page"}],"author":[{"embeddable":true,"href":"https:\/\/www.acupuntura-legorburu.com\/ca\/wp-json\/wp\/v2\/users\/1"}],"replies":[{"embeddable":true,"href":"https:\/\/www.acupuntura-legorburu.com\/ca\/wp-json\/wp\/v2\/comments?post=840"}],"version-history":[{"count":14,"href":"https:\/\/www.acupuntura-legorburu.com\/ca\/wp-json\/wp\/v2\/pages\/840\/revisions"}],"predecessor-version":[{"id":7450,"href":"https:\/\/www.acupuntura-legorburu.com\/ca\/wp-json\/wp\/v2\/pages\/840\/revisions\/7450"}],"wp:attachment":[{"href":"https:\/\/www.acupuntura-legorburu.com\/ca\/wp-json\/wp\/v2\/media?parent=840"}],"curies":[{"name":"wp","href":"https:\/\/api.w.org\/{rel}","templated":true}]}}