{"id":832,"date":"2013-06-09T22:40:01","date_gmt":"2013-06-09T22:40:01","guid":{"rendered":"http:\/\/www.acupuntura-legorburu.com\/web\/?page_id=832"},"modified":"2017-07-28T13:12:00","modified_gmt":"2017-07-28T11:12:00","slug":"moxibustio","status":"publish","type":"page","link":"https:\/\/www.acupuntura-legorburu.com\/ca\/moxibustio\/","title":{"rendered":"Moxibusti\u00f3"},"content":{"rendered":"<h1>Tractaments amb Moxibusti\u00f3 als centres d\u2019Acupuntura Legorburu<\/h1>\n<p>En els nostres centres ubicats a Barcelona i Vic, aplicarem la Moxibusti\u00f3 (t\u00e8cnica de medicina tradicional xinesa) en els casos concrets que es considerin necessaris<\/p>\n<p><a href=\"https:\/\/www.acupuntura-legorburu.com\/ca\/tractaments\/\">Consulta els tractaments que t\u2019oferim a la Cl\u00ednica d\u2019Acupuntura Legorburu.<\/a><\/p>\n<p>Tens algun dubte o consulta sobre la t\u00e8cnica de Moxibusti\u00f3 i en quins tractaments l\u2019apliquem? <a href=\"https:\/\/www.acupuntura-legorburu.com\/ca\/contacte\/\">Contacta amb la Cl\u00ednica d\u2019Acupuntura Legorburu<\/a>, estarem encantats d\u2019atendre\u2019t.<\/p>\n<h2>Qu\u00e8 \u00e9s la moxibusti\u00f3?<\/h2>\n<h1><a href=\"http:\/\/www.acupuntura-legorburu.com\/wp-content\/uploads\/2013\/04\/Acupuntura_legorburu_Moxibustion.jpg\"><img decoding=\"async\" class=\"size-full wp-image-630 alignright\" style=\"margin: 20px;\" title=\"t\u00e8cnica de moxibusti\u00f3\" src=\"http:\/\/www.acupuntura-legorburu.com\/wp-content\/uploads\/2013\/04\/Acupuntura_legorburu_Moxibustion.jpg\" alt=\"t\u00e8cnica de moxibusti\u00f3\" width=\"369\" height=\"369\" srcset=\"https:\/\/www.acupuntura-legorburu.com\/wp-content\/uploads\/2013\/04\/Acupuntura_legorburu_Moxibustion-36x36.jpg 36w, https:\/\/www.acupuntura-legorburu.com\/wp-content\/uploads\/2013\/04\/Acupuntura_legorburu_Moxibustion-60x60.jpg 60w, https:\/\/www.acupuntura-legorburu.com\/wp-content\/uploads\/2013\/04\/Acupuntura_legorburu_Moxibustion-75x75.jpg 75w, https:\/\/www.acupuntura-legorburu.com\/wp-content\/uploads\/2013\/04\/Acupuntura_legorburu_Moxibustion-150x150.jpg 150w, https:\/\/www.acupuntura-legorburu.com\/wp-content\/uploads\/2013\/04\/Acupuntura_legorburu_Moxibustion-300x300.jpg 300w, https:\/\/www.acupuntura-legorburu.com\/wp-content\/uploads\/2013\/04\/Acupuntura_legorburu_Moxibustion.jpg 369w\" sizes=\"(max-width: 369px) 100vw, 369px\" \/><\/a><\/h1>\n<p><span class=\"hps\" style=\"text-align: justify;\">La <strong>moxibusti\u00f3<\/strong> \u00e9s una t\u00e8cnica que forma part de la <strong>Medicina Tradicional Xinesa.<\/strong><\/span><\/p>\n<p><span class=\"hps\" style=\"text-align: justify;\">\u00c9s una de les t\u00e8cniques principals que fem servir com a complement de l\u2019acupuntura de manera habitual. En alguns casos puntuals es pot utilitzar com a ter\u00e0pia per si mateixa.<\/span><\/p>\n<p><span class=\"hps\" style=\"text-align: justify;\">La moxibusti\u00f3 tracta i prev\u00e9 les malalties mitjan\u00e7ant aplicaci\u00f3 de calor en llocs del cos hum\u00e0.<\/span><\/p>\n<p><span class=\"hps\" style=\"text-align: justify;\">El material que farem servir per aix\u00f2 \u00e9s la \u201cmoxa\u201c en forma de bastons o cons.<\/span><\/p>\n<p><span class=\"hps\" style=\"text-align: justify;\">La moxa, aquesta feta d\u2019Artemisa Vulgaris. Aquesta moxa viatjar\u00e0 a trav\u00e9s dels meridians per regular sang i energia. Per expulsar el fred i la humitat, per regular la menstruaci\u00f3 i relaxar el fetus, etc. Existeixen moltes aplicacions m\u00e9s. <\/span><\/p>\n<p><span class=\"hps\" style=\"text-align: justify;\">L\u2019energia Yang que ens proporciona la moxa, \u00e9s fonamental en el cos hum\u00e0. Aquesta, aplicada en punts concrets revitalitza i tonifica les defenses.<\/span><\/p>\n<p><span class=\"hps\" style=\"text-align: justify;\">La moxa, no acostumem a aplicar-la directament en el cos, sin\u00f3 que l\u2019acostem quan \u00e9s en forma de bast\u00f3 prou perqu\u00e8 penetri, per\u00f2 sense cremar la pell.<\/span><\/p>\n<p><span class=\"hps\" style=\"text-align: justify;\">Els cons de moxa, tampoc s\u2019apliquen directament sobre de la pell, sin\u00f3 que estan a\u00efllats de la mateixa amb 4 tipus de materials: gingebre, all, ac\u00f2nit o sal.<\/span><\/p>\n<h2>Algunes aplicacions de la Moxibusti\u00f3<\/h2>\n<p>Aquesta t\u00e8cnica de medicina tradicional xinesa s\u2019aplica en casos concrets i amb una finalitat determinada.<\/p>\n<p>Per exemple la sal se sol utilitzar al melic. Omplim el melic de sal fins a la vora, i apliquem la moxa. \u00c9s d\u2019una utilitat espectacular per tallar diarrees, v\u00f2mits i dolors abdominals.<\/p>\n<p>Tamb\u00e9 existeix la modalitat d\u2019aplicar la moxa a trav\u00e9s de l\u2019agulla d\u2019acupuntura. Emboliquem el m\u00e0nec de l\u2019agulla amb un tros de moxa i s\u2019enc\u00e9n fins que la calor transcorre a trav\u00e9s de l\u2019agulla i entri al punt desitjat.<\/p>\n<p>Amb un tractament de moxibusti\u00f3 en punts amb influ\u00e8ncia en l\u2019\u00fater, podem tenir la gran satisfacci\u00f3 de corregir una malposici\u00f3 fetal i estalviar una ces\u00e0ria a la futura mare.<br \/>\n&nbsp;<\/p>\n","protected":false},"excerpt":{"rendered":"<p>Tractaments amb Moxibusti\u00f3 als centres d\u2019Acupuntura Legorburu En els nostres centres ubicats a Barcelona i Vic, aplicarem la Moxibusti\u00f3 (t\u00e8cnica de medicina tradicional xinesa) en els casos concrets que es considerin necessaris Consulta els tractaments que t\u2019oferim a la [&#8230;]<\/p>\n","protected":false},"author":1,"featured_media":0,"parent":0,"menu_order":0,"comment_status":"open","ping_status":"open","template":"","meta":{"ngg_post_thumbnail":0,"_joinchat":[],"footnotes":""},"class_list":["post-832","page","type-page","status-publish","hentry"],"yoast_head":"<!-- This site is optimized with the Yoast SEO plugin v27.0 - https:\/\/yoast.com\/product\/yoast-seo-wordpress\/ -->\n<title>Moxibusti\u00f3 | T\u00e8cnica de la medicina tradicional xinesa, la moxibusti\u00f3<\/title>\n<meta name=\"description\" content=\"La t\u00e8cnica de medicina tradicional xinesa, la moxibusti\u00f3, \u00e9s un complement a l&#039;acupuntura. Trata i preveu malalties mitjan\u00e7ant la aplicaci\u00f3 de calor.\" \/>\n<meta name=\"robots\" content=\"index, follow, max-snippet:-1, max-image-preview:large, max-video-preview:-1\" \/>\n<link rel=\"canonical\" href=\"https:\/\/www.acupuntura-legorburu.com\/ca\/moxibustio\/\" \/>\n<meta property=\"og:locale\" content=\"ca_ES\" \/>\n<meta property=\"og:type\" content=\"article\" \/>\n<meta property=\"og:title\" content=\"Moxibusti\u00f3 | T\u00e8cnica de la medicina tradicional xinesa, la moxibusti\u00f3\" \/>\n<meta property=\"og:description\" content=\"La t\u00e8cnica de medicina tradicional xinesa, la moxibusti\u00f3, \u00e9s un complement a l&#039;acupuntura. Trata i preveu malalties mitjan\u00e7ant la aplicaci\u00f3 de calor.\" \/>\n<meta property=\"og:url\" content=\"https:\/\/www.acupuntura-legorburu.com\/ca\/moxibustio\/\" \/>\n<meta property=\"article:publisher\" content=\"https:\/\/www.facebook.com\/pages\/Cl%c3%adnica-de-acupuntura-de-la-Dra-Margarita-Legorburu\/126630064083783?fref=ts\" \/>\n<meta property=\"article:modified_time\" content=\"2017-07-28T11:12:00+00:00\" \/>\n<meta property=\"og:image\" content=\"http:\/\/www.acupuntura-legorburu.com\/wp-content\/uploads\/2013\/04\/Acupuntura_legorburu_Moxibustion.jpg\" \/>\n<meta name=\"twitter:label1\" content=\"Temps estimat de lectura\" \/>\n\t<meta name=\"twitter:data1\" content=\"2 minuts\" \/>\n<script type=\"application\/ld+json\" class=\"yoast-schema-graph\">{\"@context\":\"https:\/\/schema.org\",\"@graph\":[{\"@type\":\"WebPage\",\"@id\":\"https:\/\/www.acupuntura-legorburu.com\/ca\/moxibustio\/\",\"url\":\"https:\/\/www.acupuntura-legorburu.com\/ca\/moxibustio\/\",\"name\":\"Moxibusti\u00f3 | T\u00e8cnica de la medicina tradicional xinesa, la moxibusti\u00f3\",\"isPartOf\":{\"@id\":\"https:\/\/www.acupuntura-legorburu.com\/#website\"},\"primaryImageOfPage\":{\"@id\":\"https:\/\/www.acupuntura-legorburu.com\/ca\/moxibustio\/#primaryimage\"},\"image\":{\"@id\":\"https:\/\/www.acupuntura-legorburu.com\/ca\/moxibustio\/#primaryimage\"},\"thumbnailUrl\":\"http:\/\/www.acupuntura-legorburu.com\/wp-content\/uploads\/2013\/04\/Acupuntura_legorburu_Moxibustion.jpg\",\"datePublished\":\"2013-06-09T22:40:01+00:00\",\"dateModified\":\"2017-07-28T11:12:00+00:00\",\"description\":\"La t\u00e8cnica de medicina tradicional xinesa, la moxibusti\u00f3, \u00e9s un complement a l'acupuntura. Trata i preveu malalties mitjan\u00e7ant la aplicaci\u00f3 de calor.\",\"breadcrumb\":{\"@id\":\"https:\/\/www.acupuntura-legorburu.com\/ca\/moxibustio\/#breadcrumb\"},\"inLanguage\":\"ca\",\"potentialAction\":[{\"@type\":\"ReadAction\",\"target\":[\"https:\/\/www.acupuntura-legorburu.com\/ca\/moxibustio\/\"]}]},{\"@type\":\"ImageObject\",\"inLanguage\":\"ca\",\"@id\":\"https:\/\/www.acupuntura-legorburu.com\/ca\/moxibustio\/#primaryimage\",\"url\":\"http:\/\/www.acupuntura-legorburu.com\/wp-content\/uploads\/2013\/04\/Acupuntura_legorburu_Moxibustion.jpg\",\"contentUrl\":\"http:\/\/www.acupuntura-legorburu.com\/wp-content\/uploads\/2013\/04\/Acupuntura_legorburu_Moxibustion.jpg\"},{\"@type\":\"BreadcrumbList\",\"@id\":\"https:\/\/www.acupuntura-legorburu.com\/ca\/moxibustio\/#breadcrumb\",\"itemListElement\":[{\"@type\":\"ListItem\",\"position\":1,\"name\":\"Portada\",\"item\":\"https:\/\/www.acupuntura-legorburu.com\/ca\/\"},{\"@type\":\"ListItem\",\"position\":2,\"name\":\"Moxibusti\u00f3\"}]},{\"@type\":\"WebSite\",\"@id\":\"https:\/\/www.acupuntura-legorburu.com\/#website\",\"url\":\"https:\/\/www.acupuntura-legorburu.com\/\",\"name\":\"\",\"description\":\"\",\"potentialAction\":[{\"@type\":\"SearchAction\",\"target\":{\"@type\":\"EntryPoint\",\"urlTemplate\":\"https:\/\/www.acupuntura-legorburu.com\/?s={search_term_string}\"},\"query-input\":{\"@type\":\"PropertyValueSpecification\",\"valueRequired\":true,\"valueName\":\"search_term_string\"}}],\"inLanguage\":\"ca\"}]}<\/script>\n<!-- \/ Yoast SEO plugin. -->","yoast_head_json":{"title":"Moxibusti\u00f3 | T\u00e8cnica de la medicina tradicional xinesa, la moxibusti\u00f3","description":"La t\u00e8cnica de medicina tradicional xinesa, la moxibusti\u00f3, \u00e9s un complement a l'acupuntura. Trata i preveu malalties mitjan\u00e7ant la aplicaci\u00f3 de calor.","robots":{"index":"index","follow":"follow","max-snippet":"max-snippet:-1","max-image-preview":"max-image-preview:large","max-video-preview":"max-video-preview:-1"},"canonical":"https:\/\/www.acupuntura-legorburu.com\/ca\/moxibustio\/","og_locale":"ca_ES","og_type":"article","og_title":"Moxibusti\u00f3 | T\u00e8cnica de la medicina tradicional xinesa, la moxibusti\u00f3","og_description":"La t\u00e8cnica de medicina tradicional xinesa, la moxibusti\u00f3, \u00e9s un complement a l'acupuntura. Trata i preveu malalties mitjan\u00e7ant la aplicaci\u00f3 de calor.","og_url":"https:\/\/www.acupuntura-legorburu.com\/ca\/moxibustio\/","article_publisher":"https:\/\/www.facebook.com\/pages\/Cl%c3%adnica-de-acupuntura-de-la-Dra-Margarita-Legorburu\/126630064083783?fref=ts","article_modified_time":"2017-07-28T11:12:00+00:00","og_image":[{"url":"http:\/\/www.acupuntura-legorburu.com\/wp-content\/uploads\/2013\/04\/Acupuntura_legorburu_Moxibustion.jpg","type":"","width":"","height":""}],"twitter_misc":{"Temps estimat de lectura":"2 minuts"},"schema":{"@context":"https:\/\/schema.org","@graph":[{"@type":"WebPage","@id":"https:\/\/www.acupuntura-legorburu.com\/ca\/moxibustio\/","url":"https:\/\/www.acupuntura-legorburu.com\/ca\/moxibustio\/","name":"Moxibusti\u00f3 | T\u00e8cnica de la medicina tradicional xinesa, la moxibusti\u00f3","isPartOf":{"@id":"https:\/\/www.acupuntura-legorburu.com\/#website"},"primaryImageOfPage":{"@id":"https:\/\/www.acupuntura-legorburu.com\/ca\/moxibustio\/#primaryimage"},"image":{"@id":"https:\/\/www.acupuntura-legorburu.com\/ca\/moxibustio\/#primaryimage"},"thumbnailUrl":"http:\/\/www.acupuntura-legorburu.com\/wp-content\/uploads\/2013\/04\/Acupuntura_legorburu_Moxibustion.jpg","datePublished":"2013-06-09T22:40:01+00:00","dateModified":"2017-07-28T11:12:00+00:00","description":"La t\u00e8cnica de medicina tradicional xinesa, la moxibusti\u00f3, \u00e9s un complement a l'acupuntura. Trata i preveu malalties mitjan\u00e7ant la aplicaci\u00f3 de calor.","breadcrumb":{"@id":"https:\/\/www.acupuntura-legorburu.com\/ca\/moxibustio\/#breadcrumb"},"inLanguage":"ca","potentialAction":[{"@type":"ReadAction","target":["https:\/\/www.acupuntura-legorburu.com\/ca\/moxibustio\/"]}]},{"@type":"ImageObject","inLanguage":"ca","@id":"https:\/\/www.acupuntura-legorburu.com\/ca\/moxibustio\/#primaryimage","url":"http:\/\/www.acupuntura-legorburu.com\/wp-content\/uploads\/2013\/04\/Acupuntura_legorburu_Moxibustion.jpg","contentUrl":"http:\/\/www.acupuntura-legorburu.com\/wp-content\/uploads\/2013\/04\/Acupuntura_legorburu_Moxibustion.jpg"},{"@type":"BreadcrumbList","@id":"https:\/\/www.acupuntura-legorburu.com\/ca\/moxibustio\/#breadcrumb","itemListElement":[{"@type":"ListItem","position":1,"name":"Portada","item":"https:\/\/www.acupuntura-legorburu.com\/ca\/"},{"@type":"ListItem","position":2,"name":"Moxibusti\u00f3"}]},{"@type":"WebSite","@id":"https:\/\/www.acupuntura-legorburu.com\/#website","url":"https:\/\/www.acupuntura-legorburu.com\/","name":"","description":"","potentialAction":[{"@type":"SearchAction","target":{"@type":"EntryPoint","urlTemplate":"https:\/\/www.acupuntura-legorburu.com\/?s={search_term_string}"},"query-input":{"@type":"PropertyValueSpecification","valueRequired":true,"valueName":"search_term_string"}}],"inLanguage":"ca"}]}},"_links":{"self":[{"href":"https:\/\/www.acupuntura-legorburu.com\/ca\/wp-json\/wp\/v2\/pages\/832","targetHints":{"allow":["GET"]}}],"collection":[{"href":"https:\/\/www.acupuntura-legorburu.com\/ca\/wp-json\/wp\/v2\/pages"}],"about":[{"href":"https:\/\/www.acupuntura-legorburu.com\/ca\/wp-json\/wp\/v2\/types\/page"}],"author":[{"embeddable":true,"href":"https:\/\/www.acupuntura-legorburu.com\/ca\/wp-json\/wp\/v2\/users\/1"}],"replies":[{"embeddable":true,"href":"https:\/\/www.acupuntura-legorburu.com\/ca\/wp-json\/wp\/v2\/comments?post=832"}],"version-history":[{"count":15,"href":"https:\/\/www.acupuntura-legorburu.com\/ca\/wp-json\/wp\/v2\/pages\/832\/revisions"}],"predecessor-version":[{"id":7440,"href":"https:\/\/www.acupuntura-legorburu.com\/ca\/wp-json\/wp\/v2\/pages\/832\/revisions\/7440"}],"wp:attachment":[{"href":"https:\/\/www.acupuntura-legorburu.com\/ca\/wp-json\/wp\/v2\/media?parent=832"}],"curies":[{"name":"wp","href":"https:\/\/api.w.org\/{rel}","templated":true}]}}