{"id":830,"date":"2013-06-09T22:39:24","date_gmt":"2013-06-09T22:39:24","guid":{"rendered":"http:\/\/www.acupuntura-legorburu.com\/web\/?page_id=830"},"modified":"2017-05-15T12:30:16","modified_gmt":"2017-05-15T10:30:16","slug":"medicina-general","status":"publish","type":"page","link":"https:\/\/www.acupuntura-legorburu.com\/ca\/medicina-general\/","title":{"rendered":"Medicina general"},"content":{"rendered":"<h1 style=\"text-align: justify;\"><\/h1>\n<h1>Medicina General<\/h1>\n<p>&nbsp;<\/p>\n<h1 style=\"text-align: justify;\"><a href=\"http:\/\/www.acupuntura-legorburu.com\/wp-content\/uploads\/2013\/04\/Acupuntura_Margarita_Legorburu_Medicina_General1.jpg\"><img decoding=\"async\" class=\"size-full wp-image-660 alignright\" style=\"margin: 20px;\" title=\"Consulta de Medicina General\" src=\"http:\/\/www.acupuntura-legorburu.com\/wp-content\/uploads\/2013\/04\/Acupuntura_Margarita_Legorburu_Medicina_General1.jpg\" alt=\"Consulta de Medicina General\" width=\"369\" height=\"369\" srcset=\"https:\/\/www.acupuntura-legorburu.com\/wp-content\/uploads\/2013\/04\/Acupuntura_Margarita_Legorburu_Medicina_General1-36x36.jpg 36w, https:\/\/www.acupuntura-legorburu.com\/wp-content\/uploads\/2013\/04\/Acupuntura_Margarita_Legorburu_Medicina_General1-60x60.jpg 60w, https:\/\/www.acupuntura-legorburu.com\/wp-content\/uploads\/2013\/04\/Acupuntura_Margarita_Legorburu_Medicina_General1-75x75.jpg 75w, https:\/\/www.acupuntura-legorburu.com\/wp-content\/uploads\/2013\/04\/Acupuntura_Margarita_Legorburu_Medicina_General1-150x150.jpg 150w, https:\/\/www.acupuntura-legorburu.com\/wp-content\/uploads\/2013\/04\/Acupuntura_Margarita_Legorburu_Medicina_General1-300x300.jpg 300w, https:\/\/www.acupuntura-legorburu.com\/wp-content\/uploads\/2013\/04\/Acupuntura_Margarita_Legorburu_Medicina_General1.jpg 369w\" sizes=\"(max-width: 369px) 100vw, 369px\" \/><\/a><\/h1>\n<p style=\"text-align: justify;\"><span id=\"result_box\" lang=\"ca\"><span class=\"hps\">Medicina<\/span> <span class=\"hps\">\u00e9s<\/span> <span class=\"hps\">un terme<\/span> <span class=\"hps\">que prov\u00e9<\/span> <span class=\"hps\">del llat\u00ed<\/span>, <span class=\"hps\">que seria<\/span> <span class=\"hps\">equiparable a<\/span>: <strong><span class=\"hps\">Art de<\/span> <span class=\"hps\">curar<\/span>.<\/strong><\/span><\/p>\n<p style=\"text-align: justify;\"><span class=\"hps\">Medicina \u00e9s la<\/span> <span class=\"hps\">branca de la<\/span> <span class=\"hps\">ci\u00e8ncia de la<\/span> <span class=\"hps\">salut<\/span> <span class=\"hps\">que s&#8217;ocupa<\/span> <span class=\"hps\">del diagn\u00f2stic<\/span> <span class=\"hps\">i<\/span> <span class=\"hps\">tractament<\/span> <span class=\"hps\">de les<\/span> <span class=\"hps\">malalties<\/span> <span class=\"hps\">per mantenir o<\/span> <span class=\"hps\">restablir la<\/span> <span class=\"hps\">salut<\/span> <span class=\"hps\">humana<\/span> <span class=\"hps\">i<\/span> <span class=\"hps\">tamb\u00e9<\/span> <span class=\"hps\">establir un<\/span> <span class=\"hps\">pron\u00f2stic en<\/span> <span class=\"hps\">cas<\/span> <span class=\"hps\">de malaltia<\/span>.<\/p>\n<p style=\"text-align: justify;\"><span class=\"hps\">Abasta<\/span> <span class=\"hps\">ci\u00e8ncia<\/span>, <span class=\"hps\">prevenci\u00f3 i cura de<\/span> <span class=\"hps\">les<\/span> <span class=\"hps\">malalties<\/span> <span class=\"hps\">humanes<\/span>.<\/p>\n<p style=\"text-align: justify;\"><span class=\"hps\">En el nostre<\/span> <span class=\"hps\">consultori<\/span> <span class=\"hps\">practiquem<\/span> <span class=\"hps\">la medicina<\/span> <span class=\"hps\">general en el sentit<\/span> <span class=\"hps\">m\u00e9s<\/span> <span class=\"hps\">ampli,<\/span> <span class=\"hps\">ja<\/span> <span class=\"hps\">que<\/span> al <span class=\"hps\">valorar a<\/span> <span class=\"hps\">cada pacient<\/span> <span class=\"hps\">com a \u00fanic<\/span> <span class=\"hps\">i<\/span> <span class=\"hps\">particular<\/span>, <span class=\"hps\">aplicarem<\/span> <span class=\"hps\">el que en cada<\/span> <span class=\"hps\">cas<\/span> <span class=\"hps\">creiem<\/span> <span class=\"hps\">m\u00e9s<\/span> <span class=\"hps\">indicat<\/span>.<\/p>\n<p style=\"text-align: justify;\"><span class=\"hps\">En molts<\/span> <span class=\"hps\">pacients el tractament<\/span> <span class=\"hps\">amb<\/span> <span class=\"hps\">acupuntura<\/span> <span class=\"hps\">ser\u00e0<\/span> <span class=\"hps\">el m\u00e9s<\/span> <span class=\"hps\">indicat<\/span> <span class=\"hps\">i<\/span> <span class=\"hps\">m\u00e9s<\/span> <span class=\"hps\">que suficient<\/span> <span class=\"hps\">per solucionar el<\/span> <span class=\"hps\">problema<\/span>. <span class=\"hps\">Altres<\/span> <span class=\"hps\">vindran<\/span> <span class=\"hps\">ja de la<\/span> <span class=\"hps\">medicina<\/span> <span class=\"hps\">tradicional sense<\/span> <span class=\"hps\">resultats<\/span> <span class=\"hps\">&#8230;<\/span> <span class=\"hps\">per\u00f2<\/span> <span class=\"hps\">en tots<\/span> <span class=\"hps\">els casos<\/span> <span class=\"hps\">indicarem<\/span> <span class=\"hps\">al pacient<\/span> <span class=\"hps\">com<\/span> <span class=\"hps\">creiem<\/span> <span class=\"hps\">necessari per al seu<\/span> <span class=\"hps\">tractament<\/span>.<\/p>\n<p style=\"text-align: justify;\"><span class=\"hps\">Veiem<\/span> <span class=\"hps\">tant<\/span> <span class=\"hps\">nens<\/span> <span class=\"hps\">com<\/span> <span class=\"hps\">adults<\/span>, <span class=\"hps\">tractaments<\/span> <span class=\"hps\">cr\u00f2nics<\/span> <span class=\"hps\">i<\/span> <span class=\"hps\">aguts<\/span>, <span class=\"hps\">preventius<\/span> <span class=\"hps\">i pal \u00b7 liatius<\/span>.<\/p>\n<p style=\"text-align: justify;\"><strong><span class=\"hps\">Medicina<\/span> <span class=\"hps\">nom\u00e9s<\/span> <span class=\"hps\">n&#8217;hi ha una:<\/span> <span class=\"hps\">la que cura<\/span>.<\/strong><\/p>\n","protected":false},"excerpt":{"rendered":"<p>Medicina General &nbsp; Medicina \u00e9s un terme que prov\u00e9 del llat\u00ed, que seria equiparable a: Art de curar. Medicina \u00e9s la branca de la ci\u00e8ncia de la salut que s&#8217;ocupa del diagn\u00f2stic i tractament de les malalties per mantenir [&#8230;]<\/p>\n","protected":false},"author":1,"featured_media":0,"parent":0,"menu_order":0,"comment_status":"open","ping_status":"open","template":"","meta":{"ngg_post_thumbnail":0,"_joinchat":[],"footnotes":""},"class_list":["post-830","page","type-page","status-publish","hentry"],"yoast_head":"<!-- This site is optimized with the Yoast SEO plugin v27.0 - https:\/\/yoast.com\/product\/yoast-seo-wordpress\/ -->\n<title>Medicina general -<\/title>\n<meta name=\"robots\" content=\"index, follow, max-snippet:-1, max-image-preview:large, max-video-preview:-1\" \/>\n<link rel=\"canonical\" href=\"https:\/\/www.acupuntura-legorburu.com\/ca\/medicina-general\/\" \/>\n<meta property=\"og:locale\" content=\"ca_ES\" \/>\n<meta property=\"og:type\" content=\"article\" \/>\n<meta property=\"og:title\" content=\"Medicina general -\" \/>\n<meta property=\"og:description\" content=\"Medicina General &nbsp; Medicina \u00e9s un terme que prov\u00e9 del llat\u00ed, que seria equiparable a: Art de curar. Medicina \u00e9s la branca de la ci\u00e8ncia de la salut que s&#8217;ocupa del diagn\u00f2stic i tractament de les malalties per mantenir [...]\" \/>\n<meta property=\"og:url\" content=\"https:\/\/www.acupuntura-legorburu.com\/ca\/medicina-general\/\" \/>\n<meta property=\"article:publisher\" content=\"https:\/\/www.facebook.com\/pages\/Cl%c3%adnica-de-acupuntura-de-la-Dra-Margarita-Legorburu\/126630064083783?fref=ts\" \/>\n<meta property=\"article:modified_time\" content=\"2017-05-15T10:30:16+00:00\" \/>\n<meta property=\"og:image\" content=\"http:\/\/www.acupuntura-legorburu.com\/wp-content\/uploads\/2013\/04\/Acupuntura_Margarita_Legorburu_Medicina_General1.jpg\" \/>\n<meta name=\"twitter:label1\" content=\"Temps estimat de lectura\" \/>\n\t<meta name=\"twitter:data1\" content=\"1 minut\" \/>\n<script type=\"application\/ld+json\" class=\"yoast-schema-graph\">{\"@context\":\"https:\/\/schema.org\",\"@graph\":[{\"@type\":\"WebPage\",\"@id\":\"https:\/\/www.acupuntura-legorburu.com\/ca\/medicina-general\/\",\"url\":\"https:\/\/www.acupuntura-legorburu.com\/ca\/medicina-general\/\",\"name\":\"Medicina general -\",\"isPartOf\":{\"@id\":\"https:\/\/www.acupuntura-legorburu.com\/#website\"},\"primaryImageOfPage\":{\"@id\":\"https:\/\/www.acupuntura-legorburu.com\/ca\/medicina-general\/#primaryimage\"},\"image\":{\"@id\":\"https:\/\/www.acupuntura-legorburu.com\/ca\/medicina-general\/#primaryimage\"},\"thumbnailUrl\":\"http:\/\/www.acupuntura-legorburu.com\/wp-content\/uploads\/2013\/04\/Acupuntura_Margarita_Legorburu_Medicina_General1.jpg\",\"datePublished\":\"2013-06-09T22:39:24+00:00\",\"dateModified\":\"2017-05-15T10:30:16+00:00\",\"breadcrumb\":{\"@id\":\"https:\/\/www.acupuntura-legorburu.com\/ca\/medicina-general\/#breadcrumb\"},\"inLanguage\":\"ca\",\"potentialAction\":[{\"@type\":\"ReadAction\",\"target\":[\"https:\/\/www.acupuntura-legorburu.com\/ca\/medicina-general\/\"]}]},{\"@type\":\"ImageObject\",\"inLanguage\":\"ca\",\"@id\":\"https:\/\/www.acupuntura-legorburu.com\/ca\/medicina-general\/#primaryimage\",\"url\":\"http:\/\/www.acupuntura-legorburu.com\/wp-content\/uploads\/2013\/04\/Acupuntura_Margarita_Legorburu_Medicina_General1.jpg\",\"contentUrl\":\"http:\/\/www.acupuntura-legorburu.com\/wp-content\/uploads\/2013\/04\/Acupuntura_Margarita_Legorburu_Medicina_General1.jpg\"},{\"@type\":\"BreadcrumbList\",\"@id\":\"https:\/\/www.acupuntura-legorburu.com\/ca\/medicina-general\/#breadcrumb\",\"itemListElement\":[{\"@type\":\"ListItem\",\"position\":1,\"name\":\"Portada\",\"item\":\"https:\/\/www.acupuntura-legorburu.com\/ca\/\"},{\"@type\":\"ListItem\",\"position\":2,\"name\":\"Medicina general\"}]},{\"@type\":\"WebSite\",\"@id\":\"https:\/\/www.acupuntura-legorburu.com\/#website\",\"url\":\"https:\/\/www.acupuntura-legorburu.com\/\",\"name\":\"\",\"description\":\"\",\"potentialAction\":[{\"@type\":\"SearchAction\",\"target\":{\"@type\":\"EntryPoint\",\"urlTemplate\":\"https:\/\/www.acupuntura-legorburu.com\/?s={search_term_string}\"},\"query-input\":{\"@type\":\"PropertyValueSpecification\",\"valueRequired\":true,\"valueName\":\"search_term_string\"}}],\"inLanguage\":\"ca\"}]}<\/script>\n<!-- \/ Yoast SEO plugin. -->","yoast_head_json":{"title":"Medicina general -","robots":{"index":"index","follow":"follow","max-snippet":"max-snippet:-1","max-image-preview":"max-image-preview:large","max-video-preview":"max-video-preview:-1"},"canonical":"https:\/\/www.acupuntura-legorburu.com\/ca\/medicina-general\/","og_locale":"ca_ES","og_type":"article","og_title":"Medicina general -","og_description":"Medicina General &nbsp; Medicina \u00e9s un terme que prov\u00e9 del llat\u00ed, que seria equiparable a: Art de curar. Medicina \u00e9s la branca de la ci\u00e8ncia de la salut que s&#8217;ocupa del diagn\u00f2stic i tractament de les malalties per mantenir [...]","og_url":"https:\/\/www.acupuntura-legorburu.com\/ca\/medicina-general\/","article_publisher":"https:\/\/www.facebook.com\/pages\/Cl%c3%adnica-de-acupuntura-de-la-Dra-Margarita-Legorburu\/126630064083783?fref=ts","article_modified_time":"2017-05-15T10:30:16+00:00","og_image":[{"url":"http:\/\/www.acupuntura-legorburu.com\/wp-content\/uploads\/2013\/04\/Acupuntura_Margarita_Legorburu_Medicina_General1.jpg","type":"","width":"","height":""}],"twitter_misc":{"Temps estimat de lectura":"1 minut"},"schema":{"@context":"https:\/\/schema.org","@graph":[{"@type":"WebPage","@id":"https:\/\/www.acupuntura-legorburu.com\/ca\/medicina-general\/","url":"https:\/\/www.acupuntura-legorburu.com\/ca\/medicina-general\/","name":"Medicina general -","isPartOf":{"@id":"https:\/\/www.acupuntura-legorburu.com\/#website"},"primaryImageOfPage":{"@id":"https:\/\/www.acupuntura-legorburu.com\/ca\/medicina-general\/#primaryimage"},"image":{"@id":"https:\/\/www.acupuntura-legorburu.com\/ca\/medicina-general\/#primaryimage"},"thumbnailUrl":"http:\/\/www.acupuntura-legorburu.com\/wp-content\/uploads\/2013\/04\/Acupuntura_Margarita_Legorburu_Medicina_General1.jpg","datePublished":"2013-06-09T22:39:24+00:00","dateModified":"2017-05-15T10:30:16+00:00","breadcrumb":{"@id":"https:\/\/www.acupuntura-legorburu.com\/ca\/medicina-general\/#breadcrumb"},"inLanguage":"ca","potentialAction":[{"@type":"ReadAction","target":["https:\/\/www.acupuntura-legorburu.com\/ca\/medicina-general\/"]}]},{"@type":"ImageObject","inLanguage":"ca","@id":"https:\/\/www.acupuntura-legorburu.com\/ca\/medicina-general\/#primaryimage","url":"http:\/\/www.acupuntura-legorburu.com\/wp-content\/uploads\/2013\/04\/Acupuntura_Margarita_Legorburu_Medicina_General1.jpg","contentUrl":"http:\/\/www.acupuntura-legorburu.com\/wp-content\/uploads\/2013\/04\/Acupuntura_Margarita_Legorburu_Medicina_General1.jpg"},{"@type":"BreadcrumbList","@id":"https:\/\/www.acupuntura-legorburu.com\/ca\/medicina-general\/#breadcrumb","itemListElement":[{"@type":"ListItem","position":1,"name":"Portada","item":"https:\/\/www.acupuntura-legorburu.com\/ca\/"},{"@type":"ListItem","position":2,"name":"Medicina general"}]},{"@type":"WebSite","@id":"https:\/\/www.acupuntura-legorburu.com\/#website","url":"https:\/\/www.acupuntura-legorburu.com\/","name":"","description":"","potentialAction":[{"@type":"SearchAction","target":{"@type":"EntryPoint","urlTemplate":"https:\/\/www.acupuntura-legorburu.com\/?s={search_term_string}"},"query-input":{"@type":"PropertyValueSpecification","valueRequired":true,"valueName":"search_term_string"}}],"inLanguage":"ca"}]}},"_links":{"self":[{"href":"https:\/\/www.acupuntura-legorburu.com\/ca\/wp-json\/wp\/v2\/pages\/830","targetHints":{"allow":["GET"]}}],"collection":[{"href":"https:\/\/www.acupuntura-legorburu.com\/ca\/wp-json\/wp\/v2\/pages"}],"about":[{"href":"https:\/\/www.acupuntura-legorburu.com\/ca\/wp-json\/wp\/v2\/types\/page"}],"author":[{"embeddable":true,"href":"https:\/\/www.acupuntura-legorburu.com\/ca\/wp-json\/wp\/v2\/users\/1"}],"replies":[{"embeddable":true,"href":"https:\/\/www.acupuntura-legorburu.com\/ca\/wp-json\/wp\/v2\/comments?post=830"}],"version-history":[{"count":11,"href":"https:\/\/www.acupuntura-legorburu.com\/ca\/wp-json\/wp\/v2\/pages\/830\/revisions"}],"predecessor-version":[{"id":3103,"href":"https:\/\/www.acupuntura-legorburu.com\/ca\/wp-json\/wp\/v2\/pages\/830\/revisions\/3103"}],"wp:attachment":[{"href":"https:\/\/www.acupuntura-legorburu.com\/ca\/wp-json\/wp\/v2\/media?parent=830"}],"curies":[{"name":"wp","href":"https:\/\/api.w.org\/{rel}","templated":true}]}}