{"id":827,"date":"2013-06-09T22:38:02","date_gmt":"2013-06-09T22:38:02","guid":{"rendered":"http:\/\/www.acupuntura-legorburu.com\/web\/?page_id=827"},"modified":"2021-12-17T18:07:12","modified_gmt":"2021-12-17T17:07:12","slug":"contacte","status":"publish","type":"page","link":"https:\/\/www.acupuntura-legorburu.com\/ca\/contacte\/","title":{"rendered":"Contacte"},"content":{"rendered":"<div class=\"fusion-fullwidth fullwidth-box fusion-builder-row-1 fusion-flex-container hundred-percent-fullwidth non-hundred-percent-height-scrolling\" style=\"--awb-border-radius-top-left:0px;--awb-border-radius-top-right:0px;--awb-border-radius-bottom-right:0px;--awb-border-radius-bottom-left:0px;--awb-overflow:visible;--awb-flex-wrap:wrap;\" ><div class=\"fusion-builder-row fusion-row fusion-flex-align-items-flex-start fusion-flex-content-wrap\" style=\"width:104% !important;max-width:104% !important;margin-left: calc(-4% \/ 2 );margin-right: calc(-4% \/ 2 );\"><div class=\"fusion-layout-column fusion_builder_column fusion-builder-column-0 fusion_builder_column_1_2 1_2 fusion-flex-column\" style=\"--awb-bg-blend:overlay;--awb-bg-size:cover;--awb-width-large:50%;--awb-margin-top-large:0px;--awb-spacing-right-large:3.84%;--awb-margin-bottom-large:20px;--awb-spacing-left-large:3.84%;--awb-width-medium:50%;--awb-spacing-right-medium:3.84%;--awb-spacing-left-medium:3.84%;--awb-width-small:100%;--awb-spacing-right-small:1.92%;--awb-spacing-left-small:1.92%;\"><div class=\"fusion-column-wrapper fusion-flex-justify-content-flex-start fusion-content-layout-column\"><div class=\"fusion-title title fusion-title-1 fusion-title-text fusion-title-size-two\" style=\"--awb-text-color:#c20500;\"><div class=\"title-sep-container title-sep-container-left fusion-no-large-visibility fusion-no-medium-visibility fusion-no-small-visibility\"><div class=\"title-sep sep-double sep-solid\" style=\"border-color:#e0dede;\"><\/div><\/div><span class=\"awb-title-spacer fusion-no-large-visibility fusion-no-medium-visibility fusion-no-small-visibility\"><\/span><h2 class=\"fusion-title-heading title-heading-left\" style=\"margin:0;text-transform:none;\">Consulta a Barcelona<\/h2><span class=\"awb-title-spacer\"><\/span><div class=\"title-sep-container title-sep-container-right\"><div class=\"title-sep sep-double sep-solid\" style=\"border-color:#e0dede;\"><\/div><\/div><\/div><div class=\"fusion-text fusion-text-1\"><p><strong>Adre\u00e7a:<\/strong> C\/ Sep\u00falveda, N\u00ba 93, 3\u00ba 1\u00aa<\/p>\n<p><strong>Tel\u00e8fons:<\/strong> Fitxe: 93 454 65 69 | M\u00f2bil: 683 24 30 48<\/p>\n<p><strong>Horari: <\/strong>Dilluns, dimecres i divendres a partir de les 15h.<\/p>\n<p><strong>Com arribar:<\/strong><br \/>\n<strong>Metro:<\/strong> Rocafort L1, Urgell L1 y Sant Antoni L2 \u00b7 \u2028<strong>Buses<\/strong>: 9 &#8211; 13 &#8211; 20 &#8211; 37 &#8211; 41 &#8211; 50 &#8211; 55 &#8211; 56 &#8211; 64 &#8211; 91 &#8211; 141 &#8211; L94 &#8211; L95<\/p>\n<\/div><div class=\"fusion-text fusion-text-2\"><p><iframe style=\"border: 0;\" src=\"https:\/\/www.google.com\/maps\/embed?pb=!1m18!1m12!1m3!1d2993.7392574307737!2d2.1555514154255735!3d41.37974937926494!2m3!1f0!2f0!3f0!3m2!1i1024!2i768!4f13.1!3m3!1m2!1s0x12a4a2625d9aa553%3A0x7081608bf968b164!2sCarrer+de+Sep%C3%BAlveda%2C+93%2C+08015+Barcelona!5e0!3m2!1ses!2ses!4v1476798059288\" allowfullscreen=\"allowfullscreen\" width=\"100%\" height=\"240\" frameborder=\"0\"><\/iframe><\/p>\n<\/div><div class=\"fusion-title title fusion-title-2 fusion-title-text fusion-title-size-two\" style=\"--awb-text-color:#c20500;\"><div class=\"title-sep-container title-sep-container-left fusion-no-large-visibility fusion-no-medium-visibility fusion-no-small-visibility\"><div class=\"title-sep sep-double sep-solid\" style=\"border-color:#e0dede;\"><\/div><\/div><span class=\"awb-title-spacer fusion-no-large-visibility fusion-no-medium-visibility fusion-no-small-visibility\"><\/span><h2 class=\"fusion-title-heading title-heading-left\" style=\"margin:0;text-transform:none;\">Consulta a Vic<\/h2><span class=\"awb-title-spacer\"><\/span><div class=\"title-sep-container title-sep-container-right\"><div class=\"title-sep sep-double sep-solid\" style=\"border-color:#e0dede;\"><\/div><\/div><\/div><div class=\"fusion-text fusion-text-3\"><p><strong>Cl\u00ednica Sant Josep<\/strong><\/p>\n<p><strong>Adre\u00e7a:<\/strong> C\/ Sant Segimon, N\u00ba3<\/p>\n<p><strong>Tel\u00e8fon:<\/strong> 93 886 17 00<\/p>\n<p><strong>Horari:<\/strong> Dijous de 9h a 19h.<\/p>\n<\/div><div class=\"fusion-text fusion-text-4\"><p><iframe style=\"border: 0;\" src=\"https:\/\/www.google.com\/maps\/embed?pb=!1m18!1m12!1m3!1d2968.282236496198!2d2.2585503512847187!3d41.929786270054635!2m3!1f0!2f0!3f0!3m2!1i1024!2i768!4f13.1!3m3!1m2!1s0x12a527070f99966d%3A0xf9308d4c19cc1d2e!2sCl%C3%ADnica+Sant+Josep!5e0!3m2!1ses!2ses!4v1476798155593\" allowfullscreen=\"allowfullscreen\" width=\"100%\" height=\"240\" frameborder=\"0\"><\/iframe><\/p>\n<\/div><div class=\"fusion-text fusion-text-5\"><p style=\"text-align: justify; font-size: 13px;\">* Les consultes online s\u00f3n molt limitades, \u00e9s a dir, que no substitueixen mai a la consulta presencial, constituint un complement a aquesta i sent necessari un seguiment pel seu metge habitual. Aix\u00ed mateix, no s&#8217;han d&#8217;utilitzar en cas d&#8217;emerg\u00e8ncia m\u00e8dica.<\/p>\n<p style=\"text-align: justify; font-size: 13px;\">El temps estimat de resposta ser\u00e0 d&#8217;un dia a partir del moment de la recepci\u00f3 del comentari. Gr\u00e0cies.<\/p>\n<\/div><\/div><\/div><div class=\"fusion-layout-column fusion_builder_column fusion-builder-column-1 fusion_builder_column_1_2 1_2 fusion-flex-column\" style=\"--awb-bg-blend:overlay;--awb-bg-size:cover;--awb-width-large:50%;--awb-margin-top-large:0px;--awb-spacing-right-large:3.84%;--awb-margin-bottom-large:20px;--awb-spacing-left-large:3.84%;--awb-width-medium:50%;--awb-spacing-right-medium:3.84%;--awb-spacing-left-medium:3.84%;--awb-width-small:100%;--awb-spacing-right-small:1.92%;--awb-spacing-left-small:1.92%;\"><div class=\"fusion-column-wrapper fusion-flex-justify-content-flex-start fusion-content-layout-column\"><div class=\"fusion-text fusion-text-6\"><p style=\"text-align: justify;\">Si desitja contactar per qualsevol consulta* o agafar cita, ho pot fer per mitj\u00e0 d&#8217;aquest formulari o enviant un email a <strong>info@acupuntura-legorburu.com<\/strong><\/p>\n<p style=\"text-align: justify;\">Salutaci\u00f3ns. Dra. Margarita de Leg\u00f3rburu Bella<\/p>\n<\/div>\n<div class=\"wpcf7 no-js\" id=\"wpcf7-f6477-o1\" lang=\"es-ES\" dir=\"ltr\" data-wpcf7-id=\"6477\">\n<div class=\"screen-reader-response\"><p role=\"status\" aria-live=\"polite\" aria-atomic=\"true\"><\/p> <ul><\/ul><\/div>\n<form action=\"\/ca\/wp-json\/wp\/v2\/pages\/827#wpcf7-f6477-o1\" method=\"post\" class=\"wpcf7-form init\" aria-label=\"Formulario de contacto\" novalidate=\"novalidate\" data-status=\"init\">\n<fieldset class=\"hidden-fields-container\"><input type=\"hidden\" name=\"_wpcf7\" value=\"6477\" \/><input type=\"hidden\" name=\"_wpcf7_version\" value=\"6.1.5\" \/><input type=\"hidden\" name=\"_wpcf7_locale\" value=\"es_ES\" \/><input type=\"hidden\" name=\"_wpcf7_unit_tag\" value=\"wpcf7-f6477-o1\" \/><input type=\"hidden\" name=\"_wpcf7_container_post\" value=\"0\" \/><input type=\"hidden\" name=\"_wpcf7_posted_data_hash\" value=\"\" \/><input type=\"hidden\" name=\"_wpcf7_recaptcha_response\" value=\"\" \/>\n<\/fieldset>\n<div class=\"wpcf7-turnstile cf-turnstile\" data-sitekey=\"0x4AAAAAACfHUOmBR5MEowpm\" data-response-field-name=\"_wpcf7_turnstile_response\"><\/div>\n\n<p><strong>Dades Personals:<\/strong>\n<\/p>\n<p>Nom (requerit)\n<\/p>\n<p><span class=\"wpcf7-form-control-wrap\" data-name=\"text-924\"><input size=\"40\" maxlength=\"400\" class=\"wpcf7-form-control wpcf7-text wpcf7-validates-as-required\" aria-required=\"true\" aria-invalid=\"false\" value=\"\" type=\"text\" name=\"text-924\" \/><\/span>\n<\/p>\n<p>Tel\u00e8fon (requerit)\n<\/p>\n<p><span class=\"wpcf7-form-control-wrap\" data-name=\"tel-633\"><input size=\"40\" maxlength=\"400\" class=\"wpcf7-form-control wpcf7-tel wpcf7-validates-as-required wpcf7-text wpcf7-validates-as-tel\" aria-required=\"true\" aria-invalid=\"false\" value=\"\" type=\"tel\" name=\"tel-633\" \/><\/span>\n<\/p>\n<p>Correu electr\u00f2nic (requerit)\n<\/p>\n<p><span class=\"wpcf7-form-control-wrap\" data-name=\"email-11\"><input size=\"40\" maxlength=\"400\" class=\"wpcf7-form-control wpcf7-email wpcf7-validates-as-required wpcf7-text wpcf7-validates-as-email\" aria-required=\"true\" aria-invalid=\"false\" value=\"\" type=\"email\" name=\"email-11\" \/><\/span>\n<\/p>\n<p><strong>\u00bfOn vol ser at\u00e8s a Barcelona o a Vic?<\/strong>\n<\/p>\n<p><strong>Consulta a Barcelona:<\/strong>\n<\/p>\n<p>Indiqui'ns quin dia prefereix Dilluns, Dimecres o Divendres.\n<\/p>\n<p><span class=\"wpcf7-form-control-wrap\" data-name=\"text-928\"><input size=\"40\" maxlength=\"400\" class=\"wpcf7-form-control wpcf7-text\" aria-invalid=\"false\" value=\"\" type=\"text\" name=\"text-928\" \/><\/span>\n<\/p>\n<p>Hora preferent \u00b7 A partir de les 15h:\n<\/p>\n<p><span class=\"wpcf7-form-control-wrap\" data-name=\"text-925\"><input size=\"40\" maxlength=\"400\" class=\"wpcf7-form-control wpcf7-text\" aria-invalid=\"false\" value=\"\" type=\"text\" name=\"text-925\" \/><\/span>\n<\/p>\n<p><strong>Consulta a Vic:<\/strong>\n<\/p>\n<p>Dijous dia:\n<\/p>\n<p><span class=\"wpcf7-form-control-wrap\" data-name=\"text-900\"><input size=\"40\" maxlength=\"400\" class=\"wpcf7-form-control wpcf7-text\" aria-invalid=\"false\" value=\"\" type=\"text\" name=\"text-900\" \/><\/span>\n<\/p>\n<p>Hora preferent \u00b7 Dijous horari continu de 9h a 19h:\n<\/p>\n<p><span class=\"wpcf7-form-control-wrap\" data-name=\"text-926\"><input size=\"40\" maxlength=\"400\" class=\"wpcf7-form-control wpcf7-text\" aria-invalid=\"false\" value=\"\" type=\"text\" name=\"text-926\" \/><\/span>\n<\/p>\n<p>Motiu de la visita (requerit)\n<\/p>\n<p><span class=\"wpcf7-form-control-wrap\" data-name=\"text-927\"><input size=\"40\" maxlength=\"400\" class=\"wpcf7-form-control wpcf7-text wpcf7-validates-as-required\" aria-required=\"true\" aria-invalid=\"false\" value=\"\" type=\"text\" name=\"text-927\" \/><\/span>\n<\/p>\n<p>Missatge\n<\/p>\n<p><span class=\"wpcf7-form-control-wrap\" data-name=\"textarea-515\"><textarea cols=\"40\" rows=\"10\" maxlength=\"2000\" class=\"wpcf7-form-control wpcf7-textarea\" aria-invalid=\"false\" name=\"textarea-515\"><\/textarea><\/span>\n<\/p>\n<p><span class=\"wpcf7-form-control-wrap\" data-name=\"acceptance-235\"><span class=\"wpcf7-form-control wpcf7-acceptance\"><span class=\"wpcf7-list-item\"><input type=\"checkbox\" name=\"acceptance-235\" value=\"1\" aria-invalid=\"false\" \/><\/span><\/span><\/span><a href=\"https:\/\/www.acupuntura-legorburu.com\/politica-de-privacidad\/\" target=\"_blank\" rel=\"noopener\">He llegit i accepto la pol\u00edtica de privacitat (Requerit)<\/a>\n<\/p>\n<p>Est\u00e0s d'acord amb l'enviament de comunicacions comercials?<br \/>\n<span class=\"wpcf7-form-control-wrap\" data-name=\"radio-90\"><span class=\"wpcf7-form-control wpcf7-radio\"><span class=\"wpcf7-list-item first\"><input type=\"radio\" name=\"radio-90\" value=\"Si\" \/><span class=\"wpcf7-list-item-label\">Si<\/span><\/span><span class=\"wpcf7-list-item last\"><input type=\"radio\" name=\"radio-90\" value=\"No\" \/><span class=\"wpcf7-list-item-label\">No<\/span><\/span><\/span><\/span>\n<\/p>\n<p><input class=\"wpcf7-form-control wpcf7-submit has-spinner\" type=\"submit\" value=\"Enviar\" \/>\n<\/p><p style=\"display: none !important;\" class=\"akismet-fields-container\" data-prefix=\"_wpcf7_ak_\"><label>&#916;<textarea name=\"_wpcf7_ak_hp_textarea\" cols=\"45\" rows=\"8\" maxlength=\"100\"><\/textarea><\/label><input type=\"hidden\" id=\"ak_js_1\" name=\"_wpcf7_ak_js\" value=\"134\"\/><script>document.getElementById( \"ak_js_1\" ).setAttribute( \"value\", ( new Date() ).getTime() );<\/script><\/p><div class=\"fusion-alert alert custom alert-custom fusion-alert-center wpcf7-response-output fusion-alert-capitalize awb-alert-native-link-color alert-dismissable awb-alert-close-boxed\" style=\"--awb-border-top-left-radius:0px;--awb-border-top-right-radius:0px;--awb-border-bottom-left-radius:0px;--awb-border-bottom-right-radius:0px;\" role=\"alert\"><div class=\"fusion-alert-content-wrapper\"><span class=\"fusion-alert-content\"><\/span><\/div><button type=\"button\" class=\"close toggle-alert\" data-dismiss=\"alert\" aria-label=\"Close\">&times;<\/button><\/div>\n<\/form>\n<\/div>\n<\/div><\/div><div class=\"fusion-layout-column fusion_builder_column fusion-builder-column-2 fusion_builder_column_1_1 1_1 fusion-flex-column\" style=\"--awb-bg-blend:overlay;--awb-bg-size:cover;--awb-width-large:100%;--awb-margin-top-large:0px;--awb-spacing-right-large:1.92%;--awb-margin-bottom-large:20px;--awb-spacing-left-large:1.92%;--awb-width-medium:100%;--awb-spacing-right-medium:1.92%;--awb-spacing-left-medium:1.92%;--awb-width-small:100%;--awb-spacing-right-small:1.92%;--awb-spacing-left-small:1.92%;\"><div class=\"fusion-column-wrapper fusion-flex-justify-content-flex-start fusion-content-layout-column\"><div class=\"fusion-separator fusion-full-width-sep\" style=\"align-self: center;margin-left: auto;margin-right: auto;margin-top:10px;width:100%;\"><div class=\"fusion-separator-border sep-double\" style=\"--awb-height:20px;--awb-amount:20px;--awb-sep-color:rgba(224,222,222,0);border-color:rgba(224,222,222,0);border-top-width:1px;border-bottom-width:1px;\"><\/div><\/div><div class=\"fusion-text fusion-text-7\" style=\"--awb-text-transform:none;\"><p style=\"font-size: 13px; text-align: center;\"><strong>RESPONSABLE DE TRACTAMENT:<\/strong> MARGARITA DE LEG\u00d2RBURU BELLA.<br \/>\n<strong>FINALITAT:<\/strong> On vol ser at\u00e8s l&#8217;Usuari i motiu de la consulta.<br \/>\n<strong>LEGITIMACI\u00d3:<\/strong> Consentiment de l&#8217;interessat.<br \/>\n<strong>CESSIONS:<\/strong> No es preveuen cessions, excepte per obligaci\u00f3 legal o requeriment judicial.<br \/>\n<strong>DRETS:<\/strong> Acc\u00e9s, rectificaci\u00f3, supressi\u00f3, oposici\u00f3, limitaci\u00f3, portabilitat, revocaci\u00f3 del consentiment. Si considereu que el tractament de les vostres dades no s&#8217;ajusta a la normativa, podeu acudir a l&#8217;Autoritat de control (<a href=\"http:\/\/www.aepd.es\/\" target=\"_blank\" rel=\"noopener\">www.aepd.es<\/a>).<br \/>\n<strong>INFORMACI\u00d3 ADDICIONAL:<\/strong> Consulta la nostra pol\u00edtica de privacitat.<\/p>\n<\/div><\/div><\/div><\/div><\/div>\n","protected":false},"excerpt":{"rendered":"","protected":false},"author":1,"featured_media":0,"parent":0,"menu_order":0,"comment_status":"open","ping_status":"open","template":"","meta":{"ngg_post_thumbnail":0,"_joinchat":[],"footnotes":""},"class_list":["post-827","page","type-page","status-publish","hentry"],"yoast_head":"<!-- This site is optimized with the Yoast SEO plugin v27.0 - https:\/\/yoast.com\/product\/yoast-seo-wordpress\/ -->\n<title>Clinica Acupuntura Legorburu | Contacte Barcelona i Vic<\/title>\n<meta name=\"description\" content=\"Oferim els nostres serveis d&#039;Acupuntura a Barcelona, C\/ Sep\u00falveda, 93 3\u00ba 1\u00aa, i a Vic, C\/ Sant Segimon, 3. Contacta amb nosaltres!\" \/>\n<meta name=\"robots\" content=\"index, follow, max-snippet:-1, max-image-preview:large, max-video-preview:-1\" \/>\n<link rel=\"canonical\" href=\"https:\/\/www.acupuntura-legorburu.com\/ca\/contacte\/\" \/>\n<meta property=\"og:locale\" content=\"ca_ES\" \/>\n<meta property=\"og:type\" content=\"article\" \/>\n<meta property=\"og:title\" content=\"Clinica Acupuntura Legorburu | Contacte Barcelona i Vic\" \/>\n<meta property=\"og:description\" content=\"Oferim els nostres serveis d&#039;Acupuntura a Barcelona, C\/ Sep\u00falveda, 93 3\u00ba 1\u00aa, i a Vic, C\/ Sant Segimon, 3. Contacta amb nosaltres!\" \/>\n<meta property=\"og:url\" content=\"https:\/\/www.acupuntura-legorburu.com\/ca\/contacte\/\" \/>\n<meta property=\"article:publisher\" content=\"https:\/\/www.facebook.com\/pages\/Cl%c3%adnica-de-acupuntura-de-la-Dra-Margarita-Legorburu\/126630064083783?fref=ts\" \/>\n<meta property=\"article:modified_time\" content=\"2021-12-17T17:07:12+00:00\" \/>\n<meta name=\"twitter:label1\" content=\"Temps estimat de lectura\" \/>\n\t<meta name=\"twitter:data1\" content=\"4 minuts\" \/>\n<script type=\"application\/ld+json\" class=\"yoast-schema-graph\">{\"@context\":\"https:\/\/schema.org\",\"@graph\":[{\"@type\":\"WebPage\",\"@id\":\"https:\/\/www.acupuntura-legorburu.com\/ca\/contacte\/\",\"url\":\"https:\/\/www.acupuntura-legorburu.com\/ca\/contacte\/\",\"name\":\"Clinica Acupuntura Legorburu | Contacte Barcelona i Vic\",\"isPartOf\":{\"@id\":\"https:\/\/www.acupuntura-legorburu.com\/#website\"},\"datePublished\":\"2013-06-09T22:38:02+00:00\",\"dateModified\":\"2021-12-17T17:07:12+00:00\",\"description\":\"Oferim els nostres serveis d'Acupuntura a Barcelona, C\/ Sep\u00falveda, 93 3\u00ba 1\u00aa, i a Vic, C\/ Sant Segimon, 3. Contacta amb nosaltres!\",\"breadcrumb\":{\"@id\":\"https:\/\/www.acupuntura-legorburu.com\/ca\/contacte\/#breadcrumb\"},\"inLanguage\":\"ca\",\"potentialAction\":[{\"@type\":\"ReadAction\",\"target\":[\"https:\/\/www.acupuntura-legorburu.com\/ca\/contacte\/\"]}]},{\"@type\":\"BreadcrumbList\",\"@id\":\"https:\/\/www.acupuntura-legorburu.com\/ca\/contacte\/#breadcrumb\",\"itemListElement\":[{\"@type\":\"ListItem\",\"position\":1,\"name\":\"Portada\",\"item\":\"https:\/\/www.acupuntura-legorburu.com\/ca\/\"},{\"@type\":\"ListItem\",\"position\":2,\"name\":\"Contacte\"}]},{\"@type\":\"WebSite\",\"@id\":\"https:\/\/www.acupuntura-legorburu.com\/#website\",\"url\":\"https:\/\/www.acupuntura-legorburu.com\/\",\"name\":\"\",\"description\":\"\",\"potentialAction\":[{\"@type\":\"SearchAction\",\"target\":{\"@type\":\"EntryPoint\",\"urlTemplate\":\"https:\/\/www.acupuntura-legorburu.com\/?s={search_term_string}\"},\"query-input\":{\"@type\":\"PropertyValueSpecification\",\"valueRequired\":true,\"valueName\":\"search_term_string\"}}],\"inLanguage\":\"ca\"}]}<\/script>\n<!-- \/ Yoast SEO plugin. -->","yoast_head_json":{"title":"Clinica Acupuntura Legorburu | Contacte Barcelona i Vic","description":"Oferim els nostres serveis d'Acupuntura a Barcelona, C\/ Sep\u00falveda, 93 3\u00ba 1\u00aa, i a Vic, C\/ Sant Segimon, 3. Contacta amb nosaltres!","robots":{"index":"index","follow":"follow","max-snippet":"max-snippet:-1","max-image-preview":"max-image-preview:large","max-video-preview":"max-video-preview:-1"},"canonical":"https:\/\/www.acupuntura-legorburu.com\/ca\/contacte\/","og_locale":"ca_ES","og_type":"article","og_title":"Clinica Acupuntura Legorburu | Contacte Barcelona i Vic","og_description":"Oferim els nostres serveis d'Acupuntura a Barcelona, C\/ Sep\u00falveda, 93 3\u00ba 1\u00aa, i a Vic, C\/ Sant Segimon, 3. Contacta amb nosaltres!","og_url":"https:\/\/www.acupuntura-legorburu.com\/ca\/contacte\/","article_publisher":"https:\/\/www.facebook.com\/pages\/Cl%c3%adnica-de-acupuntura-de-la-Dra-Margarita-Legorburu\/126630064083783?fref=ts","article_modified_time":"2021-12-17T17:07:12+00:00","twitter_misc":{"Temps estimat de lectura":"4 minuts"},"schema":{"@context":"https:\/\/schema.org","@graph":[{"@type":"WebPage","@id":"https:\/\/www.acupuntura-legorburu.com\/ca\/contacte\/","url":"https:\/\/www.acupuntura-legorburu.com\/ca\/contacte\/","name":"Clinica Acupuntura Legorburu | Contacte Barcelona i Vic","isPartOf":{"@id":"https:\/\/www.acupuntura-legorburu.com\/#website"},"datePublished":"2013-06-09T22:38:02+00:00","dateModified":"2021-12-17T17:07:12+00:00","description":"Oferim els nostres serveis d'Acupuntura a Barcelona, C\/ Sep\u00falveda, 93 3\u00ba 1\u00aa, i a Vic, C\/ Sant Segimon, 3. Contacta amb nosaltres!","breadcrumb":{"@id":"https:\/\/www.acupuntura-legorburu.com\/ca\/contacte\/#breadcrumb"},"inLanguage":"ca","potentialAction":[{"@type":"ReadAction","target":["https:\/\/www.acupuntura-legorburu.com\/ca\/contacte\/"]}]},{"@type":"BreadcrumbList","@id":"https:\/\/www.acupuntura-legorburu.com\/ca\/contacte\/#breadcrumb","itemListElement":[{"@type":"ListItem","position":1,"name":"Portada","item":"https:\/\/www.acupuntura-legorburu.com\/ca\/"},{"@type":"ListItem","position":2,"name":"Contacte"}]},{"@type":"WebSite","@id":"https:\/\/www.acupuntura-legorburu.com\/#website","url":"https:\/\/www.acupuntura-legorburu.com\/","name":"","description":"","potentialAction":[{"@type":"SearchAction","target":{"@type":"EntryPoint","urlTemplate":"https:\/\/www.acupuntura-legorburu.com\/?s={search_term_string}"},"query-input":{"@type":"PropertyValueSpecification","valueRequired":true,"valueName":"search_term_string"}}],"inLanguage":"ca"}]}},"_links":{"self":[{"href":"https:\/\/www.acupuntura-legorburu.com\/ca\/wp-json\/wp\/v2\/pages\/827","targetHints":{"allow":["GET"]}}],"collection":[{"href":"https:\/\/www.acupuntura-legorburu.com\/ca\/wp-json\/wp\/v2\/pages"}],"about":[{"href":"https:\/\/www.acupuntura-legorburu.com\/ca\/wp-json\/wp\/v2\/types\/page"}],"author":[{"embeddable":true,"href":"https:\/\/www.acupuntura-legorburu.com\/ca\/wp-json\/wp\/v2\/users\/1"}],"replies":[{"embeddable":true,"href":"https:\/\/www.acupuntura-legorburu.com\/ca\/wp-json\/wp\/v2\/comments?post=827"}],"version-history":[{"count":28,"href":"https:\/\/www.acupuntura-legorburu.com\/ca\/wp-json\/wp\/v2\/pages\/827\/revisions"}],"predecessor-version":[{"id":11495,"href":"https:\/\/www.acupuntura-legorburu.com\/ca\/wp-json\/wp\/v2\/pages\/827\/revisions\/11495"}],"wp:attachment":[{"href":"https:\/\/www.acupuntura-legorburu.com\/ca\/wp-json\/wp\/v2\/media?parent=827"}],"curies":[{"name":"wp","href":"https:\/\/api.w.org\/{rel}","templated":true}]}}