{"id":826,"date":"2013-06-09T22:36:59","date_gmt":"2013-06-09T22:36:59","guid":{"rendered":"http:\/\/www.acupuntura-legorburu.com\/web\/?page_id=826"},"modified":"2017-08-30T17:58:33","modified_gmt":"2017-08-30T15:58:33","slug":"sistema-nervios","status":"publish","type":"page","link":"https:\/\/www.acupuntura-legorburu.com\/ca\/tractaments\/sistema-nervios\/","title":{"rendered":"Sistema nervi\u00f3s"},"content":{"rendered":"<h1>&nbsp;Sistema nervi\u00f3s<a href=\"http:\/\/www.acupuntura-legorburu.com\/wp-content\/uploads\/2013\/04\/Acupuntura_Margarita_Legorburu_Sistema_Nervioso-copia.jpg\" target=\"_blank\" rel=\"noopener\"><img decoding=\"async\" class=\"size-full wp-image-759 alignright\" style=\"margin: 20px;\" title=\"Patologies del sistema nervi\u00f3s\" src=\"http:\/\/www.acupuntura-legorburu.com\/wp-content\/uploads\/2013\/04\/Acupuntura_Margarita_Legorburu_Sistema_Nervioso-copia.jpg\" alt=\"Patologies del sistema nervi\u00f3s\" width=\"369\" height=\"369\" srcset=\"https:\/\/www.acupuntura-legorburu.com\/wp-content\/uploads\/2013\/04\/Acupuntura_Margarita_Legorburu_Sistema_Nervioso-copia-36x36.jpg 36w, https:\/\/www.acupuntura-legorburu.com\/wp-content\/uploads\/2013\/04\/Acupuntura_Margarita_Legorburu_Sistema_Nervioso-copia-60x60.jpg 60w, https:\/\/www.acupuntura-legorburu.com\/wp-content\/uploads\/2013\/04\/Acupuntura_Margarita_Legorburu_Sistema_Nervioso-copia-75x75.jpg 75w, https:\/\/www.acupuntura-legorburu.com\/wp-content\/uploads\/2013\/04\/Acupuntura_Margarita_Legorburu_Sistema_Nervioso-copia-150x150.jpg 150w, https:\/\/www.acupuntura-legorburu.com\/wp-content\/uploads\/2013\/04\/Acupuntura_Margarita_Legorburu_Sistema_Nervioso-copia-300x300.jpg 300w, https:\/\/www.acupuntura-legorburu.com\/wp-content\/uploads\/2013\/04\/Acupuntura_Margarita_Legorburu_Sistema_Nervioso-copia.jpg 369w\" sizes=\"(max-width: 369px) 100vw, 369px\" \/><\/a><\/h1>\n<p>&nbsp;<\/p>\n<p>En la Cl\u00ednica Acupuntura Legorburu tractem diverses patologies del <strong>Sistema Nervi\u00f3s mitjan\u00e7ant Acupuntura o amb Medicina Tradicional Xinesa.<\/strong><\/p>\n<h2><strong>Patologies del Sistema Nervi\u00f3s tractades en Cl\u00ednica Acupuntura Legorburu:<\/strong><\/h2>\n<p>Mitjan\u00e7ant l&#8217;acupuntura i la medicina tradicional xinesa podem tractar diverses patologies per millorar el benestar dels nostres clients, algunes d&#8217;elles s\u00f3n:<\/p>\n<ul>\n<li>Ansietat i crisi de p\u00e0nic<\/li>\n<li>Estr\u00e8s<\/li>\n<li>Depressi\u00f3 i alteracions an\u00edmiques<\/li>\n<li>Insomni<\/li>\n<li>Tractament complementari en trastorns mentals cr\u00f2nics<\/li>\n<\/ul>\n<p>Els<strong> tractaments d&#8217;acupuntura<\/strong> tenen efectes molt beneficiosos per a aquest sistema.<\/p>\n<p>Segons la visi\u00f3 de la Medicina Tradicional Xinesa, les patologies d&#8217;aquest sistema impliquen a diversos elements habitualment. Solem veure alterada l&#8217;energia que afecta a fetge, al cor, a la melsa etc.<\/p>\n<p>En una versi\u00f3 occidental dels efectes<strong> beneficiosos de l&#8217;acupuntura en el sistema nervi\u00f3s<\/strong>, est\u00e0 comprovat que en inserir les petites agulles, molt r\u00e0pidament s&#8217;alliberen endorfines i les endorfines, s\u00f3n p\u00e8ptids opioides interns que funcionen com neurotransmissors produint relaxaci\u00f3 i sensaci\u00f3 de benestar.<\/p>\n<p>Desitja concertar una visita al nostre centre? Oferim els nostres serveis a Vic i Barcelona.<a href=\"https:\/\/www.acupuntura-legorburu.com\/ca\/contacte\/\"> Contacti amb la Cl\u00ednica Acupuntura Legorburu<\/a><\/p>\n<p style=\"text-align: justify;\">&nbsp;<\/p>\n<p style=\"text-align: justify;\">&nbsp;<\/p>\n","protected":false},"excerpt":{"rendered":"<p>&nbsp;Sistema nervi\u00f3s &nbsp; En la Cl\u00ednica Acupuntura Legorburu tractem diverses patologies del Sistema Nervi\u00f3s mitjan\u00e7ant Acupuntura o amb Medicina Tradicional Xinesa. Patologies del Sistema Nervi\u00f3s tractades en Cl\u00ednica Acupuntura Legorburu: Mitjan\u00e7ant l&#8217;acupuntura i la medicina tradicional xinesa podem tractar [&#8230;]<\/p>\n","protected":false},"author":1,"featured_media":0,"parent":1830,"menu_order":10,"comment_status":"open","ping_status":"closed","template":"","meta":{"ngg_post_thumbnail":0,"_joinchat":[],"footnotes":""},"class_list":["post-826","page","type-page","status-publish","hentry"],"yoast_head":"<!-- This site is optimized with the Yoast SEO plugin v27.0 - https:\/\/yoast.com\/product\/yoast-seo-wordpress\/ -->\n<title>Sistema nervi\u00f3s | Cl\u00ednica Acupuntura Legorburu a Barcelona i Vic<\/title>\n<meta name=\"description\" content=\"Tractem patologies del sistema nervi\u00f3s com a ansietat, estr\u00e8s, depressi\u00f3, insomni o crisi de p\u00e0nic. A trav\u00e9s d&#039;acupuntura i medicina tradicional xinesa.\" \/>\n<meta name=\"robots\" content=\"index, follow, max-snippet:-1, max-image-preview:large, max-video-preview:-1\" \/>\n<link rel=\"canonical\" href=\"https:\/\/www.acupuntura-legorburu.com\/ca\/tractaments\/sistema-nervios\/\" \/>\n<meta property=\"og:locale\" content=\"ca_ES\" \/>\n<meta property=\"og:type\" content=\"article\" \/>\n<meta property=\"og:title\" content=\"Sistema nervi\u00f3s | Cl\u00ednica Acupuntura Legorburu a Barcelona i Vic\" \/>\n<meta property=\"og:description\" content=\"Tractem patologies del sistema nervi\u00f3s com a ansietat, estr\u00e8s, depressi\u00f3, insomni o crisi de p\u00e0nic. A trav\u00e9s d&#039;acupuntura i medicina tradicional xinesa.\" \/>\n<meta property=\"og:url\" content=\"https:\/\/www.acupuntura-legorburu.com\/ca\/tractaments\/sistema-nervios\/\" \/>\n<meta property=\"article:publisher\" content=\"https:\/\/www.facebook.com\/pages\/Cl%c3%adnica-de-acupuntura-de-la-Dra-Margarita-Legorburu\/126630064083783?fref=ts\" \/>\n<meta property=\"article:modified_time\" content=\"2017-08-30T15:58:33+00:00\" \/>\n<meta property=\"og:image\" content=\"http:\/\/www.acupuntura-legorburu.com\/wp-content\/uploads\/2013\/04\/Acupuntura_Margarita_Legorburu_Sistema_Nervioso-copia.jpg\" \/>\n<meta name=\"twitter:label1\" content=\"Temps estimat de lectura\" \/>\n\t<meta name=\"twitter:data1\" content=\"1 minut\" \/>\n<script type=\"application\/ld+json\" class=\"yoast-schema-graph\">{\"@context\":\"https:\/\/schema.org\",\"@graph\":[{\"@type\":\"WebPage\",\"@id\":\"https:\/\/www.acupuntura-legorburu.com\/ca\/tractaments\/sistema-nervios\/\",\"url\":\"https:\/\/www.acupuntura-legorburu.com\/ca\/tractaments\/sistema-nervios\/\",\"name\":\"Sistema nervi\u00f3s | Cl\u00ednica Acupuntura Legorburu a Barcelona i Vic\",\"isPartOf\":{\"@id\":\"https:\/\/www.acupuntura-legorburu.com\/#website\"},\"primaryImageOfPage\":{\"@id\":\"https:\/\/www.acupuntura-legorburu.com\/ca\/tractaments\/sistema-nervios\/#primaryimage\"},\"image\":{\"@id\":\"https:\/\/www.acupuntura-legorburu.com\/ca\/tractaments\/sistema-nervios\/#primaryimage\"},\"thumbnailUrl\":\"http:\/\/www.acupuntura-legorburu.com\/wp-content\/uploads\/2013\/04\/Acupuntura_Margarita_Legorburu_Sistema_Nervioso-copia.jpg\",\"datePublished\":\"2013-06-09T22:36:59+00:00\",\"dateModified\":\"2017-08-30T15:58:33+00:00\",\"description\":\"Tractem patologies del sistema nervi\u00f3s com a ansietat, estr\u00e8s, depressi\u00f3, insomni o crisi de p\u00e0nic. A trav\u00e9s d'acupuntura i medicina tradicional xinesa.\",\"breadcrumb\":{\"@id\":\"https:\/\/www.acupuntura-legorburu.com\/ca\/tractaments\/sistema-nervios\/#breadcrumb\"},\"inLanguage\":\"ca\",\"potentialAction\":[{\"@type\":\"ReadAction\",\"target\":[\"https:\/\/www.acupuntura-legorburu.com\/ca\/tractaments\/sistema-nervios\/\"]}]},{\"@type\":\"ImageObject\",\"inLanguage\":\"ca\",\"@id\":\"https:\/\/www.acupuntura-legorburu.com\/ca\/tractaments\/sistema-nervios\/#primaryimage\",\"url\":\"http:\/\/www.acupuntura-legorburu.com\/wp-content\/uploads\/2013\/04\/Acupuntura_Margarita_Legorburu_Sistema_Nervioso-copia.jpg\",\"contentUrl\":\"http:\/\/www.acupuntura-legorburu.com\/wp-content\/uploads\/2013\/04\/Acupuntura_Margarita_Legorburu_Sistema_Nervioso-copia.jpg\"},{\"@type\":\"BreadcrumbList\",\"@id\":\"https:\/\/www.acupuntura-legorburu.com\/ca\/tractaments\/sistema-nervios\/#breadcrumb\",\"itemListElement\":[{\"@type\":\"ListItem\",\"position\":1,\"name\":\"Portada\",\"item\":\"https:\/\/www.acupuntura-legorburu.com\/ca\/\"},{\"@type\":\"ListItem\",\"position\":2,\"name\":\"Tractaments\",\"item\":\"https:\/\/www.acupuntura-legorburu.com\/ca\/tractaments\/\"},{\"@type\":\"ListItem\",\"position\":3,\"name\":\"Sistema nervi\u00f3s\"}]},{\"@type\":\"WebSite\",\"@id\":\"https:\/\/www.acupuntura-legorburu.com\/#website\",\"url\":\"https:\/\/www.acupuntura-legorburu.com\/\",\"name\":\"\",\"description\":\"\",\"potentialAction\":[{\"@type\":\"SearchAction\",\"target\":{\"@type\":\"EntryPoint\",\"urlTemplate\":\"https:\/\/www.acupuntura-legorburu.com\/?s={search_term_string}\"},\"query-input\":{\"@type\":\"PropertyValueSpecification\",\"valueRequired\":true,\"valueName\":\"search_term_string\"}}],\"inLanguage\":\"ca\"}]}<\/script>\n<!-- \/ Yoast SEO plugin. -->","yoast_head_json":{"title":"Sistema nervi\u00f3s | Cl\u00ednica Acupuntura Legorburu a Barcelona i Vic","description":"Tractem patologies del sistema nervi\u00f3s com a ansietat, estr\u00e8s, depressi\u00f3, insomni o crisi de p\u00e0nic. A trav\u00e9s d'acupuntura i medicina tradicional xinesa.","robots":{"index":"index","follow":"follow","max-snippet":"max-snippet:-1","max-image-preview":"max-image-preview:large","max-video-preview":"max-video-preview:-1"},"canonical":"https:\/\/www.acupuntura-legorburu.com\/ca\/tractaments\/sistema-nervios\/","og_locale":"ca_ES","og_type":"article","og_title":"Sistema nervi\u00f3s | Cl\u00ednica Acupuntura Legorburu a Barcelona i Vic","og_description":"Tractem patologies del sistema nervi\u00f3s com a ansietat, estr\u00e8s, depressi\u00f3, insomni o crisi de p\u00e0nic. A trav\u00e9s d'acupuntura i medicina tradicional xinesa.","og_url":"https:\/\/www.acupuntura-legorburu.com\/ca\/tractaments\/sistema-nervios\/","article_publisher":"https:\/\/www.facebook.com\/pages\/Cl%c3%adnica-de-acupuntura-de-la-Dra-Margarita-Legorburu\/126630064083783?fref=ts","article_modified_time":"2017-08-30T15:58:33+00:00","og_image":[{"url":"http:\/\/www.acupuntura-legorburu.com\/wp-content\/uploads\/2013\/04\/Acupuntura_Margarita_Legorburu_Sistema_Nervioso-copia.jpg","type":"","width":"","height":""}],"twitter_misc":{"Temps estimat de lectura":"1 minut"},"schema":{"@context":"https:\/\/schema.org","@graph":[{"@type":"WebPage","@id":"https:\/\/www.acupuntura-legorburu.com\/ca\/tractaments\/sistema-nervios\/","url":"https:\/\/www.acupuntura-legorburu.com\/ca\/tractaments\/sistema-nervios\/","name":"Sistema nervi\u00f3s | Cl\u00ednica Acupuntura Legorburu a Barcelona i Vic","isPartOf":{"@id":"https:\/\/www.acupuntura-legorburu.com\/#website"},"primaryImageOfPage":{"@id":"https:\/\/www.acupuntura-legorburu.com\/ca\/tractaments\/sistema-nervios\/#primaryimage"},"image":{"@id":"https:\/\/www.acupuntura-legorburu.com\/ca\/tractaments\/sistema-nervios\/#primaryimage"},"thumbnailUrl":"http:\/\/www.acupuntura-legorburu.com\/wp-content\/uploads\/2013\/04\/Acupuntura_Margarita_Legorburu_Sistema_Nervioso-copia.jpg","datePublished":"2013-06-09T22:36:59+00:00","dateModified":"2017-08-30T15:58:33+00:00","description":"Tractem patologies del sistema nervi\u00f3s com a ansietat, estr\u00e8s, depressi\u00f3, insomni o crisi de p\u00e0nic. A trav\u00e9s d'acupuntura i medicina tradicional xinesa.","breadcrumb":{"@id":"https:\/\/www.acupuntura-legorburu.com\/ca\/tractaments\/sistema-nervios\/#breadcrumb"},"inLanguage":"ca","potentialAction":[{"@type":"ReadAction","target":["https:\/\/www.acupuntura-legorburu.com\/ca\/tractaments\/sistema-nervios\/"]}]},{"@type":"ImageObject","inLanguage":"ca","@id":"https:\/\/www.acupuntura-legorburu.com\/ca\/tractaments\/sistema-nervios\/#primaryimage","url":"http:\/\/www.acupuntura-legorburu.com\/wp-content\/uploads\/2013\/04\/Acupuntura_Margarita_Legorburu_Sistema_Nervioso-copia.jpg","contentUrl":"http:\/\/www.acupuntura-legorburu.com\/wp-content\/uploads\/2013\/04\/Acupuntura_Margarita_Legorburu_Sistema_Nervioso-copia.jpg"},{"@type":"BreadcrumbList","@id":"https:\/\/www.acupuntura-legorburu.com\/ca\/tractaments\/sistema-nervios\/#breadcrumb","itemListElement":[{"@type":"ListItem","position":1,"name":"Portada","item":"https:\/\/www.acupuntura-legorburu.com\/ca\/"},{"@type":"ListItem","position":2,"name":"Tractaments","item":"https:\/\/www.acupuntura-legorburu.com\/ca\/tractaments\/"},{"@type":"ListItem","position":3,"name":"Sistema nervi\u00f3s"}]},{"@type":"WebSite","@id":"https:\/\/www.acupuntura-legorburu.com\/#website","url":"https:\/\/www.acupuntura-legorburu.com\/","name":"","description":"","potentialAction":[{"@type":"SearchAction","target":{"@type":"EntryPoint","urlTemplate":"https:\/\/www.acupuntura-legorburu.com\/?s={search_term_string}"},"query-input":{"@type":"PropertyValueSpecification","valueRequired":true,"valueName":"search_term_string"}}],"inLanguage":"ca"}]}},"_links":{"self":[{"href":"https:\/\/www.acupuntura-legorburu.com\/ca\/wp-json\/wp\/v2\/pages\/826","targetHints":{"allow":["GET"]}}],"collection":[{"href":"https:\/\/www.acupuntura-legorburu.com\/ca\/wp-json\/wp\/v2\/pages"}],"about":[{"href":"https:\/\/www.acupuntura-legorburu.com\/ca\/wp-json\/wp\/v2\/types\/page"}],"author":[{"embeddable":true,"href":"https:\/\/www.acupuntura-legorburu.com\/ca\/wp-json\/wp\/v2\/users\/1"}],"replies":[{"embeddable":true,"href":"https:\/\/www.acupuntura-legorburu.com\/ca\/wp-json\/wp\/v2\/comments?post=826"}],"version-history":[{"count":11,"href":"https:\/\/www.acupuntura-legorburu.com\/ca\/wp-json\/wp\/v2\/pages\/826\/revisions"}],"predecessor-version":[{"id":7479,"href":"https:\/\/www.acupuntura-legorburu.com\/ca\/wp-json\/wp\/v2\/pages\/826\/revisions\/7479"}],"up":[{"embeddable":true,"href":"https:\/\/www.acupuntura-legorburu.com\/ca\/wp-json\/wp\/v2\/pages\/1830"}],"wp:attachment":[{"href":"https:\/\/www.acupuntura-legorburu.com\/ca\/wp-json\/wp\/v2\/media?parent=826"}],"curies":[{"name":"wp","href":"https:\/\/api.w.org\/{rel}","templated":true}]}}