{"id":823,"date":"2013-06-09T22:35:03","date_gmt":"2013-06-09T22:35:03","guid":{"rendered":"http:\/\/www.acupuntura-legorburu.com\/web\/?page_id=823"},"modified":"2017-08-30T16:56:16","modified_gmt":"2017-08-30T14:56:16","slug":"oncologia","status":"publish","type":"page","link":"https:\/\/www.acupuntura-legorburu.com\/ca\/tractaments\/oncologia\/","title":{"rendered":"Oncologia"},"content":{"rendered":"<h1><a style=\"text-align: start;\" href=\"http:\/\/www.acupuntura-legorburu.com\/wp-content\/uploads\/2013\/04\/Acupuntura_Margarita_Legorburu_Oncologia1.jpg\" target=\"_blank\" rel=\"noopener noreferrer\"><img decoding=\"async\" class=\"alignright wp-image-738 size-full\" style=\"margin: 20px;\" title=\"oncologia tractament amb acupuntura\" src=\"https:\/\/www.acupuntura-legorburu.com\/wp-content\/uploads\/2013\/04\/Acupuntura_Margarita_Legorburu_Oncologia1.jpg\" alt=\"oncologia tractament amb acupuntura\" width=\"369\" height=\"369\" srcset=\"https:\/\/www.acupuntura-legorburu.com\/wp-content\/uploads\/2013\/04\/Acupuntura_Margarita_Legorburu_Oncologia1-36x36.jpg 36w, https:\/\/www.acupuntura-legorburu.com\/wp-content\/uploads\/2013\/04\/Acupuntura_Margarita_Legorburu_Oncologia1-60x60.jpg 60w, https:\/\/www.acupuntura-legorburu.com\/wp-content\/uploads\/2013\/04\/Acupuntura_Margarita_Legorburu_Oncologia1-75x75.jpg 75w, https:\/\/www.acupuntura-legorburu.com\/wp-content\/uploads\/2013\/04\/Acupuntura_Margarita_Legorburu_Oncologia1-150x150.jpg 150w, https:\/\/www.acupuntura-legorburu.com\/wp-content\/uploads\/2013\/04\/Acupuntura_Margarita_Legorburu_Oncologia1-300x300.jpg 300w, https:\/\/www.acupuntura-legorburu.com\/wp-content\/uploads\/2013\/04\/Acupuntura_Margarita_Legorburu_Oncologia1.jpg 369w\" sizes=\"(max-width: 369px) 100vw, 369px\" \/><\/a>Oncologia<\/h1>\n<p>Oferim<strong> tractaments d&#8217;acupuntura<\/strong> per millorar l&#8217;estat de l&#8217;organisme mentre est\u00e0 en un tractament d&#8217;oncologia.<\/p>\n<p style=\"text-align: justify;\">Durant els tractaments&nbsp;<strong>oncol\u00f2gics <\/strong>amb&nbsp;radioterapia i quimioterapia, apareixen amb freq\u00fc\u00e8ncia s\u00edmptomes secundaris i colaterals.<\/p>\n<p style=\"text-align: justify;\">En aquests moments la ajuda de l&#8217;acupuntura \u00e9s molt ben rebuda.&nbsp; Alguns del s\u00edmptomes secundaris m\u00e9s comuns s\u00f3n el cansament, aracades, dolors, etc<\/p>\n<p style=\"text-align: justify;\">El&nbsp;<strong>metge acupuntor<\/strong>&nbsp;pot ser un bon suport pel pacient ajudant-lo a estar en millors condicions, tant abans del tractament, com despr\u00e9s.<\/p>\n<p style=\"text-align: justify;\">Es molt \u00fatil entre tanda i tanda de tractament poder ajudar a millorar el sistema inmunol\u00f2gic i a pujar els \u00e0nims, ja que poden ser processos llargs i durs.<\/p>\n<p style=\"text-align: justify;\">\u00c9s en aquests casos quan els tractaments s&#8217;adaptaran totalment al ritme de les altres terapies per a que pugui complementar els tractaments sense cap dificultat.<\/p>\n<p style=\"text-align: justify;\">En els casos de dolor en malalts neopl\u00e1sics, com tractament paliatiu, la acupuntura tamb\u00e9n pot ser de gran utilitat.<\/p>\n<h2 style=\"text-align: justify;\">La <strong>acupuntura<\/strong> pot ajudar en la&nbsp;<strong>oncologia<\/strong>&nbsp;en:<\/h2>\n<ul>\n<li style=\"text-align: justify;\"><span style=\"text-decoration: underline;\">Tractament de quimioterapia<\/span>: &nbsp;Coadjuvant durant els tractaments de quimioterapia i radioterapia, i per tractar&nbsp; efectes secundaris (arcades, diarrees, anemia, decaiment).<\/li>\n<li style=\"text-align: justify;\"><span style=\"text-decoration: underline;\">Millora de les defenses:<\/span> Aquets tractaments aconsegueixen millorar les defenses de l&#8217;organisme i l&#8217;estat general.<\/li>\n<li style=\"text-align: justify;\"><span style=\"text-decoration: underline;\">Tractament paliatiu del dolor.<\/span><\/li>\n<\/ul>\n","protected":false},"excerpt":{"rendered":"<p>Oncologia Oferim tractaments d&#8217;acupuntura per millorar l&#8217;estat de l&#8217;organisme mentre est\u00e0 en un tractament d&#8217;oncologia. Durant els tractaments&nbsp;oncol\u00f2gics amb&nbsp;radioterapia i quimioterapia, apareixen amb freq\u00fc\u00e8ncia s\u00edmptomes secundaris i colaterals. En aquests moments la ajuda de l&#8217;acupuntura \u00e9s molt ben rebuda.&nbsp; [&#8230;]<\/p>\n","protected":false},"author":1,"featured_media":0,"parent":1830,"menu_order":9,"comment_status":"open","ping_status":"closed","template":"","meta":{"ngg_post_thumbnail":0,"_joinchat":[],"footnotes":""},"class_list":["post-823","page","type-page","status-publish","hentry"],"yoast_head":"<!-- This site is optimized with the Yoast SEO plugin v27.0 - https:\/\/yoast.com\/product\/yoast-seo-wordpress\/ -->\n<title>Oncologia: Tractaments d&#039;acupuntura per millorar l&#039;organisme | Legorburu<\/title>\n<meta name=\"description\" content=\"Realitzem tractaments amb acupuntura per millorar l&#039;estat de l&#039;organisme i mitigar els efectes secundaris d&#039;un tractament d&#039;oncologia.\" \/>\n<meta name=\"robots\" content=\"index, follow, max-snippet:-1, max-image-preview:large, max-video-preview:-1\" \/>\n<link rel=\"canonical\" href=\"https:\/\/www.acupuntura-legorburu.com\/ca\/tractaments\/oncologia\/\" \/>\n<meta property=\"og:locale\" content=\"ca_ES\" \/>\n<meta property=\"og:type\" content=\"article\" \/>\n<meta property=\"og:title\" content=\"Oncologia: Tractaments d&#039;acupuntura per millorar l&#039;organisme | Legorburu\" \/>\n<meta property=\"og:description\" content=\"Realitzem tractaments amb acupuntura per millorar l&#039;estat de l&#039;organisme i mitigar els efectes secundaris d&#039;un tractament d&#039;oncologia.\" \/>\n<meta property=\"og:url\" content=\"https:\/\/www.acupuntura-legorburu.com\/ca\/tractaments\/oncologia\/\" \/>\n<meta property=\"article:publisher\" content=\"https:\/\/www.facebook.com\/pages\/Cl%c3%adnica-de-acupuntura-de-la-Dra-Margarita-Legorburu\/126630064083783?fref=ts\" \/>\n<meta property=\"article:modified_time\" content=\"2017-08-30T14:56:16+00:00\" \/>\n<meta property=\"og:image\" content=\"https:\/\/www.acupuntura-legorburu.com\/wp-content\/uploads\/2013\/04\/Acupuntura_Margarita_Legorburu_Oncologia1.jpg\" \/>\n<meta name=\"twitter:label1\" content=\"Temps estimat de lectura\" \/>\n\t<meta name=\"twitter:data1\" content=\"1 minut\" \/>\n<script type=\"application\/ld+json\" class=\"yoast-schema-graph\">{\"@context\":\"https:\/\/schema.org\",\"@graph\":[{\"@type\":\"WebPage\",\"@id\":\"https:\/\/www.acupuntura-legorburu.com\/ca\/tractaments\/oncologia\/\",\"url\":\"https:\/\/www.acupuntura-legorburu.com\/ca\/tractaments\/oncologia\/\",\"name\":\"Oncologia: Tractaments d'acupuntura per millorar l'organisme | Legorburu\",\"isPartOf\":{\"@id\":\"https:\/\/www.acupuntura-legorburu.com\/#website\"},\"primaryImageOfPage\":{\"@id\":\"https:\/\/www.acupuntura-legorburu.com\/ca\/tractaments\/oncologia\/#primaryimage\"},\"image\":{\"@id\":\"https:\/\/www.acupuntura-legorburu.com\/ca\/tractaments\/oncologia\/#primaryimage\"},\"thumbnailUrl\":\"https:\/\/www.acupuntura-legorburu.com\/wp-content\/uploads\/2013\/04\/Acupuntura_Margarita_Legorburu_Oncologia1.jpg\",\"datePublished\":\"2013-06-09T22:35:03+00:00\",\"dateModified\":\"2017-08-30T14:56:16+00:00\",\"description\":\"Realitzem tractaments amb acupuntura per millorar l'estat de l'organisme i mitigar els efectes secundaris d'un tractament d'oncologia.\",\"breadcrumb\":{\"@id\":\"https:\/\/www.acupuntura-legorburu.com\/ca\/tractaments\/oncologia\/#breadcrumb\"},\"inLanguage\":\"ca\",\"potentialAction\":[{\"@type\":\"ReadAction\",\"target\":[\"https:\/\/www.acupuntura-legorburu.com\/ca\/tractaments\/oncologia\/\"]}]},{\"@type\":\"ImageObject\",\"inLanguage\":\"ca\",\"@id\":\"https:\/\/www.acupuntura-legorburu.com\/ca\/tractaments\/oncologia\/#primaryimage\",\"url\":\"https:\/\/www.acupuntura-legorburu.com\/wp-content\/uploads\/2013\/04\/Acupuntura_Margarita_Legorburu_Oncologia1.jpg\",\"contentUrl\":\"https:\/\/www.acupuntura-legorburu.com\/wp-content\/uploads\/2013\/04\/Acupuntura_Margarita_Legorburu_Oncologia1.jpg\"},{\"@type\":\"BreadcrumbList\",\"@id\":\"https:\/\/www.acupuntura-legorburu.com\/ca\/tractaments\/oncologia\/#breadcrumb\",\"itemListElement\":[{\"@type\":\"ListItem\",\"position\":1,\"name\":\"Portada\",\"item\":\"https:\/\/www.acupuntura-legorburu.com\/ca\/\"},{\"@type\":\"ListItem\",\"position\":2,\"name\":\"Tractaments\",\"item\":\"https:\/\/www.acupuntura-legorburu.com\/ca\/tractaments\/\"},{\"@type\":\"ListItem\",\"position\":3,\"name\":\"Oncologia\"}]},{\"@type\":\"WebSite\",\"@id\":\"https:\/\/www.acupuntura-legorburu.com\/#website\",\"url\":\"https:\/\/www.acupuntura-legorburu.com\/\",\"name\":\"\",\"description\":\"\",\"potentialAction\":[{\"@type\":\"SearchAction\",\"target\":{\"@type\":\"EntryPoint\",\"urlTemplate\":\"https:\/\/www.acupuntura-legorburu.com\/?s={search_term_string}\"},\"query-input\":{\"@type\":\"PropertyValueSpecification\",\"valueRequired\":true,\"valueName\":\"search_term_string\"}}],\"inLanguage\":\"ca\"}]}<\/script>\n<!-- \/ Yoast SEO plugin. -->","yoast_head_json":{"title":"Oncologia: Tractaments d'acupuntura per millorar l'organisme | Legorburu","description":"Realitzem tractaments amb acupuntura per millorar l'estat de l'organisme i mitigar els efectes secundaris d'un tractament d'oncologia.","robots":{"index":"index","follow":"follow","max-snippet":"max-snippet:-1","max-image-preview":"max-image-preview:large","max-video-preview":"max-video-preview:-1"},"canonical":"https:\/\/www.acupuntura-legorburu.com\/ca\/tractaments\/oncologia\/","og_locale":"ca_ES","og_type":"article","og_title":"Oncologia: Tractaments d'acupuntura per millorar l'organisme | Legorburu","og_description":"Realitzem tractaments amb acupuntura per millorar l'estat de l'organisme i mitigar els efectes secundaris d'un tractament d'oncologia.","og_url":"https:\/\/www.acupuntura-legorburu.com\/ca\/tractaments\/oncologia\/","article_publisher":"https:\/\/www.facebook.com\/pages\/Cl%c3%adnica-de-acupuntura-de-la-Dra-Margarita-Legorburu\/126630064083783?fref=ts","article_modified_time":"2017-08-30T14:56:16+00:00","og_image":[{"url":"https:\/\/www.acupuntura-legorburu.com\/wp-content\/uploads\/2013\/04\/Acupuntura_Margarita_Legorburu_Oncologia1.jpg","type":"","width":"","height":""}],"twitter_misc":{"Temps estimat de lectura":"1 minut"},"schema":{"@context":"https:\/\/schema.org","@graph":[{"@type":"WebPage","@id":"https:\/\/www.acupuntura-legorburu.com\/ca\/tractaments\/oncologia\/","url":"https:\/\/www.acupuntura-legorburu.com\/ca\/tractaments\/oncologia\/","name":"Oncologia: Tractaments d'acupuntura per millorar l'organisme | Legorburu","isPartOf":{"@id":"https:\/\/www.acupuntura-legorburu.com\/#website"},"primaryImageOfPage":{"@id":"https:\/\/www.acupuntura-legorburu.com\/ca\/tractaments\/oncologia\/#primaryimage"},"image":{"@id":"https:\/\/www.acupuntura-legorburu.com\/ca\/tractaments\/oncologia\/#primaryimage"},"thumbnailUrl":"https:\/\/www.acupuntura-legorburu.com\/wp-content\/uploads\/2013\/04\/Acupuntura_Margarita_Legorburu_Oncologia1.jpg","datePublished":"2013-06-09T22:35:03+00:00","dateModified":"2017-08-30T14:56:16+00:00","description":"Realitzem tractaments amb acupuntura per millorar l'estat de l'organisme i mitigar els efectes secundaris d'un tractament d'oncologia.","breadcrumb":{"@id":"https:\/\/www.acupuntura-legorburu.com\/ca\/tractaments\/oncologia\/#breadcrumb"},"inLanguage":"ca","potentialAction":[{"@type":"ReadAction","target":["https:\/\/www.acupuntura-legorburu.com\/ca\/tractaments\/oncologia\/"]}]},{"@type":"ImageObject","inLanguage":"ca","@id":"https:\/\/www.acupuntura-legorburu.com\/ca\/tractaments\/oncologia\/#primaryimage","url":"https:\/\/www.acupuntura-legorburu.com\/wp-content\/uploads\/2013\/04\/Acupuntura_Margarita_Legorburu_Oncologia1.jpg","contentUrl":"https:\/\/www.acupuntura-legorburu.com\/wp-content\/uploads\/2013\/04\/Acupuntura_Margarita_Legorburu_Oncologia1.jpg"},{"@type":"BreadcrumbList","@id":"https:\/\/www.acupuntura-legorburu.com\/ca\/tractaments\/oncologia\/#breadcrumb","itemListElement":[{"@type":"ListItem","position":1,"name":"Portada","item":"https:\/\/www.acupuntura-legorburu.com\/ca\/"},{"@type":"ListItem","position":2,"name":"Tractaments","item":"https:\/\/www.acupuntura-legorburu.com\/ca\/tractaments\/"},{"@type":"ListItem","position":3,"name":"Oncologia"}]},{"@type":"WebSite","@id":"https:\/\/www.acupuntura-legorburu.com\/#website","url":"https:\/\/www.acupuntura-legorburu.com\/","name":"","description":"","potentialAction":[{"@type":"SearchAction","target":{"@type":"EntryPoint","urlTemplate":"https:\/\/www.acupuntura-legorburu.com\/?s={search_term_string}"},"query-input":{"@type":"PropertyValueSpecification","valueRequired":true,"valueName":"search_term_string"}}],"inLanguage":"ca"}]}},"_links":{"self":[{"href":"https:\/\/www.acupuntura-legorburu.com\/ca\/wp-json\/wp\/v2\/pages\/823","targetHints":{"allow":["GET"]}}],"collection":[{"href":"https:\/\/www.acupuntura-legorburu.com\/ca\/wp-json\/wp\/v2\/pages"}],"about":[{"href":"https:\/\/www.acupuntura-legorburu.com\/ca\/wp-json\/wp\/v2\/types\/page"}],"author":[{"embeddable":true,"href":"https:\/\/www.acupuntura-legorburu.com\/ca\/wp-json\/wp\/v2\/users\/1"}],"replies":[{"embeddable":true,"href":"https:\/\/www.acupuntura-legorburu.com\/ca\/wp-json\/wp\/v2\/comments?post=823"}],"version-history":[{"count":11,"href":"https:\/\/www.acupuntura-legorburu.com\/ca\/wp-json\/wp\/v2\/pages\/823\/revisions"}],"predecessor-version":[{"id":7477,"href":"https:\/\/www.acupuntura-legorburu.com\/ca\/wp-json\/wp\/v2\/pages\/823\/revisions\/7477"}],"up":[{"embeddable":true,"href":"https:\/\/www.acupuntura-legorburu.com\/ca\/wp-json\/wp\/v2\/pages\/1830"}],"wp:attachment":[{"href":"https:\/\/www.acupuntura-legorburu.com\/ca\/wp-json\/wp\/v2\/media?parent=823"}],"curies":[{"name":"wp","href":"https:\/\/api.w.org\/{rel}","templated":true}]}}