{"id":818,"date":"2013-06-09T22:29:44","date_gmt":"2013-06-09T22:29:44","guid":{"rendered":"http:\/\/www.acupuntura-legorburu.com\/web\/?page_id=818"},"modified":"2020-12-09T00:48:26","modified_gmt":"2020-12-08T23:48:26","slug":"ginecologia-ostetricia","status":"publish","type":"page","link":"https:\/\/www.acupuntura-legorburu.com\/ca\/tractaments\/ginecologia-ostetricia\/","title":{"rendered":"Ginecologia &#8211; Obstetr\u00edcia"},"content":{"rendered":"<div class=\"fusion-fullwidth fullwidth-box fusion-builder-row-1 fusion-flex-container nonhundred-percent-fullwidth non-hundred-percent-height-scrolling\" style=\"--awb-border-radius-top-left:0px;--awb-border-radius-top-right:0px;--awb-border-radius-bottom-right:0px;--awb-border-radius-bottom-left:0px;--awb-flex-wrap:wrap;\" ><div class=\"fusion-builder-row fusion-row fusion-flex-align-items-flex-start fusion-flex-content-wrap\" style=\"max-width:977.6px;margin-left: calc(-4% \/ 2 );margin-right: calc(-4% \/ 2 );\"><div class=\"fusion-layout-column fusion_builder_column fusion-builder-column-0 fusion_builder_column_3_5 3_5 fusion-flex-column\" style=\"--awb-bg-size:cover;--awb-width-large:60%;--awb-margin-top-large:0px;--awb-spacing-right-large:3.84%;--awb-margin-bottom-large:0px;--awb-spacing-left-large:3.2%;--awb-width-medium:60%;--awb-spacing-right-medium:3.84%;--awb-spacing-left-medium:3.2%;--awb-width-small:100%;--awb-spacing-right-small:1.92%;--awb-spacing-left-small:1.92%;\"><div class=\"fusion-column-wrapper fusion-flex-justify-content-flex-start fusion-content-layout-column\"><div class=\"fusion-text fusion-text-1\"><h1>Ginecologia<\/h1>\n<p style=\"text-align: justify;\">La acupuntura pot ajudar en tractaments de <strong>ginecologia.&nbsp;<\/strong>En la Cl\u00ednica Acupuntura Legorburu oferim aquests serveis tant a Vic com a Barcelona.<\/p>\n<p style=\"text-align: justify;\">Per tenir la&nbsp;<strong>menarquia<\/strong>&nbsp;(primera menstruaci\u00f3) ja es necessita tenir sang, energia y ess\u00e8ncia suficient. Aquest mateixa sang, energia i ess\u00e8ncia ser\u00e0n necessaries per tenir uns cicles regulars. Tamb\u00e9, per aconseguir un embar\u00e0s sense dificultats, passar un bon embar\u00e0s i tener un bon climateri i&nbsp;<strong>menopausia<\/strong>.<\/p>\n<\/div><\/div><\/div><div class=\"fusion-layout-column fusion_builder_column fusion-builder-column-1 fusion_builder_column_2_5 2_5 fusion-flex-column\" style=\"--awb-bg-size:cover;--awb-width-large:40%;--awb-margin-top-large:0px;--awb-spacing-right-large:4.8%;--awb-margin-bottom-large:0px;--awb-spacing-left-large:3.84%;--awb-width-medium:40%;--awb-spacing-right-medium:4.8%;--awb-spacing-left-medium:3.84%;--awb-width-small:100%;--awb-spacing-right-small:1.92%;--awb-spacing-left-small:1.92%;\"><div class=\"fusion-column-wrapper fusion-flex-justify-content-flex-start fusion-content-layout-column\"><div class=\"fusion-separator fusion-full-width-sep\" style=\"align-self: center;margin-left: auto;margin-right: auto;margin-top:20px;width:100%;\"><div class=\"fusion-separator-border sep-double\" style=\"--awb-height:20px;--awb-amount:20px;--awb-sep-color:rgba(224,222,222,0);border-color:rgba(224,222,222,0);border-top-width:1px;border-bottom-width:1px;\"><\/div><\/div><div class=\"fusion-image-element \" style=\"--awb-caption-title-font-family:var(--h2_typography-font-family);--awb-caption-title-font-weight:var(--h2_typography-font-weight);--awb-caption-title-font-style:var(--h2_typography-font-style);--awb-caption-title-size:var(--h2_typography-font-size);--awb-caption-title-transform:var(--h2_typography-text-transform);--awb-caption-title-line-height:var(--h2_typography-line-height);--awb-caption-title-letter-spacing:var(--h2_typography-letter-spacing);\"><span class=\" fusion-imageframe imageframe-none imageframe-1 hover-type-none\"><img decoding=\"async\" width=\"369\" height=\"369\" title=\"Acupuntura_Margarita_Legorburu_Ginecologia1\" src=\"https:\/\/www.acupuntura-legorburu.com\/wp-content\/uploads\/2020\/12\/Acupuntura_Margarita_Legorburu_Ginecologia1.jpg\" alt class=\"img-responsive wp-image-11074\" srcset=\"https:\/\/www.acupuntura-legorburu.com\/wp-content\/uploads\/2020\/12\/Acupuntura_Margarita_Legorburu_Ginecologia1-200x200.jpg 200w, https:\/\/www.acupuntura-legorburu.com\/wp-content\/uploads\/2020\/12\/Acupuntura_Margarita_Legorburu_Ginecologia1.jpg 369w\" sizes=\"(max-width: 640px) 100vw, 369px\" \/><\/span><\/div><\/div><\/div><div class=\"fusion-layout-column fusion_builder_column fusion-builder-column-2 fusion_builder_column_1_1 1_1 fusion-flex-column\" style=\"--awb-bg-size:cover;--awb-width-large:100%;--awb-margin-top-large:0px;--awb-spacing-right-large:1.92%;--awb-margin-bottom-large:0px;--awb-spacing-left-large:1.92%;--awb-width-medium:100%;--awb-spacing-right-medium:1.92%;--awb-spacing-left-medium:1.92%;--awb-width-small:100%;--awb-spacing-right-small:1.92%;--awb-spacing-left-small:1.92%;\"><div class=\"fusion-column-wrapper fusion-flex-justify-content-flex-start fusion-content-layout-column\"><div class=\"fusion-text fusion-text-2\"><h2 style=\"text-align: justify;\"><strong>Oferim els seg\u00fcents tractaments amb acupuntura a l&#8217;\u00e0rea de la Ginecologia:<\/strong><\/h2>\n<ul>\n<li style=\"text-align: justify;\"><strong>Dismenorrea<\/strong> (reglas dolorosas)<\/li>\n<li style=\"text-align: justify;\">Cicles irregulars (curts, llargs i irregulars).<\/li>\n<li style=\"text-align: justify;\"><strong>Amenorrea<\/strong> (desaparici\u00f3 de la regla en un per\u00edode superior als 3 mesos)<\/li>\n<li style=\"text-align: justify;\"><a href=\"http:\/\/www.acupuntura-legorburu.com\/ca\/tractaments\/infertilitat\/\">Infertilitat:<\/a> dificultat per aconseguir un embar\u00e0s. Ajuda a aconseguir aquesta &#8220;xispa&#8221;&nbsp;que de vegades no passa sense ajut i necessitem la fecundaci\u00f3. Gran efectivitat como coadjuvant o preparaci\u00f3 per fecundaci\u00f3 assistida.<\/li>\n<li style=\"text-align: justify;\"><strong>Problemes durant l&#8217;embar\u00e0s<\/strong>. Durant l&#8217;embar\u00e0s la impossibilitat de pendre medicaci\u00f3 per no afectar al fetus, ja que atravessa la barrera placentaria, fa que l&#8217;acupuntura s&#8217;hagi de tenir molt a conta. Arcades, v\u00f2mits, etc en el primer trimestre, fins les lumbalgies y ci\u00e0tiques que poden apar\u00e8ixer en el darrer trimestre.<\/li>\n<li style=\"text-align: justify;\"><strong>Malposicions fetals:<\/strong> Entre les setmanes 28-38 d&#8217;embar\u00e0s podems evitar ces\u00e0ries ajudant al fetus a posicionar-se correctament.<\/li>\n<li style=\"text-align: justify;\"><strong>Menopausia<\/strong>: Podem preparar a la dona per tenir un millor tr\u00e0nsit per aquesta etapa de la vida o b\u00e9 ajudar a disminuir els s\u00edmptomes de la menopausia establerta.<\/li>\n<\/ul>\n<p><span style=\"line-height: 1.5em;\">&nbsp;<\/span><\/p>\n<\/div><\/div><\/div><\/div><\/div>\n","protected":false},"excerpt":{"rendered":"","protected":false},"author":1,"featured_media":0,"parent":1830,"menu_order":6,"comment_status":"open","ping_status":"closed","template":"","meta":{"ngg_post_thumbnail":0,"_joinchat":[],"footnotes":""},"class_list":["post-818","page","type-page","status-publish","hentry"],"yoast_head":"<!-- This site is optimized with the Yoast SEO plugin v27.0 - https:\/\/yoast.com\/product\/yoast-seo-wordpress\/ -->\n<title>Ginecologia i obstetricia | Clinica Acupuntura Legorburu - Bcn i Vic<\/title>\n<meta name=\"description\" content=\"La acupuntura pot ajudar en tractaments de ginecologia: Dismenorrea, Cicles irregulars, Amenorrea, Infertilitat, Problemes en l&#039;embar\u00e0s, Menopausia, etc.\" \/>\n<meta name=\"robots\" content=\"index, follow, max-snippet:-1, max-image-preview:large, max-video-preview:-1\" \/>\n<link rel=\"canonical\" href=\"https:\/\/www.acupuntura-legorburu.com\/ca\/tractaments\/ginecologia-ostetricia\/\" \/>\n<meta property=\"og:locale\" content=\"ca_ES\" \/>\n<meta property=\"og:type\" content=\"article\" \/>\n<meta property=\"og:title\" content=\"Ginecologia i obstetricia | Clinica Acupuntura Legorburu - Bcn i Vic\" \/>\n<meta property=\"og:description\" content=\"La acupuntura pot ajudar en tractaments de ginecologia: Dismenorrea, Cicles irregulars, Amenorrea, Infertilitat, Problemes en l&#039;embar\u00e0s, Menopausia, etc.\" \/>\n<meta property=\"og:url\" content=\"https:\/\/www.acupuntura-legorburu.com\/ca\/tractaments\/ginecologia-ostetricia\/\" \/>\n<meta property=\"article:publisher\" content=\"https:\/\/www.facebook.com\/pages\/Cl%c3%adnica-de-acupuntura-de-la-Dra-Margarita-Legorburu\/126630064083783?fref=ts\" \/>\n<meta property=\"article:modified_time\" content=\"2020-12-08T23:48:26+00:00\" \/>\n<meta name=\"twitter:label1\" content=\"Temps estimat de lectura\" \/>\n\t<meta name=\"twitter:data1\" content=\"4 minuts\" \/>\n<script type=\"application\/ld+json\" class=\"yoast-schema-graph\">{\"@context\":\"https:\/\/schema.org\",\"@graph\":[{\"@type\":\"WebPage\",\"@id\":\"https:\/\/www.acupuntura-legorburu.com\/ca\/tractaments\/ginecologia-ostetricia\/\",\"url\":\"https:\/\/www.acupuntura-legorburu.com\/ca\/tractaments\/ginecologia-ostetricia\/\",\"name\":\"Ginecologia i obstetricia | Clinica Acupuntura Legorburu - Bcn i Vic\",\"isPartOf\":{\"@id\":\"https:\/\/www.acupuntura-legorburu.com\/#website\"},\"datePublished\":\"2013-06-09T22:29:44+00:00\",\"dateModified\":\"2020-12-08T23:48:26+00:00\",\"description\":\"La acupuntura pot ajudar en tractaments de ginecologia: Dismenorrea, Cicles irregulars, Amenorrea, Infertilitat, Problemes en l'embar\u00e0s, Menopausia, etc.\",\"breadcrumb\":{\"@id\":\"https:\/\/www.acupuntura-legorburu.com\/ca\/tractaments\/ginecologia-ostetricia\/#breadcrumb\"},\"inLanguage\":\"ca\",\"potentialAction\":[{\"@type\":\"ReadAction\",\"target\":[\"https:\/\/www.acupuntura-legorburu.com\/ca\/tractaments\/ginecologia-ostetricia\/\"]}]},{\"@type\":\"BreadcrumbList\",\"@id\":\"https:\/\/www.acupuntura-legorburu.com\/ca\/tractaments\/ginecologia-ostetricia\/#breadcrumb\",\"itemListElement\":[{\"@type\":\"ListItem\",\"position\":1,\"name\":\"Portada\",\"item\":\"https:\/\/www.acupuntura-legorburu.com\/ca\/\"},{\"@type\":\"ListItem\",\"position\":2,\"name\":\"Tractaments\",\"item\":\"https:\/\/www.acupuntura-legorburu.com\/ca\/tractaments\/\"},{\"@type\":\"ListItem\",\"position\":3,\"name\":\"Ginecologia &#8211; Obstetr\u00edcia\"}]},{\"@type\":\"WebSite\",\"@id\":\"https:\/\/www.acupuntura-legorburu.com\/#website\",\"url\":\"https:\/\/www.acupuntura-legorburu.com\/\",\"name\":\"\",\"description\":\"\",\"potentialAction\":[{\"@type\":\"SearchAction\",\"target\":{\"@type\":\"EntryPoint\",\"urlTemplate\":\"https:\/\/www.acupuntura-legorburu.com\/?s={search_term_string}\"},\"query-input\":{\"@type\":\"PropertyValueSpecification\",\"valueRequired\":true,\"valueName\":\"search_term_string\"}}],\"inLanguage\":\"ca\"}]}<\/script>\n<!-- \/ Yoast SEO plugin. -->","yoast_head_json":{"title":"Ginecologia i obstetricia | Clinica Acupuntura Legorburu - Bcn i Vic","description":"La acupuntura pot ajudar en tractaments de ginecologia: Dismenorrea, Cicles irregulars, Amenorrea, Infertilitat, Problemes en l'embar\u00e0s, Menopausia, etc.","robots":{"index":"index","follow":"follow","max-snippet":"max-snippet:-1","max-image-preview":"max-image-preview:large","max-video-preview":"max-video-preview:-1"},"canonical":"https:\/\/www.acupuntura-legorburu.com\/ca\/tractaments\/ginecologia-ostetricia\/","og_locale":"ca_ES","og_type":"article","og_title":"Ginecologia i obstetricia | Clinica Acupuntura Legorburu - Bcn i Vic","og_description":"La acupuntura pot ajudar en tractaments de ginecologia: Dismenorrea, Cicles irregulars, Amenorrea, Infertilitat, Problemes en l'embar\u00e0s, Menopausia, etc.","og_url":"https:\/\/www.acupuntura-legorburu.com\/ca\/tractaments\/ginecologia-ostetricia\/","article_publisher":"https:\/\/www.facebook.com\/pages\/Cl%c3%adnica-de-acupuntura-de-la-Dra-Margarita-Legorburu\/126630064083783?fref=ts","article_modified_time":"2020-12-08T23:48:26+00:00","twitter_misc":{"Temps estimat de lectura":"4 minuts"},"schema":{"@context":"https:\/\/schema.org","@graph":[{"@type":"WebPage","@id":"https:\/\/www.acupuntura-legorburu.com\/ca\/tractaments\/ginecologia-ostetricia\/","url":"https:\/\/www.acupuntura-legorburu.com\/ca\/tractaments\/ginecologia-ostetricia\/","name":"Ginecologia i obstetricia | Clinica Acupuntura Legorburu - Bcn i Vic","isPartOf":{"@id":"https:\/\/www.acupuntura-legorburu.com\/#website"},"datePublished":"2013-06-09T22:29:44+00:00","dateModified":"2020-12-08T23:48:26+00:00","description":"La acupuntura pot ajudar en tractaments de ginecologia: Dismenorrea, Cicles irregulars, Amenorrea, Infertilitat, Problemes en l'embar\u00e0s, Menopausia, etc.","breadcrumb":{"@id":"https:\/\/www.acupuntura-legorburu.com\/ca\/tractaments\/ginecologia-ostetricia\/#breadcrumb"},"inLanguage":"ca","potentialAction":[{"@type":"ReadAction","target":["https:\/\/www.acupuntura-legorburu.com\/ca\/tractaments\/ginecologia-ostetricia\/"]}]},{"@type":"BreadcrumbList","@id":"https:\/\/www.acupuntura-legorburu.com\/ca\/tractaments\/ginecologia-ostetricia\/#breadcrumb","itemListElement":[{"@type":"ListItem","position":1,"name":"Portada","item":"https:\/\/www.acupuntura-legorburu.com\/ca\/"},{"@type":"ListItem","position":2,"name":"Tractaments","item":"https:\/\/www.acupuntura-legorburu.com\/ca\/tractaments\/"},{"@type":"ListItem","position":3,"name":"Ginecologia &#8211; Obstetr\u00edcia"}]},{"@type":"WebSite","@id":"https:\/\/www.acupuntura-legorburu.com\/#website","url":"https:\/\/www.acupuntura-legorburu.com\/","name":"","description":"","potentialAction":[{"@type":"SearchAction","target":{"@type":"EntryPoint","urlTemplate":"https:\/\/www.acupuntura-legorburu.com\/?s={search_term_string}"},"query-input":{"@type":"PropertyValueSpecification","valueRequired":true,"valueName":"search_term_string"}}],"inLanguage":"ca"}]}},"_links":{"self":[{"href":"https:\/\/www.acupuntura-legorburu.com\/ca\/wp-json\/wp\/v2\/pages\/818","targetHints":{"allow":["GET"]}}],"collection":[{"href":"https:\/\/www.acupuntura-legorburu.com\/ca\/wp-json\/wp\/v2\/pages"}],"about":[{"href":"https:\/\/www.acupuntura-legorburu.com\/ca\/wp-json\/wp\/v2\/types\/page"}],"author":[{"embeddable":true,"href":"https:\/\/www.acupuntura-legorburu.com\/ca\/wp-json\/wp\/v2\/users\/1"}],"replies":[{"embeddable":true,"href":"https:\/\/www.acupuntura-legorburu.com\/ca\/wp-json\/wp\/v2\/comments?post=818"}],"version-history":[{"count":21,"href":"https:\/\/www.acupuntura-legorburu.com\/ca\/wp-json\/wp\/v2\/pages\/818\/revisions"}],"predecessor-version":[{"id":11078,"href":"https:\/\/www.acupuntura-legorburu.com\/ca\/wp-json\/wp\/v2\/pages\/818\/revisions\/11078"}],"up":[{"embeddable":true,"href":"https:\/\/www.acupuntura-legorburu.com\/ca\/wp-json\/wp\/v2\/pages\/1830"}],"wp:attachment":[{"href":"https:\/\/www.acupuntura-legorburu.com\/ca\/wp-json\/wp\/v2\/media?parent=818"}],"curies":[{"name":"wp","href":"https:\/\/api.w.org\/{rel}","templated":true}]}}