{"id":814,"date":"2013-06-09T22:27:54","date_gmt":"2013-06-09T22:27:54","guid":{"rendered":"http:\/\/www.acupuntura-legorburu.com\/web\/?page_id=814"},"modified":"2017-08-30T10:25:10","modified_gmt":"2017-08-30T08:25:10","slug":"dolor","status":"publish","type":"page","link":"https:\/\/www.acupuntura-legorburu.com\/ca\/tractaments\/dolor\/","title":{"rendered":"Dolor"},"content":{"rendered":"<h1>Dolor Cr\u00f2nic<\/h1>\n<p style=\"text-align: justify;\">En contra del que pugui semblar, amb&nbsp;<strong>acupuntura<\/strong>&nbsp;podem tractar tant un&nbsp;<strong>dolor<\/strong>&nbsp;cr\u00f2nic com un&nbsp;<strong>dolor<\/strong>&nbsp;agut.<\/p>\n<p style=\"text-align: justify;\">En la majoria dels casos, si els dolors s\u00f3n recents, la ressoluci\u00f3 \u00e9s immediata o en molts pocs tractaments. Pel contrari, si parlem de&nbsp;<strong>dolor cr\u00f2nic<\/strong>, haurem de pautar sessions setmanals durant un temps m\u00e9s llarg que despr\u00e9s passaran a quincenals i les anirem allargant.<\/p>\n<p style=\"text-align: justify;\">En molts casos de&nbsp;<strong>dolor cr\u00f2nic<\/strong>&nbsp;ser\u00e0 necessari un manteniment, moltes vegades d&#8217;un cop al mes, per\u00f2 no sempre.<\/p>\n<p style=\"text-align: justify;\">Sempre estar\u00e0 en relaci\u00f3 amb la patologia i cada pacient reacciona de manera diferent.<\/p>\n<p><img decoding=\"async\" class=\"size-full wp-image-723 alignright\" style=\"margin: 20px;\" title=\"Dolor de espalda\" src=\"http:\/\/www.acupuntura-legorburu.com\/wp-content\/uploads\/2013\/04\/Acupuntura_Margarita_Legorburu_Dolor.jpg\" alt=\"Dolor de espalda\" width=\"369\" height=\"369\" srcset=\"https:\/\/www.acupuntura-legorburu.com\/wp-content\/uploads\/2013\/04\/Acupuntura_Margarita_Legorburu_Dolor-36x36.jpg 36w, https:\/\/www.acupuntura-legorburu.com\/wp-content\/uploads\/2013\/04\/Acupuntura_Margarita_Legorburu_Dolor-60x60.jpg 60w, https:\/\/www.acupuntura-legorburu.com\/wp-content\/uploads\/2013\/04\/Acupuntura_Margarita_Legorburu_Dolor-75x75.jpg 75w, https:\/\/www.acupuntura-legorburu.com\/wp-content\/uploads\/2013\/04\/Acupuntura_Margarita_Legorburu_Dolor-150x150.jpg 150w, https:\/\/www.acupuntura-legorburu.com\/wp-content\/uploads\/2013\/04\/Acupuntura_Margarita_Legorburu_Dolor-300x300.jpg 300w, https:\/\/www.acupuntura-legorburu.com\/wp-content\/uploads\/2013\/04\/Acupuntura_Margarita_Legorburu_Dolor.jpg 369w\" sizes=\"(max-width: 369px) 100vw, 369px\" \/>Quins dolors aguts tractem:<\/p>\n<ul>\n<li>ci\u00e0tica<\/li>\n<li>lumbalgia<\/li>\n<li>migranya<\/li>\n<li>tort\u00edculis<\/li>\n<li><a title=\"Lesions d'esport\" href=\"http:\/\/www.acupuntura-legorburu.com\/ca\/tractaments\/lesions-esportives\/\">lesions esportives<\/a><\/li>\n<li>traumatismes (tor\u00e7adures, esquin\u00e7os)<\/li>\n<li>neur\u00e0lgies (facials, trig\u00e8min, intercostals, herp\u00e8tiques etc)<\/li>\n<\/ul>\n<p style=\"text-align: justify;\">Realment podem tractar quasi qualsevol tipus de&nbsp;<strong>dolor<\/strong>, per\u00f2 no t\u00e9 sentit tractar un dolor de queixals (molt efectiu) sense anar al dentista. Podem alleugerar un c\u00f2lic renal, per\u00f2 s&#8217;ha de veure com tractarems la litiasis&#8230;etc.<\/p>\n<p style=\"text-align: justify;\">Quins dolors cr\u00f2nicos tractem:<\/p>\n<ul>\n<li style=\"text-align: justify;\">artrosis: esquena (cervical, dorsal i lumbar), mans, peus, genolls, cadera etc<\/li>\n<li style=\"text-align: justify;\">artritis ( generalment complementant tractament amb medicaments): a.reumatoide, psori\u00e0sica etc.<\/li>\n<li style=\"text-align: justify;\">dolor produit per la osteoporosis. Molt freq\u00fcent en pacients transplantats i que han pres cortisona durant molt de temps.<\/li>\n<li style=\"text-align: justify;\">fibromialgia i fatiga cr\u00f2nica: gran ajut per tots els seus s\u00edmptomes.<\/li>\n<li style=\"text-align: justify;\">tendinitis: colze de tenista, de golfista, mouse etc.<\/li>\n<li style=\"text-align: justify;\">cefalees y migranyes.<\/li>\n<\/ul>\n<p style=\"text-align: justify;\">Pel simple fet d&#8217;insertar les petites i indolores agulles s&#8217;alliberen endorfines, amb sensaci\u00f3 plaentera i relaxant des del primer moment.<\/p>\n","protected":false},"excerpt":{"rendered":"<p>Dolor Cr\u00f2nic En contra del que pugui semblar, amb&nbsp;acupuntura&nbsp;podem tractar tant un&nbsp;dolor&nbsp;cr\u00f2nic com un&nbsp;dolor&nbsp;agut. En la majoria dels casos, si els dolors s\u00f3n recents, la ressoluci\u00f3 \u00e9s immediata o en molts pocs tractaments. Pel contrari, si parlem de&nbsp;dolor cr\u00f2nic, [&#8230;]<\/p>\n","protected":false},"author":1,"featured_media":0,"parent":1830,"menu_order":5,"comment_status":"open","ping_status":"closed","template":"","meta":{"ngg_post_thumbnail":0,"_joinchat":[],"footnotes":""},"class_list":["post-814","page","type-page","status-publish","hentry"],"yoast_head":"<!-- This site is optimized with the Yoast SEO plugin v27.0 - https:\/\/yoast.com\/product\/yoast-seo-wordpress\/ -->\n<title>Dolor Cr\u00f2nic | Cl\u00ednica Acupuntura Legorburu, centres a Vic i Barcelona<\/title>\n<meta name=\"description\" content=\"A trav\u00e9s de l&#039;acupuntura tractem el dolor cr\u00f2nic. Alguns dels dolors que tractem s\u00f3n les migranyes, cefalees, lumb\u00e0lgies, tendinitis i unes altres.\" \/>\n<meta name=\"robots\" content=\"index, follow, max-snippet:-1, max-image-preview:large, max-video-preview:-1\" \/>\n<link rel=\"canonical\" href=\"https:\/\/www.acupuntura-legorburu.com\/ca\/tractaments\/dolor\/\" \/>\n<meta property=\"og:locale\" content=\"ca_ES\" \/>\n<meta property=\"og:type\" content=\"article\" \/>\n<meta property=\"og:title\" content=\"Dolor Cr\u00f2nic | Cl\u00ednica Acupuntura Legorburu, centres a Vic i Barcelona\" \/>\n<meta property=\"og:description\" content=\"A trav\u00e9s de l&#039;acupuntura tractem el dolor cr\u00f2nic. Alguns dels dolors que tractem s\u00f3n les migranyes, cefalees, lumb\u00e0lgies, tendinitis i unes altres.\" \/>\n<meta property=\"og:url\" content=\"https:\/\/www.acupuntura-legorburu.com\/ca\/tractaments\/dolor\/\" \/>\n<meta property=\"article:publisher\" content=\"https:\/\/www.facebook.com\/pages\/Cl%c3%adnica-de-acupuntura-de-la-Dra-Margarita-Legorburu\/126630064083783?fref=ts\" \/>\n<meta property=\"article:modified_time\" content=\"2017-08-30T08:25:10+00:00\" \/>\n<meta property=\"og:image\" content=\"http:\/\/www.acupuntura-legorburu.com\/wp-content\/uploads\/2013\/04\/Acupuntura_Margarita_Legorburu_Dolor.jpg\" \/>\n<meta name=\"twitter:label1\" content=\"Temps estimat de lectura\" \/>\n\t<meta name=\"twitter:data1\" content=\"1 minut\" \/>\n<script type=\"application\/ld+json\" class=\"yoast-schema-graph\">{\"@context\":\"https:\/\/schema.org\",\"@graph\":[{\"@type\":\"WebPage\",\"@id\":\"https:\/\/www.acupuntura-legorburu.com\/ca\/tractaments\/dolor\/\",\"url\":\"https:\/\/www.acupuntura-legorburu.com\/ca\/tractaments\/dolor\/\",\"name\":\"Dolor Cr\u00f2nic | Cl\u00ednica Acupuntura Legorburu, centres a Vic i Barcelona\",\"isPartOf\":{\"@id\":\"https:\/\/www.acupuntura-legorburu.com\/#website\"},\"primaryImageOfPage\":{\"@id\":\"https:\/\/www.acupuntura-legorburu.com\/ca\/tractaments\/dolor\/#primaryimage\"},\"image\":{\"@id\":\"https:\/\/www.acupuntura-legorburu.com\/ca\/tractaments\/dolor\/#primaryimage\"},\"thumbnailUrl\":\"http:\/\/www.acupuntura-legorburu.com\/wp-content\/uploads\/2013\/04\/Acupuntura_Margarita_Legorburu_Dolor.jpg\",\"datePublished\":\"2013-06-09T22:27:54+00:00\",\"dateModified\":\"2017-08-30T08:25:10+00:00\",\"description\":\"A trav\u00e9s de l'acupuntura tractem el dolor cr\u00f2nic. Alguns dels dolors que tractem s\u00f3n les migranyes, cefalees, lumb\u00e0lgies, tendinitis i unes altres.\",\"breadcrumb\":{\"@id\":\"https:\/\/www.acupuntura-legorburu.com\/ca\/tractaments\/dolor\/#breadcrumb\"},\"inLanguage\":\"ca\",\"potentialAction\":[{\"@type\":\"ReadAction\",\"target\":[\"https:\/\/www.acupuntura-legorburu.com\/ca\/tractaments\/dolor\/\"]}]},{\"@type\":\"ImageObject\",\"inLanguage\":\"ca\",\"@id\":\"https:\/\/www.acupuntura-legorburu.com\/ca\/tractaments\/dolor\/#primaryimage\",\"url\":\"http:\/\/www.acupuntura-legorburu.com\/wp-content\/uploads\/2013\/04\/Acupuntura_Margarita_Legorburu_Dolor.jpg\",\"contentUrl\":\"http:\/\/www.acupuntura-legorburu.com\/wp-content\/uploads\/2013\/04\/Acupuntura_Margarita_Legorburu_Dolor.jpg\"},{\"@type\":\"BreadcrumbList\",\"@id\":\"https:\/\/www.acupuntura-legorburu.com\/ca\/tractaments\/dolor\/#breadcrumb\",\"itemListElement\":[{\"@type\":\"ListItem\",\"position\":1,\"name\":\"Portada\",\"item\":\"https:\/\/www.acupuntura-legorburu.com\/ca\/\"},{\"@type\":\"ListItem\",\"position\":2,\"name\":\"Tractaments\",\"item\":\"https:\/\/www.acupuntura-legorburu.com\/ca\/tractaments\/\"},{\"@type\":\"ListItem\",\"position\":3,\"name\":\"Dolor\"}]},{\"@type\":\"WebSite\",\"@id\":\"https:\/\/www.acupuntura-legorburu.com\/#website\",\"url\":\"https:\/\/www.acupuntura-legorburu.com\/\",\"name\":\"\",\"description\":\"\",\"potentialAction\":[{\"@type\":\"SearchAction\",\"target\":{\"@type\":\"EntryPoint\",\"urlTemplate\":\"https:\/\/www.acupuntura-legorburu.com\/?s={search_term_string}\"},\"query-input\":{\"@type\":\"PropertyValueSpecification\",\"valueRequired\":true,\"valueName\":\"search_term_string\"}}],\"inLanguage\":\"ca\"}]}<\/script>\n<!-- \/ Yoast SEO plugin. -->","yoast_head_json":{"title":"Dolor Cr\u00f2nic | Cl\u00ednica Acupuntura Legorburu, centres a Vic i Barcelona","description":"A trav\u00e9s de l'acupuntura tractem el dolor cr\u00f2nic. Alguns dels dolors que tractem s\u00f3n les migranyes, cefalees, lumb\u00e0lgies, tendinitis i unes altres.","robots":{"index":"index","follow":"follow","max-snippet":"max-snippet:-1","max-image-preview":"max-image-preview:large","max-video-preview":"max-video-preview:-1"},"canonical":"https:\/\/www.acupuntura-legorburu.com\/ca\/tractaments\/dolor\/","og_locale":"ca_ES","og_type":"article","og_title":"Dolor Cr\u00f2nic | Cl\u00ednica Acupuntura Legorburu, centres a Vic i Barcelona","og_description":"A trav\u00e9s de l'acupuntura tractem el dolor cr\u00f2nic. Alguns dels dolors que tractem s\u00f3n les migranyes, cefalees, lumb\u00e0lgies, tendinitis i unes altres.","og_url":"https:\/\/www.acupuntura-legorburu.com\/ca\/tractaments\/dolor\/","article_publisher":"https:\/\/www.facebook.com\/pages\/Cl%c3%adnica-de-acupuntura-de-la-Dra-Margarita-Legorburu\/126630064083783?fref=ts","article_modified_time":"2017-08-30T08:25:10+00:00","og_image":[{"url":"http:\/\/www.acupuntura-legorburu.com\/wp-content\/uploads\/2013\/04\/Acupuntura_Margarita_Legorburu_Dolor.jpg","type":"","width":"","height":""}],"twitter_misc":{"Temps estimat de lectura":"1 minut"},"schema":{"@context":"https:\/\/schema.org","@graph":[{"@type":"WebPage","@id":"https:\/\/www.acupuntura-legorburu.com\/ca\/tractaments\/dolor\/","url":"https:\/\/www.acupuntura-legorburu.com\/ca\/tractaments\/dolor\/","name":"Dolor Cr\u00f2nic | Cl\u00ednica Acupuntura Legorburu, centres a Vic i Barcelona","isPartOf":{"@id":"https:\/\/www.acupuntura-legorburu.com\/#website"},"primaryImageOfPage":{"@id":"https:\/\/www.acupuntura-legorburu.com\/ca\/tractaments\/dolor\/#primaryimage"},"image":{"@id":"https:\/\/www.acupuntura-legorburu.com\/ca\/tractaments\/dolor\/#primaryimage"},"thumbnailUrl":"http:\/\/www.acupuntura-legorburu.com\/wp-content\/uploads\/2013\/04\/Acupuntura_Margarita_Legorburu_Dolor.jpg","datePublished":"2013-06-09T22:27:54+00:00","dateModified":"2017-08-30T08:25:10+00:00","description":"A trav\u00e9s de l'acupuntura tractem el dolor cr\u00f2nic. Alguns dels dolors que tractem s\u00f3n les migranyes, cefalees, lumb\u00e0lgies, tendinitis i unes altres.","breadcrumb":{"@id":"https:\/\/www.acupuntura-legorburu.com\/ca\/tractaments\/dolor\/#breadcrumb"},"inLanguage":"ca","potentialAction":[{"@type":"ReadAction","target":["https:\/\/www.acupuntura-legorburu.com\/ca\/tractaments\/dolor\/"]}]},{"@type":"ImageObject","inLanguage":"ca","@id":"https:\/\/www.acupuntura-legorburu.com\/ca\/tractaments\/dolor\/#primaryimage","url":"http:\/\/www.acupuntura-legorburu.com\/wp-content\/uploads\/2013\/04\/Acupuntura_Margarita_Legorburu_Dolor.jpg","contentUrl":"http:\/\/www.acupuntura-legorburu.com\/wp-content\/uploads\/2013\/04\/Acupuntura_Margarita_Legorburu_Dolor.jpg"},{"@type":"BreadcrumbList","@id":"https:\/\/www.acupuntura-legorburu.com\/ca\/tractaments\/dolor\/#breadcrumb","itemListElement":[{"@type":"ListItem","position":1,"name":"Portada","item":"https:\/\/www.acupuntura-legorburu.com\/ca\/"},{"@type":"ListItem","position":2,"name":"Tractaments","item":"https:\/\/www.acupuntura-legorburu.com\/ca\/tractaments\/"},{"@type":"ListItem","position":3,"name":"Dolor"}]},{"@type":"WebSite","@id":"https:\/\/www.acupuntura-legorburu.com\/#website","url":"https:\/\/www.acupuntura-legorburu.com\/","name":"","description":"","potentialAction":[{"@type":"SearchAction","target":{"@type":"EntryPoint","urlTemplate":"https:\/\/www.acupuntura-legorburu.com\/?s={search_term_string}"},"query-input":{"@type":"PropertyValueSpecification","valueRequired":true,"valueName":"search_term_string"}}],"inLanguage":"ca"}]}},"_links":{"self":[{"href":"https:\/\/www.acupuntura-legorburu.com\/ca\/wp-json\/wp\/v2\/pages\/814","targetHints":{"allow":["GET"]}}],"collection":[{"href":"https:\/\/www.acupuntura-legorburu.com\/ca\/wp-json\/wp\/v2\/pages"}],"about":[{"href":"https:\/\/www.acupuntura-legorburu.com\/ca\/wp-json\/wp\/v2\/types\/page"}],"author":[{"embeddable":true,"href":"https:\/\/www.acupuntura-legorburu.com\/ca\/wp-json\/wp\/v2\/users\/1"}],"replies":[{"embeddable":true,"href":"https:\/\/www.acupuntura-legorburu.com\/ca\/wp-json\/wp\/v2\/comments?post=814"}],"version-history":[{"count":15,"href":"https:\/\/www.acupuntura-legorburu.com\/ca\/wp-json\/wp\/v2\/pages\/814\/revisions"}],"predecessor-version":[{"id":7471,"href":"https:\/\/www.acupuntura-legorburu.com\/ca\/wp-json\/wp\/v2\/pages\/814\/revisions\/7471"}],"up":[{"embeddable":true,"href":"https:\/\/www.acupuntura-legorburu.com\/ca\/wp-json\/wp\/v2\/pages\/1830"}],"wp:attachment":[{"href":"https:\/\/www.acupuntura-legorburu.com\/ca\/wp-json\/wp\/v2\/media?parent=814"}],"curies":[{"name":"wp","href":"https:\/\/api.w.org\/{rel}","templated":true}]}}