{"id":812,"date":"2013-06-09T22:25:53","date_gmt":"2013-06-09T22:25:53","guid":{"rendered":"http:\/\/www.acupuntura-legorburu.com\/web\/?page_id=812"},"modified":"2017-08-30T10:15:46","modified_gmt":"2017-08-30T08:15:46","slug":"dermatologia","status":"publish","type":"page","link":"https:\/\/www.acupuntura-legorburu.com\/ca\/tractaments\/dermatologia\/","title":{"rendered":"Dermatologia"},"content":{"rendered":"<h1><strong>Dermatologia<\/strong><\/h1>\n<p><img decoding=\"async\" class=\"alignnone size-full wp-image-737\" style=\"float: right;\" src=\"http:\/\/www.acupuntura-legorburu.com\/wp-content\/uploads\/2013\/04\/Acupuntura_Margarita_Legorburu_Dermatologia.jpg\" alt=\"Acupuntura_Margarita_Legorburu_Dermatologia\" width=\"369\" height=\"369\" srcset=\"https:\/\/www.acupuntura-legorburu.com\/wp-content\/uploads\/2013\/04\/Acupuntura_Margarita_Legorburu_Dermatologia-36x36.jpg 36w, https:\/\/www.acupuntura-legorburu.com\/wp-content\/uploads\/2013\/04\/Acupuntura_Margarita_Legorburu_Dermatologia-60x60.jpg 60w, https:\/\/www.acupuntura-legorburu.com\/wp-content\/uploads\/2013\/04\/Acupuntura_Margarita_Legorburu_Dermatologia-75x75.jpg 75w, https:\/\/www.acupuntura-legorburu.com\/wp-content\/uploads\/2013\/04\/Acupuntura_Margarita_Legorburu_Dermatologia-150x150.jpg 150w, https:\/\/www.acupuntura-legorburu.com\/wp-content\/uploads\/2013\/04\/Acupuntura_Margarita_Legorburu_Dermatologia-300x300.jpg 300w, https:\/\/www.acupuntura-legorburu.com\/wp-content\/uploads\/2013\/04\/Acupuntura_Margarita_Legorburu_Dermatologia.jpg 369w\" sizes=\"(max-width: 369px) 100vw, 369px\" \/>Als centres d&#8217;Acupuntura Legorburu a Vic i Barcelona oferim el nostre servei de<strong> Dermatologia. <\/strong><\/p>\n<p>Tractem patologies derivades de la pell a trav\u00e9s d&#8217;<strong>acupuntura i altres t\u00e8cniques de medicina tradicional xinesa. <\/strong><\/p>\n<p>Segons la Medicina Tradicional Xinesa, la pell i la seva salut est\u00e0 regida per l&#8217;element aigua. Alhora, l\u2019element aigua est\u00e0 principalment regit per Pulm\u00f3.<\/p>\n<p>La pell sempre ha estat un reflex de problemes interns i molt lligada a estats an\u00edmics i estr\u00e8s.<\/p>\n<p>\u00c9s freq\u00fcent veure associaci\u00f3 de patologies pulmonars alternant amb patologies de la pell, com poden ser asma i \u00e8czemes.<\/p>\n<h2><strong>Tractaments de Dermatologia:<\/strong><\/h2>\n<p>Algunes de les patologies que tractem a la Cl\u00ednica Acupuntura Legorburu s\u00f3n:<\/p>\n<ul>\n<li>\u00c8czemes<\/li>\n<li>Alop\u00e8cia Areata<\/li>\n<li>Dermatitis<\/li>\n<li>Al\u00b7l\u00e8rgies<\/li>\n<li>Psoriasis<\/li>\n<li>Etc\u2026<\/li>\n<\/ul>\n<p>Gr\u00e0cies a l&#8217;acupuntura i altres tractaments de medicina tradicional xinesa, com \u00e9s l&#8217;homeopatia, podem millorar la simptomatologia d&#8217;aquestes patologies.<\/p>\n<p><a href=\"https:\/\/www.acupuntura-legorburu.com\/ca\/tractaments\/\">Consulta a trav\u00e9s d&#8217;aquest enlla\u00e7 tots els tractaments que posem a la teva disposici\u00f3 als nostres centres.<\/a><\/p>\n<p><a href=\"https:\/\/www.acupuntura-legorburu.com\/ca\/contacte\/\">Contacta amb la Cl\u00ednica Acupuntura Legorburu i sol\u00b7licita&#8217;ns m\u00e9s informaci\u00f3!<\/a>&nbsp;<\/p>\n<p>&nbsp;<\/p>\n","protected":false},"excerpt":{"rendered":"<p>Dermatologia Als centres d&#8217;Acupuntura Legorburu a Vic i Barcelona oferim el nostre servei de Dermatologia. Tractem patologies derivades de la pell a trav\u00e9s d&#8217;acupuntura i altres t\u00e8cniques de medicina tradicional xinesa. Segons la Medicina Tradicional Xinesa, la pell i [&#8230;]<\/p>\n","protected":false},"author":1,"featured_media":0,"parent":1830,"menu_order":4,"comment_status":"open","ping_status":"closed","template":"","meta":{"ngg_post_thumbnail":0,"_joinchat":[],"footnotes":""},"class_list":["post-812","page","type-page","status-publish","hentry"],"yoast_head":"<!-- This site is optimized with the Yoast SEO plugin v27.0 - https:\/\/yoast.com\/product\/yoast-seo-wordpress\/ -->\n<title>Dermatologia | Cl\u00ednica Acupuntura Legorburu, centres a Vic i Barcelona<\/title>\n<meta name=\"description\" content=\"A trav\u00e9s de la medicina tradicional xinesa tractem, dins de l&#039;\u00e0rea de la dermatologia, patologies com les al\u00b7l\u00e8rgies i dermatitis. Informa&#039;t!\" \/>\n<meta name=\"robots\" content=\"index, follow, max-snippet:-1, max-image-preview:large, max-video-preview:-1\" \/>\n<link rel=\"canonical\" href=\"https:\/\/www.acupuntura-legorburu.com\/ca\/tractaments\/dermatologia\/\" \/>\n<meta property=\"og:locale\" content=\"ca_ES\" \/>\n<meta property=\"og:type\" content=\"article\" \/>\n<meta property=\"og:title\" content=\"Dermatologia | Cl\u00ednica Acupuntura Legorburu, centres a Vic i Barcelona\" \/>\n<meta property=\"og:description\" content=\"A trav\u00e9s de la medicina tradicional xinesa tractem, dins de l&#039;\u00e0rea de la dermatologia, patologies com les al\u00b7l\u00e8rgies i dermatitis. Informa&#039;t!\" \/>\n<meta property=\"og:url\" content=\"https:\/\/www.acupuntura-legorburu.com\/ca\/tractaments\/dermatologia\/\" \/>\n<meta property=\"article:publisher\" content=\"https:\/\/www.facebook.com\/pages\/Cl%c3%adnica-de-acupuntura-de-la-Dra-Margarita-Legorburu\/126630064083783?fref=ts\" \/>\n<meta property=\"article:modified_time\" content=\"2017-08-30T08:15:46+00:00\" \/>\n<meta property=\"og:image\" content=\"http:\/\/www.acupuntura-legorburu.com\/wp-content\/uploads\/2013\/04\/Acupuntura_Margarita_Legorburu_Dermatologia.jpg\" \/>\n<meta name=\"twitter:label1\" content=\"Temps estimat de lectura\" \/>\n\t<meta name=\"twitter:data1\" content=\"1 minut\" \/>\n<script type=\"application\/ld+json\" class=\"yoast-schema-graph\">{\"@context\":\"https:\/\/schema.org\",\"@graph\":[{\"@type\":\"WebPage\",\"@id\":\"https:\/\/www.acupuntura-legorburu.com\/ca\/tractaments\/dermatologia\/\",\"url\":\"https:\/\/www.acupuntura-legorburu.com\/ca\/tractaments\/dermatologia\/\",\"name\":\"Dermatologia | Cl\u00ednica Acupuntura Legorburu, centres a Vic i Barcelona\",\"isPartOf\":{\"@id\":\"https:\/\/www.acupuntura-legorburu.com\/#website\"},\"primaryImageOfPage\":{\"@id\":\"https:\/\/www.acupuntura-legorburu.com\/ca\/tractaments\/dermatologia\/#primaryimage\"},\"image\":{\"@id\":\"https:\/\/www.acupuntura-legorburu.com\/ca\/tractaments\/dermatologia\/#primaryimage\"},\"thumbnailUrl\":\"http:\/\/www.acupuntura-legorburu.com\/wp-content\/uploads\/2013\/04\/Acupuntura_Margarita_Legorburu_Dermatologia.jpg\",\"datePublished\":\"2013-06-09T22:25:53+00:00\",\"dateModified\":\"2017-08-30T08:15:46+00:00\",\"description\":\"A trav\u00e9s de la medicina tradicional xinesa tractem, dins de l'\u00e0rea de la dermatologia, patologies com les al\u00b7l\u00e8rgies i dermatitis. Informa't!\",\"breadcrumb\":{\"@id\":\"https:\/\/www.acupuntura-legorburu.com\/ca\/tractaments\/dermatologia\/#breadcrumb\"},\"inLanguage\":\"ca\",\"potentialAction\":[{\"@type\":\"ReadAction\",\"target\":[\"https:\/\/www.acupuntura-legorburu.com\/ca\/tractaments\/dermatologia\/\"]}]},{\"@type\":\"ImageObject\",\"inLanguage\":\"ca\",\"@id\":\"https:\/\/www.acupuntura-legorburu.com\/ca\/tractaments\/dermatologia\/#primaryimage\",\"url\":\"http:\/\/www.acupuntura-legorburu.com\/wp-content\/uploads\/2013\/04\/Acupuntura_Margarita_Legorburu_Dermatologia.jpg\",\"contentUrl\":\"http:\/\/www.acupuntura-legorburu.com\/wp-content\/uploads\/2013\/04\/Acupuntura_Margarita_Legorburu_Dermatologia.jpg\"},{\"@type\":\"BreadcrumbList\",\"@id\":\"https:\/\/www.acupuntura-legorburu.com\/ca\/tractaments\/dermatologia\/#breadcrumb\",\"itemListElement\":[{\"@type\":\"ListItem\",\"position\":1,\"name\":\"Portada\",\"item\":\"https:\/\/www.acupuntura-legorburu.com\/ca\/\"},{\"@type\":\"ListItem\",\"position\":2,\"name\":\"Tractaments\",\"item\":\"https:\/\/www.acupuntura-legorburu.com\/ca\/tractaments\/\"},{\"@type\":\"ListItem\",\"position\":3,\"name\":\"Dermatologia\"}]},{\"@type\":\"WebSite\",\"@id\":\"https:\/\/www.acupuntura-legorburu.com\/#website\",\"url\":\"https:\/\/www.acupuntura-legorburu.com\/\",\"name\":\"\",\"description\":\"\",\"potentialAction\":[{\"@type\":\"SearchAction\",\"target\":{\"@type\":\"EntryPoint\",\"urlTemplate\":\"https:\/\/www.acupuntura-legorburu.com\/?s={search_term_string}\"},\"query-input\":{\"@type\":\"PropertyValueSpecification\",\"valueRequired\":true,\"valueName\":\"search_term_string\"}}],\"inLanguage\":\"ca\"}]}<\/script>\n<!-- \/ Yoast SEO plugin. -->","yoast_head_json":{"title":"Dermatologia | Cl\u00ednica Acupuntura Legorburu, centres a Vic i Barcelona","description":"A trav\u00e9s de la medicina tradicional xinesa tractem, dins de l'\u00e0rea de la dermatologia, patologies com les al\u00b7l\u00e8rgies i dermatitis. Informa't!","robots":{"index":"index","follow":"follow","max-snippet":"max-snippet:-1","max-image-preview":"max-image-preview:large","max-video-preview":"max-video-preview:-1"},"canonical":"https:\/\/www.acupuntura-legorburu.com\/ca\/tractaments\/dermatologia\/","og_locale":"ca_ES","og_type":"article","og_title":"Dermatologia | Cl\u00ednica Acupuntura Legorburu, centres a Vic i Barcelona","og_description":"A trav\u00e9s de la medicina tradicional xinesa tractem, dins de l'\u00e0rea de la dermatologia, patologies com les al\u00b7l\u00e8rgies i dermatitis. Informa't!","og_url":"https:\/\/www.acupuntura-legorburu.com\/ca\/tractaments\/dermatologia\/","article_publisher":"https:\/\/www.facebook.com\/pages\/Cl%c3%adnica-de-acupuntura-de-la-Dra-Margarita-Legorburu\/126630064083783?fref=ts","article_modified_time":"2017-08-30T08:15:46+00:00","og_image":[{"url":"http:\/\/www.acupuntura-legorburu.com\/wp-content\/uploads\/2013\/04\/Acupuntura_Margarita_Legorburu_Dermatologia.jpg","type":"","width":"","height":""}],"twitter_misc":{"Temps estimat de lectura":"1 minut"},"schema":{"@context":"https:\/\/schema.org","@graph":[{"@type":"WebPage","@id":"https:\/\/www.acupuntura-legorburu.com\/ca\/tractaments\/dermatologia\/","url":"https:\/\/www.acupuntura-legorburu.com\/ca\/tractaments\/dermatologia\/","name":"Dermatologia | Cl\u00ednica Acupuntura Legorburu, centres a Vic i Barcelona","isPartOf":{"@id":"https:\/\/www.acupuntura-legorburu.com\/#website"},"primaryImageOfPage":{"@id":"https:\/\/www.acupuntura-legorburu.com\/ca\/tractaments\/dermatologia\/#primaryimage"},"image":{"@id":"https:\/\/www.acupuntura-legorburu.com\/ca\/tractaments\/dermatologia\/#primaryimage"},"thumbnailUrl":"http:\/\/www.acupuntura-legorburu.com\/wp-content\/uploads\/2013\/04\/Acupuntura_Margarita_Legorburu_Dermatologia.jpg","datePublished":"2013-06-09T22:25:53+00:00","dateModified":"2017-08-30T08:15:46+00:00","description":"A trav\u00e9s de la medicina tradicional xinesa tractem, dins de l'\u00e0rea de la dermatologia, patologies com les al\u00b7l\u00e8rgies i dermatitis. Informa't!","breadcrumb":{"@id":"https:\/\/www.acupuntura-legorburu.com\/ca\/tractaments\/dermatologia\/#breadcrumb"},"inLanguage":"ca","potentialAction":[{"@type":"ReadAction","target":["https:\/\/www.acupuntura-legorburu.com\/ca\/tractaments\/dermatologia\/"]}]},{"@type":"ImageObject","inLanguage":"ca","@id":"https:\/\/www.acupuntura-legorburu.com\/ca\/tractaments\/dermatologia\/#primaryimage","url":"http:\/\/www.acupuntura-legorburu.com\/wp-content\/uploads\/2013\/04\/Acupuntura_Margarita_Legorburu_Dermatologia.jpg","contentUrl":"http:\/\/www.acupuntura-legorburu.com\/wp-content\/uploads\/2013\/04\/Acupuntura_Margarita_Legorburu_Dermatologia.jpg"},{"@type":"BreadcrumbList","@id":"https:\/\/www.acupuntura-legorburu.com\/ca\/tractaments\/dermatologia\/#breadcrumb","itemListElement":[{"@type":"ListItem","position":1,"name":"Portada","item":"https:\/\/www.acupuntura-legorburu.com\/ca\/"},{"@type":"ListItem","position":2,"name":"Tractaments","item":"https:\/\/www.acupuntura-legorburu.com\/ca\/tractaments\/"},{"@type":"ListItem","position":3,"name":"Dermatologia"}]},{"@type":"WebSite","@id":"https:\/\/www.acupuntura-legorburu.com\/#website","url":"https:\/\/www.acupuntura-legorburu.com\/","name":"","description":"","potentialAction":[{"@type":"SearchAction","target":{"@type":"EntryPoint","urlTemplate":"https:\/\/www.acupuntura-legorburu.com\/?s={search_term_string}"},"query-input":{"@type":"PropertyValueSpecification","valueRequired":true,"valueName":"search_term_string"}}],"inLanguage":"ca"}]}},"_links":{"self":[{"href":"https:\/\/www.acupuntura-legorburu.com\/ca\/wp-json\/wp\/v2\/pages\/812","targetHints":{"allow":["GET"]}}],"collection":[{"href":"https:\/\/www.acupuntura-legorburu.com\/ca\/wp-json\/wp\/v2\/pages"}],"about":[{"href":"https:\/\/www.acupuntura-legorburu.com\/ca\/wp-json\/wp\/v2\/types\/page"}],"author":[{"embeddable":true,"href":"https:\/\/www.acupuntura-legorburu.com\/ca\/wp-json\/wp\/v2\/users\/1"}],"replies":[{"embeddable":true,"href":"https:\/\/www.acupuntura-legorburu.com\/ca\/wp-json\/wp\/v2\/comments?post=812"}],"version-history":[{"count":10,"href":"https:\/\/www.acupuntura-legorburu.com\/ca\/wp-json\/wp\/v2\/pages\/812\/revisions"}],"predecessor-version":[{"id":7469,"href":"https:\/\/www.acupuntura-legorburu.com\/ca\/wp-json\/wp\/v2\/pages\/812\/revisions\/7469"}],"up":[{"embeddable":true,"href":"https:\/\/www.acupuntura-legorburu.com\/ca\/wp-json\/wp\/v2\/pages\/1830"}],"wp:attachment":[{"href":"https:\/\/www.acupuntura-legorburu.com\/ca\/wp-json\/wp\/v2\/media?parent=812"}],"curies":[{"name":"wp","href":"https:\/\/api.w.org\/{rel}","templated":true}]}}