{"id":806,"date":"2013-06-09T22:22:43","date_gmt":"2013-06-09T22:22:43","guid":{"rendered":"http:\/\/www.acupuntura-legorburu.com\/web\/?page_id=806"},"modified":"2017-08-30T09:01:54","modified_gmt":"2017-08-30T07:01:54","slug":"circulacio","status":"publish","type":"page","link":"https:\/\/www.acupuntura-legorburu.com\/ca\/tractaments\/circulacio\/","title":{"rendered":"Circulaci\u00f3"},"content":{"rendered":"<h1>Millorar la Circulaci\u00f3 Sangu\u00ednia<a href=\"http:\/\/www.acupuntura-legorburu.com\/wp-content\/uploads\/2013\/04\/Acupuntura_Margarita_Legorburu_Circulacion1.jpg\" target=\"_blank\" rel=\"noopener\"><img decoding=\"async\" class=\"size-full wp-image-943 alignright\" style=\"margin: 20px;\" title=\"Circulaci\u00f3 Sangu\u00ednia\" src=\"http:\/\/www.acupuntura-legorburu.com\/wp-content\/uploads\/2013\/04\/Acupuntura_Margarita_Legorburu_Circulacion1.jpg\" alt=\"Circulaci\u00f3 Sangu\u00ednia\" width=\"369\" height=\"369\" srcset=\"https:\/\/www.acupuntura-legorburu.com\/wp-content\/uploads\/2013\/04\/Acupuntura_Margarita_Legorburu_Circulacion1-36x36.jpg 36w, https:\/\/www.acupuntura-legorburu.com\/wp-content\/uploads\/2013\/04\/Acupuntura_Margarita_Legorburu_Circulacion1-60x60.jpg 60w, https:\/\/www.acupuntura-legorburu.com\/wp-content\/uploads\/2013\/04\/Acupuntura_Margarita_Legorburu_Circulacion1-75x75.jpg 75w, https:\/\/www.acupuntura-legorburu.com\/wp-content\/uploads\/2013\/04\/Acupuntura_Margarita_Legorburu_Circulacion1-150x150.jpg 150w, https:\/\/www.acupuntura-legorburu.com\/wp-content\/uploads\/2013\/04\/Acupuntura_Margarita_Legorburu_Circulacion1-300x300.jpg 300w, https:\/\/www.acupuntura-legorburu.com\/wp-content\/uploads\/2013\/04\/Acupuntura_Margarita_Legorburu_Circulacion1.jpg 369w\" sizes=\"(max-width: 369px) 100vw, 369px\" \/><\/a><\/h1>\n<p>A la cl\u00ednica Acupuntura Legorburu realitzem <strong>tractaments especialitzats a millorar la teva circulaci\u00f3 sangu\u00ednia<\/strong> i els seus efectes.<\/p>\n<p>Els nostres centres estan situats a Barcelona i a Vic.<\/p>\n<p>&nbsp;<\/p>\n<h2><strong>Tractament personalitzat:<\/strong><\/h2>\n<p>Estudiem de forma personalitza cada cas per poder identificar quina \u00e9s la millor ter\u00e0pia per cada persona. Alhora, aconseguim reduir els efectes causats per ella.<\/p>\n<p>Combinem el tractament amb mesoterapia.<\/p>\n<p>La mesoterapia consisteix en micro-injeccions de l\u00edquids homeop\u00e0tics que acceleren la millora dels s\u00edmptomes causats per la mala circulaci\u00f3 sangu\u00ednia sense produir efectes secundaris.<\/p>\n<p>Desitges obtenir m\u00e9s informaci\u00f3 o concertar una visita? <a href=\"https:\/\/www.acupuntura-legorburu.com\/ca\/contacte\/\">Contacta amb Cl\u00ednica Acupuntura Legorburu&nbsp;<\/a><\/p>\n<p><a href=\"https:\/\/www.acupuntura-legorburu.com\/ca\/tractaments\/\">Descobreix tots els tractaments que t&#8217;oferim!<\/a> Comptem amb m\u00e9s de 25 anys d&#8217;experi\u00e8ncia treballant per millorar la teva salut.<\/p>\n<p>&nbsp;<\/p>\n","protected":false},"excerpt":{"rendered":"<p>Millorar la Circulaci\u00f3 Sangu\u00ednia A la cl\u00ednica Acupuntura Legorburu realitzem tractaments especialitzats a millorar la teva circulaci\u00f3 sangu\u00ednia i els seus efectes. Els nostres centres estan situats a Barcelona i a Vic. &nbsp; Tractament personalitzat: Estudiem de forma personalitza [&#8230;]<\/p>\n","protected":false},"author":1,"featured_media":0,"parent":1830,"menu_order":3,"comment_status":"open","ping_status":"closed","template":"","meta":{"ngg_post_thumbnail":0,"_joinchat":[],"footnotes":""},"class_list":["post-806","page","type-page","status-publish","hentry"],"yoast_head":"<!-- This site is optimized with the Yoast SEO plugin v27.0 - https:\/\/yoast.com\/product\/yoast-seo-wordpress\/ -->\n<title>Millorar la Circulaci\u00f3 Sangu\u00ednia | Cl\u00ednica Acupuntura Legorburu a Bcn i Vic<\/title>\n<meta name=\"description\" content=\"Als nostres centres estudiem de forma personalitzada com millorar la circulaci\u00f3 sangu\u00ednia i identifiquem com \u00e9s la millor ter\u00e0pia per a cada persona.\" \/>\n<meta name=\"robots\" content=\"index, follow, max-snippet:-1, max-image-preview:large, max-video-preview:-1\" \/>\n<link rel=\"canonical\" href=\"https:\/\/www.acupuntura-legorburu.com\/ca\/tractaments\/circulacio\/\" \/>\n<meta property=\"og:locale\" content=\"ca_ES\" \/>\n<meta property=\"og:type\" content=\"article\" \/>\n<meta property=\"og:title\" content=\"Millorar la Circulaci\u00f3 Sangu\u00ednia | Cl\u00ednica Acupuntura Legorburu a Bcn i Vic\" \/>\n<meta property=\"og:description\" content=\"Als nostres centres estudiem de forma personalitzada com millorar la circulaci\u00f3 sangu\u00ednia i identifiquem com \u00e9s la millor ter\u00e0pia per a cada persona.\" \/>\n<meta property=\"og:url\" content=\"https:\/\/www.acupuntura-legorburu.com\/ca\/tractaments\/circulacio\/\" \/>\n<meta property=\"article:publisher\" content=\"https:\/\/www.facebook.com\/pages\/Cl%c3%adnica-de-acupuntura-de-la-Dra-Margarita-Legorburu\/126630064083783?fref=ts\" \/>\n<meta property=\"article:modified_time\" content=\"2017-08-30T07:01:54+00:00\" \/>\n<meta property=\"og:image\" content=\"http:\/\/www.acupuntura-legorburu.com\/wp-content\/uploads\/2013\/04\/Acupuntura_Margarita_Legorburu_Circulacion1.jpg\" \/>\n<meta name=\"twitter:label1\" content=\"Temps estimat de lectura\" \/>\n\t<meta name=\"twitter:data1\" content=\"1 minut\" \/>\n<script type=\"application\/ld+json\" class=\"yoast-schema-graph\">{\"@context\":\"https:\/\/schema.org\",\"@graph\":[{\"@type\":\"WebPage\",\"@id\":\"https:\/\/www.acupuntura-legorburu.com\/ca\/tractaments\/circulacio\/\",\"url\":\"https:\/\/www.acupuntura-legorburu.com\/ca\/tractaments\/circulacio\/\",\"name\":\"Millorar la Circulaci\u00f3 Sangu\u00ednia | Cl\u00ednica Acupuntura Legorburu a Bcn i Vic\",\"isPartOf\":{\"@id\":\"https:\/\/www.acupuntura-legorburu.com\/#website\"},\"primaryImageOfPage\":{\"@id\":\"https:\/\/www.acupuntura-legorburu.com\/ca\/tractaments\/circulacio\/#primaryimage\"},\"image\":{\"@id\":\"https:\/\/www.acupuntura-legorburu.com\/ca\/tractaments\/circulacio\/#primaryimage\"},\"thumbnailUrl\":\"http:\/\/www.acupuntura-legorburu.com\/wp-content\/uploads\/2013\/04\/Acupuntura_Margarita_Legorburu_Circulacion1.jpg\",\"datePublished\":\"2013-06-09T22:22:43+00:00\",\"dateModified\":\"2017-08-30T07:01:54+00:00\",\"description\":\"Als nostres centres estudiem de forma personalitzada com millorar la circulaci\u00f3 sangu\u00ednia i identifiquem com \u00e9s la millor ter\u00e0pia per a cada persona.\",\"breadcrumb\":{\"@id\":\"https:\/\/www.acupuntura-legorburu.com\/ca\/tractaments\/circulacio\/#breadcrumb\"},\"inLanguage\":\"ca\",\"potentialAction\":[{\"@type\":\"ReadAction\",\"target\":[\"https:\/\/www.acupuntura-legorburu.com\/ca\/tractaments\/circulacio\/\"]}]},{\"@type\":\"ImageObject\",\"inLanguage\":\"ca\",\"@id\":\"https:\/\/www.acupuntura-legorburu.com\/ca\/tractaments\/circulacio\/#primaryimage\",\"url\":\"http:\/\/www.acupuntura-legorburu.com\/wp-content\/uploads\/2013\/04\/Acupuntura_Margarita_Legorburu_Circulacion1.jpg\",\"contentUrl\":\"http:\/\/www.acupuntura-legorburu.com\/wp-content\/uploads\/2013\/04\/Acupuntura_Margarita_Legorburu_Circulacion1.jpg\"},{\"@type\":\"BreadcrumbList\",\"@id\":\"https:\/\/www.acupuntura-legorburu.com\/ca\/tractaments\/circulacio\/#breadcrumb\",\"itemListElement\":[{\"@type\":\"ListItem\",\"position\":1,\"name\":\"Portada\",\"item\":\"https:\/\/www.acupuntura-legorburu.com\/ca\/\"},{\"@type\":\"ListItem\",\"position\":2,\"name\":\"Tractaments\",\"item\":\"https:\/\/www.acupuntura-legorburu.com\/ca\/tractaments\/\"},{\"@type\":\"ListItem\",\"position\":3,\"name\":\"Circulaci\u00f3\"}]},{\"@type\":\"WebSite\",\"@id\":\"https:\/\/www.acupuntura-legorburu.com\/#website\",\"url\":\"https:\/\/www.acupuntura-legorburu.com\/\",\"name\":\"\",\"description\":\"\",\"potentialAction\":[{\"@type\":\"SearchAction\",\"target\":{\"@type\":\"EntryPoint\",\"urlTemplate\":\"https:\/\/www.acupuntura-legorburu.com\/?s={search_term_string}\"},\"query-input\":{\"@type\":\"PropertyValueSpecification\",\"valueRequired\":true,\"valueName\":\"search_term_string\"}}],\"inLanguage\":\"ca\"}]}<\/script>\n<!-- \/ Yoast SEO plugin. -->","yoast_head_json":{"title":"Millorar la Circulaci\u00f3 Sangu\u00ednia | Cl\u00ednica Acupuntura Legorburu a Bcn i Vic","description":"Als nostres centres estudiem de forma personalitzada com millorar la circulaci\u00f3 sangu\u00ednia i identifiquem com \u00e9s la millor ter\u00e0pia per a cada persona.","robots":{"index":"index","follow":"follow","max-snippet":"max-snippet:-1","max-image-preview":"max-image-preview:large","max-video-preview":"max-video-preview:-1"},"canonical":"https:\/\/www.acupuntura-legorburu.com\/ca\/tractaments\/circulacio\/","og_locale":"ca_ES","og_type":"article","og_title":"Millorar la Circulaci\u00f3 Sangu\u00ednia | Cl\u00ednica Acupuntura Legorburu a Bcn i Vic","og_description":"Als nostres centres estudiem de forma personalitzada com millorar la circulaci\u00f3 sangu\u00ednia i identifiquem com \u00e9s la millor ter\u00e0pia per a cada persona.","og_url":"https:\/\/www.acupuntura-legorburu.com\/ca\/tractaments\/circulacio\/","article_publisher":"https:\/\/www.facebook.com\/pages\/Cl%c3%adnica-de-acupuntura-de-la-Dra-Margarita-Legorburu\/126630064083783?fref=ts","article_modified_time":"2017-08-30T07:01:54+00:00","og_image":[{"url":"http:\/\/www.acupuntura-legorburu.com\/wp-content\/uploads\/2013\/04\/Acupuntura_Margarita_Legorburu_Circulacion1.jpg","type":"","width":"","height":""}],"twitter_misc":{"Temps estimat de lectura":"1 minut"},"schema":{"@context":"https:\/\/schema.org","@graph":[{"@type":"WebPage","@id":"https:\/\/www.acupuntura-legorburu.com\/ca\/tractaments\/circulacio\/","url":"https:\/\/www.acupuntura-legorburu.com\/ca\/tractaments\/circulacio\/","name":"Millorar la Circulaci\u00f3 Sangu\u00ednia | Cl\u00ednica Acupuntura Legorburu a Bcn i Vic","isPartOf":{"@id":"https:\/\/www.acupuntura-legorburu.com\/#website"},"primaryImageOfPage":{"@id":"https:\/\/www.acupuntura-legorburu.com\/ca\/tractaments\/circulacio\/#primaryimage"},"image":{"@id":"https:\/\/www.acupuntura-legorburu.com\/ca\/tractaments\/circulacio\/#primaryimage"},"thumbnailUrl":"http:\/\/www.acupuntura-legorburu.com\/wp-content\/uploads\/2013\/04\/Acupuntura_Margarita_Legorburu_Circulacion1.jpg","datePublished":"2013-06-09T22:22:43+00:00","dateModified":"2017-08-30T07:01:54+00:00","description":"Als nostres centres estudiem de forma personalitzada com millorar la circulaci\u00f3 sangu\u00ednia i identifiquem com \u00e9s la millor ter\u00e0pia per a cada persona.","breadcrumb":{"@id":"https:\/\/www.acupuntura-legorburu.com\/ca\/tractaments\/circulacio\/#breadcrumb"},"inLanguage":"ca","potentialAction":[{"@type":"ReadAction","target":["https:\/\/www.acupuntura-legorburu.com\/ca\/tractaments\/circulacio\/"]}]},{"@type":"ImageObject","inLanguage":"ca","@id":"https:\/\/www.acupuntura-legorburu.com\/ca\/tractaments\/circulacio\/#primaryimage","url":"http:\/\/www.acupuntura-legorburu.com\/wp-content\/uploads\/2013\/04\/Acupuntura_Margarita_Legorburu_Circulacion1.jpg","contentUrl":"http:\/\/www.acupuntura-legorburu.com\/wp-content\/uploads\/2013\/04\/Acupuntura_Margarita_Legorburu_Circulacion1.jpg"},{"@type":"BreadcrumbList","@id":"https:\/\/www.acupuntura-legorburu.com\/ca\/tractaments\/circulacio\/#breadcrumb","itemListElement":[{"@type":"ListItem","position":1,"name":"Portada","item":"https:\/\/www.acupuntura-legorburu.com\/ca\/"},{"@type":"ListItem","position":2,"name":"Tractaments","item":"https:\/\/www.acupuntura-legorburu.com\/ca\/tractaments\/"},{"@type":"ListItem","position":3,"name":"Circulaci\u00f3"}]},{"@type":"WebSite","@id":"https:\/\/www.acupuntura-legorburu.com\/#website","url":"https:\/\/www.acupuntura-legorburu.com\/","name":"","description":"","potentialAction":[{"@type":"SearchAction","target":{"@type":"EntryPoint","urlTemplate":"https:\/\/www.acupuntura-legorburu.com\/?s={search_term_string}"},"query-input":{"@type":"PropertyValueSpecification","valueRequired":true,"valueName":"search_term_string"}}],"inLanguage":"ca"}]}},"_links":{"self":[{"href":"https:\/\/www.acupuntura-legorburu.com\/ca\/wp-json\/wp\/v2\/pages\/806","targetHints":{"allow":["GET"]}}],"collection":[{"href":"https:\/\/www.acupuntura-legorburu.com\/ca\/wp-json\/wp\/v2\/pages"}],"about":[{"href":"https:\/\/www.acupuntura-legorburu.com\/ca\/wp-json\/wp\/v2\/types\/page"}],"author":[{"embeddable":true,"href":"https:\/\/www.acupuntura-legorburu.com\/ca\/wp-json\/wp\/v2\/users\/1"}],"replies":[{"embeddable":true,"href":"https:\/\/www.acupuntura-legorburu.com\/ca\/wp-json\/wp\/v2\/comments?post=806"}],"version-history":[{"count":12,"href":"https:\/\/www.acupuntura-legorburu.com\/ca\/wp-json\/wp\/v2\/pages\/806\/revisions"}],"predecessor-version":[{"id":7467,"href":"https:\/\/www.acupuntura-legorburu.com\/ca\/wp-json\/wp\/v2\/pages\/806\/revisions\/7467"}],"up":[{"embeddable":true,"href":"https:\/\/www.acupuntura-legorburu.com\/ca\/wp-json\/wp\/v2\/pages\/1830"}],"wp:attachment":[{"href":"https:\/\/www.acupuntura-legorburu.com\/ca\/wp-json\/wp\/v2\/media?parent=806"}],"curies":[{"name":"wp","href":"https:\/\/api.w.org\/{rel}","templated":true}]}}