{"id":801,"date":"2013-06-09T22:18:01","date_gmt":"2013-06-09T22:18:01","guid":{"rendered":"http:\/\/www.acupuntura-legorburu.com\/web\/?page_id=801"},"modified":"2017-08-29T12:46:24","modified_gmt":"2017-08-29T10:46:24","slug":"aparel-respiratori","status":"publish","type":"page","link":"https:\/\/www.acupuntura-legorburu.com\/ca\/tractaments\/aparel-respiratori\/","title":{"rendered":"Aparell respiratori"},"content":{"rendered":"<h1><strong>Aparell Respiratori<\/strong><\/h1>\n<p>Als nostres centres d&#8217;Acupuntura Legorburu a Vic i Barcelona tractem patologies relacionades amb l&#8217;aparell respiratori a trav\u00e9s de l&#8217;acupuntura i altres tractaments de medicina tradicional xinesa.<\/p>\n<p>La Medicina Tradicional Xinesa relaciona totes les patologies amb 5 elements. En el cas de la patologia pulmonar, la medicina xinesa relaciona el pulm\u00f3 (element Aigua) amb el sentiment de tristesa. Aix\u00ed mateix l&#8217;element aigua tamb\u00e9 regula la pell, per la qual cosa ser\u00e0 freq\u00fcent trobar patologia de pulm\u00f3 i cut\u00e0nia alternant en el mateix pacient.<\/p>\n<p>Mitjan\u00e7ant els nostres tractaments, regularem l&#8217;energia perqu\u00e8 desapareguin aquests s\u00edmptomes.<\/p>\n<h2>&nbsp;<\/h2>\n<h2><strong>Patologies de l&#8217;aparell respiratori tractades a la Cl\u00ednica Acupuntura Legorburu:<\/strong><\/h2>\n<p>Als nostres centres tractem patologies relacionades amb el sistema respiratori, destaquem:<a href=\"http:\/\/www.acupuntura-legorburu.com\/wp-content\/uploads\/2013\/04\/Acupuntura_Margarita_Legorburu_Sistema_Respiratorio.jpg\"><img decoding=\"async\" class=\"alignright wp-image-724 size-full\" style=\"margin: 20px;\" title=\"Aparell Respiratori\" src=\"https:\/\/www.acupuntura-legorburu.com\/wp-content\/uploads\/2013\/04\/Acupuntura_Margarita_Legorburu_Sistema_Respiratorio.jpg\" alt=\"Aparell Respiratori\" width=\"369\" height=\"369\" srcset=\"https:\/\/www.acupuntura-legorburu.com\/wp-content\/uploads\/2013\/04\/Acupuntura_Margarita_Legorburu_Sistema_Respiratorio-36x36.jpg 36w, https:\/\/www.acupuntura-legorburu.com\/wp-content\/uploads\/2013\/04\/Acupuntura_Margarita_Legorburu_Sistema_Respiratorio-60x60.jpg 60w, https:\/\/www.acupuntura-legorburu.com\/wp-content\/uploads\/2013\/04\/Acupuntura_Margarita_Legorburu_Sistema_Respiratorio-75x75.jpg 75w, https:\/\/www.acupuntura-legorburu.com\/wp-content\/uploads\/2013\/04\/Acupuntura_Margarita_Legorburu_Sistema_Respiratorio-150x150.jpg 150w, https:\/\/www.acupuntura-legorburu.com\/wp-content\/uploads\/2013\/04\/Acupuntura_Margarita_Legorburu_Sistema_Respiratorio-300x300.jpg 300w, https:\/\/www.acupuntura-legorburu.com\/wp-content\/uploads\/2013\/04\/Acupuntura_Margarita_Legorburu_Sistema_Respiratorio.jpg 369w\" sizes=\"(max-width: 369px) 100vw, 369px\" \/><\/a><\/p>\n<ul>\n<li>Tabaquisme<\/li>\n<li>Sinusitis<\/li>\n<li>Otitis<\/li>\n<li>Amigdalitis<\/li>\n<li>Faringitis<\/li>\n<li>Bronquitis<\/li>\n<li>Asma<\/li>\n<li>Rinitis<\/li>\n<li>Al\u00b7l\u00e8rgies<\/li>\n<li>Etc.<\/li>\n<\/ul>\n<p>Gr\u00e0cies a l&#8217;acupuntura i altres tractaments de medicina tradicional xinesa, com \u00e9s l&#8217;homeopatia, podem millorar la simptomatologia d&#8217;aquestes patologies.<\/p>\n<p>&nbsp;<\/p>\n<p>&nbsp;<\/p>\n<p><a href=\"https:\/\/www.acupuntura-legorburu.com\/ca\/tractaments\/\">Consulti tots els tractaments que oferim a la Cl\u00ednica Acupuntura Legorburu. <\/a><\/p>\n<p>Contacti amb la Cl\u00ednica Acupuntura Legorburu i sol\u00b7liciti&#8217;ns m\u00e9s informaci\u00f3!<\/p>\n","protected":false},"excerpt":{"rendered":"<p>Aparell Respiratori Als nostres centres d&#8217;Acupuntura Legorburu a Vic i Barcelona tractem patologies relacionades amb l&#8217;aparell respiratori a trav\u00e9s de l&#8217;acupuntura i altres tractaments de medicina tradicional xinesa. La Medicina Tradicional Xinesa relaciona totes les patologies amb 5 elements. [&#8230;]<\/p>\n","protected":false},"author":1,"featured_media":0,"parent":1830,"menu_order":2,"comment_status":"open","ping_status":"closed","template":"","meta":{"ngg_post_thumbnail":0,"_joinchat":[],"footnotes":""},"class_list":["post-801","page","type-page","status-publish","hentry"],"yoast_head":"<!-- This site is optimized with the Yoast SEO plugin v27.0 - https:\/\/yoast.com\/product\/yoast-seo-wordpress\/ -->\n<title>Tractaments de l&#039;Aparell Respiratori | Cl\u00ednica Acupuntura Legorburu<\/title>\n<meta name=\"description\" content=\"A trav\u00e9s de la Medicina Tradicional Xinesa tractem patologies de l&#039;aparell respiratori com la sinusitis, l&#039;asma, la rinitis, el tabaquisme o les al\u00b7l\u00e8rgies.\" \/>\n<meta name=\"robots\" content=\"index, follow, max-snippet:-1, max-image-preview:large, max-video-preview:-1\" \/>\n<link rel=\"canonical\" href=\"https:\/\/www.acupuntura-legorburu.com\/ca\/tractaments\/aparel-respiratori\/\" \/>\n<meta property=\"og:locale\" content=\"ca_ES\" \/>\n<meta property=\"og:type\" content=\"article\" \/>\n<meta property=\"og:title\" content=\"Tractaments de l&#039;Aparell Respiratori | Cl\u00ednica Acupuntura Legorburu\" \/>\n<meta property=\"og:description\" content=\"A trav\u00e9s de la Medicina Tradicional Xinesa tractem patologies de l&#039;aparell respiratori com la sinusitis, l&#039;asma, la rinitis, el tabaquisme o les al\u00b7l\u00e8rgies.\" \/>\n<meta property=\"og:url\" content=\"https:\/\/www.acupuntura-legorburu.com\/ca\/tractaments\/aparel-respiratori\/\" \/>\n<meta property=\"article:publisher\" content=\"https:\/\/www.facebook.com\/pages\/Cl%c3%adnica-de-acupuntura-de-la-Dra-Margarita-Legorburu\/126630064083783?fref=ts\" \/>\n<meta property=\"article:modified_time\" content=\"2017-08-29T10:46:24+00:00\" \/>\n<meta property=\"og:image\" content=\"https:\/\/www.acupuntura-legorburu.com\/wp-content\/uploads\/2013\/04\/Acupuntura_Margarita_Legorburu_Sistema_Respiratorio.jpg\" \/>\n<meta name=\"twitter:label1\" content=\"Temps estimat de lectura\" \/>\n\t<meta name=\"twitter:data1\" content=\"1 minut\" \/>\n<script type=\"application\/ld+json\" class=\"yoast-schema-graph\">{\"@context\":\"https:\/\/schema.org\",\"@graph\":[{\"@type\":\"WebPage\",\"@id\":\"https:\/\/www.acupuntura-legorburu.com\/ca\/tractaments\/aparel-respiratori\/\",\"url\":\"https:\/\/www.acupuntura-legorburu.com\/ca\/tractaments\/aparel-respiratori\/\",\"name\":\"Tractaments de l'Aparell Respiratori | Cl\u00ednica Acupuntura Legorburu\",\"isPartOf\":{\"@id\":\"https:\/\/www.acupuntura-legorburu.com\/#website\"},\"primaryImageOfPage\":{\"@id\":\"https:\/\/www.acupuntura-legorburu.com\/ca\/tractaments\/aparel-respiratori\/#primaryimage\"},\"image\":{\"@id\":\"https:\/\/www.acupuntura-legorburu.com\/ca\/tractaments\/aparel-respiratori\/#primaryimage\"},\"thumbnailUrl\":\"https:\/\/www.acupuntura-legorburu.com\/wp-content\/uploads\/2013\/04\/Acupuntura_Margarita_Legorburu_Sistema_Respiratorio.jpg\",\"datePublished\":\"2013-06-09T22:18:01+00:00\",\"dateModified\":\"2017-08-29T10:46:24+00:00\",\"description\":\"A trav\u00e9s de la Medicina Tradicional Xinesa tractem patologies de l'aparell respiratori com la sinusitis, l'asma, la rinitis, el tabaquisme o les al\u00b7l\u00e8rgies.\",\"breadcrumb\":{\"@id\":\"https:\/\/www.acupuntura-legorburu.com\/ca\/tractaments\/aparel-respiratori\/#breadcrumb\"},\"inLanguage\":\"ca\",\"potentialAction\":[{\"@type\":\"ReadAction\",\"target\":[\"https:\/\/www.acupuntura-legorburu.com\/ca\/tractaments\/aparel-respiratori\/\"]}]},{\"@type\":\"ImageObject\",\"inLanguage\":\"ca\",\"@id\":\"https:\/\/www.acupuntura-legorburu.com\/ca\/tractaments\/aparel-respiratori\/#primaryimage\",\"url\":\"https:\/\/www.acupuntura-legorburu.com\/wp-content\/uploads\/2013\/04\/Acupuntura_Margarita_Legorburu_Sistema_Respiratorio.jpg\",\"contentUrl\":\"https:\/\/www.acupuntura-legorburu.com\/wp-content\/uploads\/2013\/04\/Acupuntura_Margarita_Legorburu_Sistema_Respiratorio.jpg\"},{\"@type\":\"BreadcrumbList\",\"@id\":\"https:\/\/www.acupuntura-legorburu.com\/ca\/tractaments\/aparel-respiratori\/#breadcrumb\",\"itemListElement\":[{\"@type\":\"ListItem\",\"position\":1,\"name\":\"Portada\",\"item\":\"https:\/\/www.acupuntura-legorburu.com\/ca\/\"},{\"@type\":\"ListItem\",\"position\":2,\"name\":\"Tractaments\",\"item\":\"https:\/\/www.acupuntura-legorburu.com\/ca\/tractaments\/\"},{\"@type\":\"ListItem\",\"position\":3,\"name\":\"Aparell respiratori\"}]},{\"@type\":\"WebSite\",\"@id\":\"https:\/\/www.acupuntura-legorburu.com\/#website\",\"url\":\"https:\/\/www.acupuntura-legorburu.com\/\",\"name\":\"\",\"description\":\"\",\"potentialAction\":[{\"@type\":\"SearchAction\",\"target\":{\"@type\":\"EntryPoint\",\"urlTemplate\":\"https:\/\/www.acupuntura-legorburu.com\/?s={search_term_string}\"},\"query-input\":{\"@type\":\"PropertyValueSpecification\",\"valueRequired\":true,\"valueName\":\"search_term_string\"}}],\"inLanguage\":\"ca\"}]}<\/script>\n<!-- \/ Yoast SEO plugin. -->","yoast_head_json":{"title":"Tractaments de l'Aparell Respiratori | Cl\u00ednica Acupuntura Legorburu","description":"A trav\u00e9s de la Medicina Tradicional Xinesa tractem patologies de l'aparell respiratori com la sinusitis, l'asma, la rinitis, el tabaquisme o les al\u00b7l\u00e8rgies.","robots":{"index":"index","follow":"follow","max-snippet":"max-snippet:-1","max-image-preview":"max-image-preview:large","max-video-preview":"max-video-preview:-1"},"canonical":"https:\/\/www.acupuntura-legorburu.com\/ca\/tractaments\/aparel-respiratori\/","og_locale":"ca_ES","og_type":"article","og_title":"Tractaments de l'Aparell Respiratori | Cl\u00ednica Acupuntura Legorburu","og_description":"A trav\u00e9s de la Medicina Tradicional Xinesa tractem patologies de l'aparell respiratori com la sinusitis, l'asma, la rinitis, el tabaquisme o les al\u00b7l\u00e8rgies.","og_url":"https:\/\/www.acupuntura-legorburu.com\/ca\/tractaments\/aparel-respiratori\/","article_publisher":"https:\/\/www.facebook.com\/pages\/Cl%c3%adnica-de-acupuntura-de-la-Dra-Margarita-Legorburu\/126630064083783?fref=ts","article_modified_time":"2017-08-29T10:46:24+00:00","og_image":[{"url":"https:\/\/www.acupuntura-legorburu.com\/wp-content\/uploads\/2013\/04\/Acupuntura_Margarita_Legorburu_Sistema_Respiratorio.jpg","type":"","width":"","height":""}],"twitter_misc":{"Temps estimat de lectura":"1 minut"},"schema":{"@context":"https:\/\/schema.org","@graph":[{"@type":"WebPage","@id":"https:\/\/www.acupuntura-legorburu.com\/ca\/tractaments\/aparel-respiratori\/","url":"https:\/\/www.acupuntura-legorburu.com\/ca\/tractaments\/aparel-respiratori\/","name":"Tractaments de l'Aparell Respiratori | Cl\u00ednica Acupuntura Legorburu","isPartOf":{"@id":"https:\/\/www.acupuntura-legorburu.com\/#website"},"primaryImageOfPage":{"@id":"https:\/\/www.acupuntura-legorburu.com\/ca\/tractaments\/aparel-respiratori\/#primaryimage"},"image":{"@id":"https:\/\/www.acupuntura-legorburu.com\/ca\/tractaments\/aparel-respiratori\/#primaryimage"},"thumbnailUrl":"https:\/\/www.acupuntura-legorburu.com\/wp-content\/uploads\/2013\/04\/Acupuntura_Margarita_Legorburu_Sistema_Respiratorio.jpg","datePublished":"2013-06-09T22:18:01+00:00","dateModified":"2017-08-29T10:46:24+00:00","description":"A trav\u00e9s de la Medicina Tradicional Xinesa tractem patologies de l'aparell respiratori com la sinusitis, l'asma, la rinitis, el tabaquisme o les al\u00b7l\u00e8rgies.","breadcrumb":{"@id":"https:\/\/www.acupuntura-legorburu.com\/ca\/tractaments\/aparel-respiratori\/#breadcrumb"},"inLanguage":"ca","potentialAction":[{"@type":"ReadAction","target":["https:\/\/www.acupuntura-legorburu.com\/ca\/tractaments\/aparel-respiratori\/"]}]},{"@type":"ImageObject","inLanguage":"ca","@id":"https:\/\/www.acupuntura-legorburu.com\/ca\/tractaments\/aparel-respiratori\/#primaryimage","url":"https:\/\/www.acupuntura-legorburu.com\/wp-content\/uploads\/2013\/04\/Acupuntura_Margarita_Legorburu_Sistema_Respiratorio.jpg","contentUrl":"https:\/\/www.acupuntura-legorburu.com\/wp-content\/uploads\/2013\/04\/Acupuntura_Margarita_Legorburu_Sistema_Respiratorio.jpg"},{"@type":"BreadcrumbList","@id":"https:\/\/www.acupuntura-legorburu.com\/ca\/tractaments\/aparel-respiratori\/#breadcrumb","itemListElement":[{"@type":"ListItem","position":1,"name":"Portada","item":"https:\/\/www.acupuntura-legorburu.com\/ca\/"},{"@type":"ListItem","position":2,"name":"Tractaments","item":"https:\/\/www.acupuntura-legorburu.com\/ca\/tractaments\/"},{"@type":"ListItem","position":3,"name":"Aparell respiratori"}]},{"@type":"WebSite","@id":"https:\/\/www.acupuntura-legorburu.com\/#website","url":"https:\/\/www.acupuntura-legorburu.com\/","name":"","description":"","potentialAction":[{"@type":"SearchAction","target":{"@type":"EntryPoint","urlTemplate":"https:\/\/www.acupuntura-legorburu.com\/?s={search_term_string}"},"query-input":{"@type":"PropertyValueSpecification","valueRequired":true,"valueName":"search_term_string"}}],"inLanguage":"ca"}]}},"_links":{"self":[{"href":"https:\/\/www.acupuntura-legorburu.com\/ca\/wp-json\/wp\/v2\/pages\/801","targetHints":{"allow":["GET"]}}],"collection":[{"href":"https:\/\/www.acupuntura-legorburu.com\/ca\/wp-json\/wp\/v2\/pages"}],"about":[{"href":"https:\/\/www.acupuntura-legorburu.com\/ca\/wp-json\/wp\/v2\/types\/page"}],"author":[{"embeddable":true,"href":"https:\/\/www.acupuntura-legorburu.com\/ca\/wp-json\/wp\/v2\/users\/1"}],"replies":[{"embeddable":true,"href":"https:\/\/www.acupuntura-legorburu.com\/ca\/wp-json\/wp\/v2\/comments?post=801"}],"version-history":[{"count":14,"href":"https:\/\/www.acupuntura-legorburu.com\/ca\/wp-json\/wp\/v2\/pages\/801\/revisions"}],"predecessor-version":[{"id":7464,"href":"https:\/\/www.acupuntura-legorburu.com\/ca\/wp-json\/wp\/v2\/pages\/801\/revisions\/7464"}],"up":[{"embeddable":true,"href":"https:\/\/www.acupuntura-legorburu.com\/ca\/wp-json\/wp\/v2\/pages\/1830"}],"wp:attachment":[{"href":"https:\/\/www.acupuntura-legorburu.com\/ca\/wp-json\/wp\/v2\/media?parent=801"}],"curies":[{"name":"wp","href":"https:\/\/api.w.org\/{rel}","templated":true}]}}