{"id":793,"date":"2013-06-09T22:09:16","date_gmt":"2013-06-09T22:09:16","guid":{"rendered":"http:\/\/www.acupuntura-legorburu.com\/web\/?page_id=793"},"modified":"2017-07-28T17:43:58","modified_gmt":"2017-07-28T15:43:58","slug":"homeopatia","status":"publish","type":"page","link":"https:\/\/www.acupuntura-legorburu.com\/ca\/homeopatia\/","title":{"rendered":"Homeopatia"},"content":{"rendered":"<div class=\"tabdesc\">\n<h1>Homeopatia<a href=\"http:\/\/www.acupuntura-legorburu.com\/wp-content\/uploads\/2013\/04\/Acupuntura_Margarita_Legorburu_Homeopatia1.jpg\" target=\"_blank\" rel=\"noopener\"><img decoding=\"async\" class=\"size-full wp-image-931 alignright\" style=\"margin: 20px;\" title=\"Boletes d'homeopatia\" src=\"http:\/\/www.acupuntura-legorburu.com\/wp-content\/uploads\/2013\/04\/Acupuntura_Margarita_Legorburu_Homeopatia1.jpg\" alt=\"Boletes d'homeopatia\" width=\"369\" height=\"238\" srcset=\"https:\/\/www.acupuntura-legorburu.com\/wp-content\/uploads\/2013\/04\/Acupuntura_Margarita_Legorburu_Homeopatia1-300x193.jpg 300w, https:\/\/www.acupuntura-legorburu.com\/wp-content\/uploads\/2013\/04\/Acupuntura_Margarita_Legorburu_Homeopatia1.jpg 369w\" sizes=\"(max-width: 369px) 100vw, 369px\" \/><\/a><\/h1>\n<p style=\"text-align: justify;\">L\u2019<strong>homeopatia<\/strong> \u00e9s un m\u00e8tode terap\u00e8utic que aplica el fenomen de similitut en la seva pr\u00e0ctica cl\u00ednica. Les subst\u00e0ncies utilitzades a aquest efecte les veurem en dosis infinitesimals i poden ser plantes, minerals, etc.<\/p>\n<h2 style=\"text-align: justify;\"><strong><span title=\"Medicamento homeop\u00e1tico:\">Medicament homeop\u00e0tic:<\/span><\/strong><\/h2>\n<p style=\"text-align: justify;\">L&#8217;&nbsp;<strong>homeopatia<\/strong>&nbsp;\u00e9s un tractament sense efectes secudaris, no t\u00e9 cap actuaci\u00f3 qu\u00edmica.<\/p>\n<p style=\"text-align: justify;\"><span title=\"Hace reaccionar al organismo enfermo actuando como un regulador espec\u00edfico de este mismo, a\u00fan y no tener acci\u00f3n farmacodin\u00e1mica propia.\">Fa reaccionar l&#8217;organisme malalt actuant com un regulador espec\u00edfic d&#8217;aquest mateix, tot i no tenir acci\u00f3 farmacodin\u00e0mica pr\u00f2pia. <\/span><span title=\"Son medicamentos que se prescriben preparados de una manera especial: las potencias.\">S\u00f3n medicaments que es prescriuen preparats d&#8217;una manera especial: les pot\u00e8ncies. <\/span><\/p>\n<p style=\"text-align: justify;\"><span title=\"Para evitar los posibles efectos t\u00f3xicos de una substancia, se someten a un proceso de diluciones y soluciones repetidas.\">Per evitar els possibles efectes t\u00f2xics d&#8217;una subst\u00e0ncia, se sotmeten a un proc\u00e9s de dilucions i solucions repetides. <\/span><span title=\"Al estimular el proceso natural de curaci\u00f3n individual de cada paciente y de esta manera restablecer su salud.\">En estimular el proc\u00e9s natural de curaci\u00f3 individual de cada pacient i d&#8217;aquesta manera restablir la seva salut.<\/span><\/p>\n<h2 style=\"text-align: justify;\"><strong><span title=\"Cuando tratarse con homeopat\u00eda:\">Quan tractar amb homeopatia:<\/span><\/strong><\/h2>\n<p style=\"text-align: justify;\">Como ja s&#8217;ha dit anteriorment, la <strong>homeopatia <\/strong>\u00e9s un tractament sense efectes secundaris. Es poden fer servir els tractaments d&#8217;homeopatia per qualsevol patologia, com cefalees o migranyes. Tamb\u00e9 en patologies que es repeteixen o que no remiteixen mai. A m\u00e9s tamb\u00e9 es poden tractar problemes menstruals, dermatol\u00f2gics o patologia dolorosa de qualsevol origen. L&#8217;homeopatia tamb\u00e9 pot ser d&#8217;ajuan per tractar la debilitat del sistema immunol\u00f2gic, ansietat, problemes de fertilitat,etc.<\/p>\n<p style=\"text-align: justify;\"><span title=\"En enfermedades agudas, encontraremos gran utilidad en: lesiones deportivas y accidentes, infecciones agudas y otros muchos casos.\">En malalties agudes, trobarem gran utilitat en: lesions esportives i accidents, infeccions agudes i molts altres casos.<\/span><\/p>\n<p style=\"text-align: justify;\"><span title=\"Cada paciente aprender\u00e1 a confeccionarse un botiqu\u00edn de urgencias a su medida.\">Cada pacient aprendr\u00e0 a confeccionar una farmaciola d&#8217;urg\u00e8ncies a la seva mida.<\/span><\/p>\n<p style=\"text-align: justify;\"><span title=\"No todos los casos son a ser susceptibles de ser tratados con homeopat\u00eda.\">No tots els casos s\u00f3n susceptibles de ser tractats amb homeopatia. <\/span><span title=\"Lesiones anat\u00f3micas, problemas mec\u00e1nicos en general, o tumoraciones, van a requerir otro tratamiento y posiblemente cirug\u00eda.\">Lesions anat\u00f2miques, problemes mec\u00e0nics en general, o tumoracions, requerir\u00e1n un altre tractament i possiblement cirurgia.<\/span><\/p>\n<p style=\"text-align: justify;\"><span title=\"Hanneman observ\u00f3 que no en todas las personas una misma enfermedad se desarrolla de la misma manera.\">Hanneman va observar que no en totes les persones una mateixa malaltia es desenvolupa de la mateixa manera. <\/span><span title=\"Seg\u00fan las caracter\u00edsticas de cada persona (lo que conocemos por terreno), la enfermedad adopta una u otra forma.\">Segons les caracter\u00edstiques de cada persona (el que coneixem per terreny), la malaltia adopta una o altra forma.<\/span><\/p>\n<p><span title=\"En nuestros tratamientos vamos a encaminar nuestro esfuerzo no en eliminar la enfermedad, si no a tratar a \u201ccada enfermo\u201dpara ayudar a que este mismo llegue a la curaci\u00f3n.\">En els nostres tractaments ens enfoquem en tractar &#8220;cada malalt&#8221; per ajudar-lo a que ell mateix arribi a la curaci\u00f3.<\/span><\/p>\n<\/div>\n","protected":false},"excerpt":{"rendered":"<p>Homeopatia L\u2019homeopatia \u00e9s un m\u00e8tode terap\u00e8utic que aplica el fenomen de similitut en la seva pr\u00e0ctica cl\u00ednica. Les subst\u00e0ncies utilitzades a aquest efecte les veurem en dosis infinitesimals i poden ser plantes, minerals, etc. Medicament homeop\u00e0tic: L&#8217;&nbsp;homeopatia&nbsp;\u00e9s un tractament [&#8230;]<\/p>\n","protected":false},"author":1,"featured_media":0,"parent":0,"menu_order":0,"comment_status":"open","ping_status":"open","template":"","meta":{"ngg_post_thumbnail":0,"_joinchat":[],"footnotes":""},"class_list":["post-793","page","type-page","status-publish","hentry"],"yoast_head":"<!-- This site is optimized with the Yoast SEO plugin v27.0 - https:\/\/yoast.com\/product\/yoast-seo-wordpress\/ -->\n<title>Homeopatia | Tractaments d&#039;homeopatia per a qualsevol patologia<\/title>\n<meta name=\"description\" content=\"L&#039;homeopatia \u00e9s una terapia sense efectes secundaris. Es poden fer servir els tractaments d&#039;homeopatia per qualsevol patologia, com cefaleas i migranyes.\" \/>\n<meta name=\"robots\" content=\"index, follow, max-snippet:-1, max-image-preview:large, max-video-preview:-1\" \/>\n<link rel=\"canonical\" href=\"https:\/\/www.acupuntura-legorburu.com\/ca\/homeopatia\/\" \/>\n<meta property=\"og:locale\" content=\"ca_ES\" \/>\n<meta property=\"og:type\" content=\"article\" \/>\n<meta property=\"og:title\" content=\"Homeopatia | Tractaments d&#039;homeopatia per a qualsevol patologia\" \/>\n<meta property=\"og:description\" content=\"L&#039;homeopatia \u00e9s una terapia sense efectes secundaris. Es poden fer servir els tractaments d&#039;homeopatia per qualsevol patologia, com cefaleas i migranyes.\" \/>\n<meta property=\"og:url\" content=\"https:\/\/www.acupuntura-legorburu.com\/ca\/homeopatia\/\" \/>\n<meta property=\"article:publisher\" content=\"https:\/\/www.facebook.com\/pages\/Cl%c3%adnica-de-acupuntura-de-la-Dra-Margarita-Legorburu\/126630064083783?fref=ts\" \/>\n<meta property=\"article:modified_time\" content=\"2017-07-28T15:43:58+00:00\" \/>\n<meta property=\"og:image\" content=\"http:\/\/www.acupuntura-legorburu.com\/wp-content\/uploads\/2013\/04\/Acupuntura_Margarita_Legorburu_Homeopatia1.jpg\" \/>\n<meta name=\"twitter:label1\" content=\"Temps estimat de lectura\" \/>\n\t<meta name=\"twitter:data1\" content=\"2 minuts\" \/>\n<script type=\"application\/ld+json\" class=\"yoast-schema-graph\">{\"@context\":\"https:\/\/schema.org\",\"@graph\":[{\"@type\":\"WebPage\",\"@id\":\"https:\/\/www.acupuntura-legorburu.com\/ca\/homeopatia\/\",\"url\":\"https:\/\/www.acupuntura-legorburu.com\/ca\/homeopatia\/\",\"name\":\"Homeopatia | Tractaments d'homeopatia per a qualsevol patologia\",\"isPartOf\":{\"@id\":\"https:\/\/www.acupuntura-legorburu.com\/#website\"},\"primaryImageOfPage\":{\"@id\":\"https:\/\/www.acupuntura-legorburu.com\/ca\/homeopatia\/#primaryimage\"},\"image\":{\"@id\":\"https:\/\/www.acupuntura-legorburu.com\/ca\/homeopatia\/#primaryimage\"},\"thumbnailUrl\":\"http:\/\/www.acupuntura-legorburu.com\/wp-content\/uploads\/2013\/04\/Acupuntura_Margarita_Legorburu_Homeopatia1.jpg\",\"datePublished\":\"2013-06-09T22:09:16+00:00\",\"dateModified\":\"2017-07-28T15:43:58+00:00\",\"description\":\"L'homeopatia \u00e9s una terapia sense efectes secundaris. Es poden fer servir els tractaments d'homeopatia per qualsevol patologia, com cefaleas i migranyes.\",\"breadcrumb\":{\"@id\":\"https:\/\/www.acupuntura-legorburu.com\/ca\/homeopatia\/#breadcrumb\"},\"inLanguage\":\"ca\",\"potentialAction\":[{\"@type\":\"ReadAction\",\"target\":[\"https:\/\/www.acupuntura-legorburu.com\/ca\/homeopatia\/\"]}]},{\"@type\":\"ImageObject\",\"inLanguage\":\"ca\",\"@id\":\"https:\/\/www.acupuntura-legorburu.com\/ca\/homeopatia\/#primaryimage\",\"url\":\"http:\/\/www.acupuntura-legorburu.com\/wp-content\/uploads\/2013\/04\/Acupuntura_Margarita_Legorburu_Homeopatia1.jpg\",\"contentUrl\":\"http:\/\/www.acupuntura-legorburu.com\/wp-content\/uploads\/2013\/04\/Acupuntura_Margarita_Legorburu_Homeopatia1.jpg\"},{\"@type\":\"BreadcrumbList\",\"@id\":\"https:\/\/www.acupuntura-legorburu.com\/ca\/homeopatia\/#breadcrumb\",\"itemListElement\":[{\"@type\":\"ListItem\",\"position\":1,\"name\":\"Portada\",\"item\":\"https:\/\/www.acupuntura-legorburu.com\/ca\/\"},{\"@type\":\"ListItem\",\"position\":2,\"name\":\"Homeopatia\"}]},{\"@type\":\"WebSite\",\"@id\":\"https:\/\/www.acupuntura-legorburu.com\/#website\",\"url\":\"https:\/\/www.acupuntura-legorburu.com\/\",\"name\":\"\",\"description\":\"\",\"potentialAction\":[{\"@type\":\"SearchAction\",\"target\":{\"@type\":\"EntryPoint\",\"urlTemplate\":\"https:\/\/www.acupuntura-legorburu.com\/?s={search_term_string}\"},\"query-input\":{\"@type\":\"PropertyValueSpecification\",\"valueRequired\":true,\"valueName\":\"search_term_string\"}}],\"inLanguage\":\"ca\"}]}<\/script>\n<!-- \/ Yoast SEO plugin. -->","yoast_head_json":{"title":"Homeopatia | Tractaments d'homeopatia per a qualsevol patologia","description":"L'homeopatia \u00e9s una terapia sense efectes secundaris. Es poden fer servir els tractaments d'homeopatia per qualsevol patologia, com cefaleas i migranyes.","robots":{"index":"index","follow":"follow","max-snippet":"max-snippet:-1","max-image-preview":"max-image-preview:large","max-video-preview":"max-video-preview:-1"},"canonical":"https:\/\/www.acupuntura-legorburu.com\/ca\/homeopatia\/","og_locale":"ca_ES","og_type":"article","og_title":"Homeopatia | Tractaments d'homeopatia per a qualsevol patologia","og_description":"L'homeopatia \u00e9s una terapia sense efectes secundaris. Es poden fer servir els tractaments d'homeopatia per qualsevol patologia, com cefaleas i migranyes.","og_url":"https:\/\/www.acupuntura-legorburu.com\/ca\/homeopatia\/","article_publisher":"https:\/\/www.facebook.com\/pages\/Cl%c3%adnica-de-acupuntura-de-la-Dra-Margarita-Legorburu\/126630064083783?fref=ts","article_modified_time":"2017-07-28T15:43:58+00:00","og_image":[{"url":"http:\/\/www.acupuntura-legorburu.com\/wp-content\/uploads\/2013\/04\/Acupuntura_Margarita_Legorburu_Homeopatia1.jpg","type":"","width":"","height":""}],"twitter_misc":{"Temps estimat de lectura":"2 minuts"},"schema":{"@context":"https:\/\/schema.org","@graph":[{"@type":"WebPage","@id":"https:\/\/www.acupuntura-legorburu.com\/ca\/homeopatia\/","url":"https:\/\/www.acupuntura-legorburu.com\/ca\/homeopatia\/","name":"Homeopatia | Tractaments d'homeopatia per a qualsevol patologia","isPartOf":{"@id":"https:\/\/www.acupuntura-legorburu.com\/#website"},"primaryImageOfPage":{"@id":"https:\/\/www.acupuntura-legorburu.com\/ca\/homeopatia\/#primaryimage"},"image":{"@id":"https:\/\/www.acupuntura-legorburu.com\/ca\/homeopatia\/#primaryimage"},"thumbnailUrl":"http:\/\/www.acupuntura-legorburu.com\/wp-content\/uploads\/2013\/04\/Acupuntura_Margarita_Legorburu_Homeopatia1.jpg","datePublished":"2013-06-09T22:09:16+00:00","dateModified":"2017-07-28T15:43:58+00:00","description":"L'homeopatia \u00e9s una terapia sense efectes secundaris. Es poden fer servir els tractaments d'homeopatia per qualsevol patologia, com cefaleas i migranyes.","breadcrumb":{"@id":"https:\/\/www.acupuntura-legorburu.com\/ca\/homeopatia\/#breadcrumb"},"inLanguage":"ca","potentialAction":[{"@type":"ReadAction","target":["https:\/\/www.acupuntura-legorburu.com\/ca\/homeopatia\/"]}]},{"@type":"ImageObject","inLanguage":"ca","@id":"https:\/\/www.acupuntura-legorburu.com\/ca\/homeopatia\/#primaryimage","url":"http:\/\/www.acupuntura-legorburu.com\/wp-content\/uploads\/2013\/04\/Acupuntura_Margarita_Legorburu_Homeopatia1.jpg","contentUrl":"http:\/\/www.acupuntura-legorburu.com\/wp-content\/uploads\/2013\/04\/Acupuntura_Margarita_Legorburu_Homeopatia1.jpg"},{"@type":"BreadcrumbList","@id":"https:\/\/www.acupuntura-legorburu.com\/ca\/homeopatia\/#breadcrumb","itemListElement":[{"@type":"ListItem","position":1,"name":"Portada","item":"https:\/\/www.acupuntura-legorburu.com\/ca\/"},{"@type":"ListItem","position":2,"name":"Homeopatia"}]},{"@type":"WebSite","@id":"https:\/\/www.acupuntura-legorburu.com\/#website","url":"https:\/\/www.acupuntura-legorburu.com\/","name":"","description":"","potentialAction":[{"@type":"SearchAction","target":{"@type":"EntryPoint","urlTemplate":"https:\/\/www.acupuntura-legorburu.com\/?s={search_term_string}"},"query-input":{"@type":"PropertyValueSpecification","valueRequired":true,"valueName":"search_term_string"}}],"inLanguage":"ca"}]}},"_links":{"self":[{"href":"https:\/\/www.acupuntura-legorburu.com\/ca\/wp-json\/wp\/v2\/pages\/793","targetHints":{"allow":["GET"]}}],"collection":[{"href":"https:\/\/www.acupuntura-legorburu.com\/ca\/wp-json\/wp\/v2\/pages"}],"about":[{"href":"https:\/\/www.acupuntura-legorburu.com\/ca\/wp-json\/wp\/v2\/types\/page"}],"author":[{"embeddable":true,"href":"https:\/\/www.acupuntura-legorburu.com\/ca\/wp-json\/wp\/v2\/users\/1"}],"replies":[{"embeddable":true,"href":"https:\/\/www.acupuntura-legorburu.com\/ca\/wp-json\/wp\/v2\/comments?post=793"}],"version-history":[{"count":17,"href":"https:\/\/www.acupuntura-legorburu.com\/ca\/wp-json\/wp\/v2\/pages\/793\/revisions"}],"predecessor-version":[{"id":936,"href":"https:\/\/www.acupuntura-legorburu.com\/ca\/wp-json\/wp\/v2\/pages\/793\/revisions\/936"}],"wp:attachment":[{"href":"https:\/\/www.acupuntura-legorburu.com\/ca\/wp-json\/wp\/v2\/media?parent=793"}],"curies":[{"name":"wp","href":"https:\/\/api.w.org\/{rel}","templated":true}]}}