{"id":7605,"date":"2017-09-21T18:43:04","date_gmt":"2017-09-21T16:43:04","guid":{"rendered":"https:\/\/www.acupuntura-legorburu.com\/politica-de-privacidad\/"},"modified":"2019-11-16T13:45:46","modified_gmt":"2019-11-16T12:45:46","slug":"politica-de-privacidad","status":"publish","type":"page","link":"https:\/\/www.acupuntura-legorburu.com\/ca\/politica-de-privacidad\/","title":{"rendered":"Pol\u00edtica de privacitat"},"content":{"rendered":"<div class=\"fusion-fullwidth fullwidth-box fusion-builder-row-1 fusion-flex-container nonhundred-percent-fullwidth non-hundred-percent-height-scrolling\" style=\"--awb-border-radius-top-left:0px;--awb-border-radius-top-right:0px;--awb-border-radius-bottom-right:0px;--awb-border-radius-bottom-left:0px;--awb-flex-wrap:wrap;\" ><div class=\"fusion-builder-row fusion-row fusion-flex-align-items-flex-start fusion-flex-content-wrap\" style=\"max-width:calc( 940px + 0px );margin-left: calc(-0px \/ 2 );margin-right: calc(-0px \/ 2 );\"><div class=\"fusion-layout-column fusion_builder_column fusion-builder-column-0 fusion_builder_column_1_1 1_1 fusion-flex-column\" style=\"--awb-bg-size:cover;--awb-width-large:100%;--awb-margin-top-large:0px;--awb-spacing-right-large:0px;--awb-margin-bottom-large:0px;--awb-spacing-left-large:0px;--awb-width-medium:100%;--awb-spacing-right-medium:0px;--awb-spacing-left-medium:0px;--awb-width-small:100%;--awb-spacing-right-small:0px;--awb-spacing-left-small:0px;\"><div class=\"fusion-column-wrapper fusion-flex-justify-content-flex-start fusion-content-layout-column\"><div class=\"fusion-text fusion-text-1\"><h2 class=\"title-heading-left\" style=\"text-align: center;\"><strong>POL\u00cdTICA DE PRIVACIDAD DE ACUPUNTURA LEGORBURU (1\u00aa CAPA)<br \/>\n<\/strong><\/h2>\n<p>&nbsp;<\/p>\n<table width=\"100%\" border=\"2\">\n<tbody>\n<tr>\n<td style=\"text-align: center;\" width=\"25%\" align=\"left\">&nbsp;<\/p>\n<p>RESPONSABLE<\/p>\n<p>&nbsp;<\/td>\n<td style=\"text-align: center;\" width=\"50%\" align=\"left\">&nbsp;<\/p>\n<p>MARGARITA DE LEG\u00d3RBURU BELLA<\/p>\n<p>&nbsp;<\/td>\n<td style=\"text-align: center;\" width=\"25%\" align=\"left\">&nbsp;<\/p>\n<p>+ info<\/p>\n<p>&nbsp;<\/td>\n<\/tr>\n<tr>\n<td style=\"text-align: center;\" width=\"25%\" align=\"left\">&nbsp;<\/p>\n<p>FINALIDAD<\/p>\n<p>&nbsp;<\/td>\n<td width=\"50%\" align=\"left\">\n<ul>\n<li>Atender a su consulta.<\/li>\n<li>Legitimaci\u00f3n del tratamiento en base al consentimiento.<\/li>\n<\/ul>\n<\/td>\n<td style=\"text-align: center;\" width=\"25%\" align=\"left\">&nbsp;<\/p>\n<p>+ info<\/p>\n<p>&nbsp;<\/td>\n<\/tr>\n<tr>\n<td style=\"text-align: center;\" width=\"25%\" align=\"left\">&nbsp;<\/p>\n<p>DERECHOS<\/p>\n<p>&nbsp;<\/td>\n<td style=\"text-align: center;\" width=\"50%\" align=\"left\">&nbsp;<\/p>\n<ul>\n<li style=\"text-align: justify;\">Acceder, rectificar, y cancelar los datos, as\u00ed como los otros derechos indicados en la informaci\u00f3n adicional.<\/li>\n<\/ul>\n<p>&nbsp;<\/td>\n<td style=\"text-align: center;\" width=\"25%\" align=\"left\">&nbsp;<\/p>\n<p>+ info<\/p>\n<p>&nbsp;<\/td>\n<\/tr>\n<tr>\n<td style=\"text-align: center;\" width=\"25%\" align=\"left\">&nbsp;<\/p>\n<p>INFORMACI\u00d3N ADICIONAL<\/p>\n<p>&nbsp;<\/td>\n<td style=\"text-align: center;\" width=\"50%\" align=\"left\">&nbsp;<\/p>\n<ul>\n<li style=\"text-align: justify;\">Puede consultar la informaci\u00f3n adicional y detallada sobre Protecci\u00f3n de Datos en nuestra pol\u00edtica de privacidad:&nbsp;<\/li>\n<\/ul>\n<p><a href=\"https:\/\/www.acupuntura-legorburu.com\/ca\/politica-de-privacidad\/\" target=\"_blank\" rel=\"noopener noreferrer\">www.acupuntura-legorburu.com\/politica-de-privacidad<\/a><\/td>\n<td style=\"text-align: center;\" width=\"25%\" align=\"left\">+ info<\/td>\n<\/tr>\n<\/tbody>\n<\/table>\n<p>&nbsp;<\/p>\n<h2 class=\"title-heading-left\" style=\"text-align: center;\"><strong>POL\u00cdTICA DE PRIVACIDAD DE ACUPUNTURA LEGORBURU (2\u00aa CAPA)<\/strong><\/h2>\n<p>&nbsp;<\/p>\n<p><strong>INTRODUCCI\u00d3N<\/strong><\/p>\n<p style=\"text-align: justify;\">Su privacidad es importante para nosotros, as\u00ed que mediante este documento le explicamos qu\u00e9 datos recopilamos de los usuarios, como los utilizamos y para qu\u00e9, entre otras indicaciones. Los mayores de 14 a\u00f1os podr\u00e1n registrarse como usuarios sin el previo consentimiento de sus padres, tutores o representantes legales. En caso de menores de 14 a\u00f1os o identificados como &#8220;incapaces legalmente&#8221;, siempre necesitaremos del consentimiento paterno, o del tutor\/a o representante legal.<\/p>\n<p style=\"text-align: justify;\">Para su informaci\u00f3n, nunca solicitaremos m\u00e1s informaci\u00f3n de la que realmente necesitaremos para los servicios requeridos; nunca la compartiremos con terceros, excepto por obligaci\u00f3n legal o con su autorizaci\u00f3n previa; y nunca utilizaremos sus datos para otra finalidad no indicada previamente.<\/p>\n<p style=\"text-align: justify;\">Como usuario, deber\u00e1 leer atentamente esta pol\u00edtica de privacidad de manera regular, y siempre que introduzca sus datos personales, ya que este documento puede sufrir modificaciones pues el prestador puede modificar cualquier tipo de informaci\u00f3n que pudiera aparecer en la web para cumplir con la normativa o actualizar la pol\u00edtica, y sin que exista la obligaci\u00f3n de pre-avisar o poner en conocimiento de los usuarios estas obligaciones, siendo suficientes la publicaci\u00f3n en el sitio web del prestador.<\/p>\n<p style=\"text-align: justify;\"><strong>MARGARITA DE LEG\u00d3RBURU BELLA<\/strong>, como responsable del Sitio web, de conformidad con lo que dispone el Reglamento (UE) 2016\/679 de 27 de abril de 2016 (RGPD), Ley Org\u00e1nica 3\/2018 de 5 de diciembre (LOPDGDD) y dem\u00e1s normativa legal vigente en materia de protecci\u00f3n de datos personales, y por la Ley 34\/2002, de 11 de julio, de Servicios de la Sociedad de la Informaci\u00f3n y del Comercio Electr\u00f3nico (LSSICE), le informa de que tiene implementadas las medidas de seguridad necesarias, de \u00edndole t\u00e9cnica y organizativas, para garantizar y proteger la confidencialidad, integridad y disponibilidad de los datos introducidos.<\/p>\n<h3>&nbsp;<\/h3>\n<h3 style=\"text-align: justify;\"><strong>FINALIDAD DEL TRATAMIENTO<\/strong><\/h3>\n<p style=\"text-align: justify;\">Sus datos personales s\u00f3lo se utilizar\u00e1n para las siguientes finalidades:<\/p>\n<ul style=\"text-align: justify;\">\n<li>Realizar las gestiones comerciales y administrativas necesarias con los usuarios de la web.<\/li>\n<li>Remitir las comunicaciones comerciales publicitarias por email, comunidades sociales o cualquiera otro medio electr\u00f3nico o f\u00edsico, en caso de que el Usuario haya consentido expresamente al env\u00edo de comunicaciones comerciales por v\u00eda electr\u00f3nica mediante la suscripci\u00f3n de la NEWSLETTER.<\/li>\n<li>Responder a las consultas y\/o proporcionar informaciones requeridas por el Usuario.<\/li>\n<\/ul>\n<p style=\"text-align: justify;\">Puede revocar en cualquier momento su consentimiento remitiendo un escrito con el asunto \u201cBaja\u201d a info@acupuntura-legorburu.com.<\/p>\n<p style=\"text-align: justify;\">De acuerdo con la LSSICE, <strong>MARGARITA DE LEG\u00d3RBURU BELLA<\/strong> no realiza pr\u00e1cticas de SPAM, por lo tanto, no env\u00eda correos comerciales por e-mail que no hayan sido previamente solicitados o autorizados por el Usuario. En consecuencia, en todas las comunicaciones que recibir\u00e1 del prestador, el usuario tiene la posibilidad de cancelar su consentimiento expreso para recibir nuestras comunicaciones.<\/p>\n<p style=\"text-align: justify;\">No trataremos sus datos personales para ninguna otra finalidad de las descritas salvo por obligaci\u00f3n legal o requerimiento judicial.<\/p>\n<p style=\"text-align: justify;\">&nbsp;<\/p>\n<h3 style=\"text-align: justify;\"><strong>LEGITIMACI\u00d3N DEL TRATAMIENTO<\/strong><\/h3>\n<p style=\"text-align: justify;\">La base legal para el tratamiento de los datos es su consentimiento otorgado para llevar a cabo las finalidades anteriormente descritas, que se solicitar\u00e1 en el momento de marcado de la casilla correspondiente a la hora de recoger sus datos.<\/p>\n<p style=\"text-align: justify;\">El no facilitar los datos personales solicitados o el no aceptar la presente pol\u00edtica de protecci\u00f3n de datos supone la imposibilidad de subscribirse, registrarse o recibir informaci\u00f3n de los productos y servicios del Prestador.<\/p>\n<h3>&nbsp;<\/h3>\n<h3><strong>DESTINATARIOS DE CESIONES O TRANSFERENCIAS<\/strong><\/h3>\n<p style=\"text-align: justify;\"><strong>MARGARITA DE LEG\u00d3RBURU BELLA<\/strong> no lleva a cabo ninguna cesi\u00f3n o comunicaci\u00f3n de datos salvo que exista necesidad razonable para cumplir con un procedimiento judicial, obligaci\u00f3n legal o previa obtenci\u00f3n del consentimiento del usuario.<\/p>\n<p style=\"text-align: justify;\">Tampoco se realizar\u00e1n transferencias internacionales de sus datos de car\u00e1cter personal sin su consentimiento previo sin perjuicio de poder bloquear o cancelar su cuenta si puede haber indicios de la comisi\u00f3n de alg\u00fan delito por parte del usuario. La informaci\u00f3n facilitada ser\u00e1 solamente la que disponga en este momento el prestador.<\/p>\n<p style=\"text-align: justify;\"><strong>MARGARITA DE LEG\u00d3RBURU BELLA<\/strong> no ceder\u00e1 los datos recogidos a terceros salvo que exista necesidad razonable para cumplir con un procedimiento judicial, obligaci\u00f3n legal o previa obtenci\u00f3n del consentimiento del usuario.<\/p>\n<h3><strong>&nbsp;<\/strong><\/h3>\n<h3><strong>DERECHOS DE LAS PERSONAS INTERESADAS<\/strong><\/h3>\n<p style=\"text-align: justify;\">Como usuario-interesado, puede solicitar el ejercicio de los siguientes derechos ante <strong>MARGARITA DE LEG\u00d3RBURU BELLA<\/strong> presentando un escrito a la direcci\u00f3n postal del encabezamiento o enviando un correo electr\u00f3nico a info@acupuntura-legorburu.com, indicando como Asunto: \u201cPROTECCI\u00d3N DE DATOS, EJERCICIO DERECHOS\u201d, y adjuntando fotocopia de su DNI o cualquier medio an\u00e1logo en derecho, tal y como indica la ley.<\/p>\n<p style=\"text-align: justify;\"><strong>Derechos:<\/strong><\/p>\n<ul style=\"text-align: justify;\">\n<li><strong>Derecho de acceso:<\/strong> permite al interesado conocer y obtener informaci\u00f3n sobre sus datos de car\u00e1cter personal sometidos a tratamiento.<\/li>\n<li><strong>Derecho de rectificaci\u00f3n o supresi\u00f3n:<\/strong> permite corregir errores y modificar los datos que resulten ser inexactos o incompletos.<\/li>\n<li><strong>Derecho de cancelaci\u00f3n:<\/strong> permite que se supriman los datos que resulten ser inadecuados o excesivos.<\/li>\n<li><strong>Derecho de oposici\u00f3n:<\/strong> derecho del interesado a que no se lleve a cabo el tratamiento de sus datos de car\u00e1cter personal o se cese en el mismo.<\/li>\n<li><strong>Limitaci\u00f3n del tratamiento:<\/strong> conlleva el marcado de los datos personales conservados, con la finalidad de limitar su futuro tratamiento.<\/li>\n<li><strong>Portabilidad de los datos:<\/strong> facilitaci\u00f3n de los datos objeto de tratamiento al interesado, a fin de que \u00e9ste pueda transmitirlos a otro responsable, sin impedimentos.<\/li>\n<\/ul>\n<p style=\"text-align: justify;\">Como usuario, tiene derecho a retirar el consentimiento prestado en cualquier momento. La retirada del consentimiento no afectar\u00e1 a la licitud del tratamiento efectuado antes de la retirada del consentimiento.<\/p>\n<p style=\"text-align: justify;\">Tambi\u00e9n tiene derecho a presentar una reclamaci\u00f3n ante la autoridad de control si considera que pueden haberse visto vulnerados sus derechos con relaci\u00f3n a la protecci\u00f3n de sus datos (www.aepd.es).<\/p>\n<p>&nbsp;<\/p>\n<h3 style=\"text-align: justify;\"><strong>CONSERVACI\u00d3N DE SUS DATOS<\/strong><\/h3>\n<p style=\"text-align: justify;\">Sus datos se conservar\u00e1n mientras dure la relaci\u00f3n comercial con nosotros o ejercite su derecho de cancelaci\u00f3n u oposici\u00f3n, o limitaci\u00f3n al tratamiento. Sin embargo, conservaremos determinados datos personales identificativos y del tr\u00e1fico durante el plazo m\u00e1ximo de 2 a\u00f1os para el caso de que fuera requerido por los Jueces y Tribunales o para incoar acciones internas derivadas del uso indebido de la p\u00e1gina web.<\/p>\n<p style=\"text-align: justify;\">No ser\u00e1 objeto de decisiones basadas en tratamientos automatizados que produzcan efectos sobre sus datos.<\/p>\n<p>&nbsp;<\/p>\n<h3 style=\"text-align: justify;\"><strong>INFORMACI\u00d3N ADICIONAL<\/strong><\/h3>\n<h3 style=\"text-align: justify;\"><strong>MEDIDAS DE SEGURIDAD<\/strong><\/h3>\n<p style=\"text-align: justify;\">Los datos que nos facilite se tratar\u00e1n de forma confidencial. El Prestador ha adoptado todas las medidas t\u00e9cnicas y organizativas y todos los niveles de protecci\u00f3n necesarios para garantizar la seguridad en el tratamiento de los datos y evitar su alteraci\u00f3n, p\u00e9rdida, robo, tratamiento o acceso no autorizado, de acuerdo el estado de la tecnolog\u00eda y naturaleza de los datos almacenados.<\/p>\n<h3>&nbsp;<\/h3>\n<h3 style=\"text-align: justify;\"><strong>IDIOMA<\/strong><\/h3>\n<h3 style=\"text-align: justify;\">El idioma aplicable a esta Pol\u00edtica de Privacidad es el espa\u00f1ol.<\/h3>\n<h3>&nbsp;<\/h3>\n<h3 style=\"text-align: justify;\"><strong>INFORMACI\u00d3N QUE RECABAMOS:<\/strong><\/h3>\n<p style=\"text-align: justify;\">Los datos recogidos por parte del responsable son los siguientes:<\/p>\n<ul>\n<li style=\"text-align: justify;\">Aquellos que los usuarios suministren a trav\u00e9s del formulario de consulta de la p\u00e1gina web<\/li>\n<li style=\"text-align: justify;\">Datos recogidos a trav\u00e9s de las \u201ccookies\u201d para la mejora de la experiencia de la navegaci\u00f3n seg\u00fan se informa en la pol\u00edtica de cookies.<\/li>\n<\/ul>\n<p style=\"text-align: justify;\">La negativa a suministrar los datos obligatorios supondr\u00e1 la imposibilidad de atender la concreta solicitud de que se trate. Usted manifiesta que la informaci\u00f3n y los datos que nos facilita son exactos, actuales y veraces. Le rogamos que en caso de modificaci\u00f3n, comunique inmediatamente la misma a fin de que la informaci\u00f3n en tratamiento est\u00e9 en todo momento actualizada y no contenga errores.<\/p>\n<p style=\"text-align: justify;\">A trav\u00e9s de esta Pol\u00edtica de Privacidad le informamos que las fotograf\u00edas que est\u00e9n colgadas en la web son propiedad de <strong>MARGARITA DE LEG\u00d3RBURU BELLA.<\/strong><\/p>\n<p>&nbsp;<\/p>\n<h3 style=\"text-align: justify;\"><strong>REDES SOCIALES <\/strong><\/h3>\n<p style=\"text-align: justify;\">Le informamos que <strong>MARGARITA DE LEG\u00d3RBURU BELLA<\/strong> puede tener presencia en redes sociales. El tratamiento de los datos que se lleve a cabo de las personas que se hagan seguidoras en las redes sociales (y\/o realicen cualquier v\u00ednculo o acci\u00f3n de conexi\u00f3n a trav\u00e9s de las redes sociales) de las p\u00e1ginas oficiales de <strong>MARGARITA DE LEG\u00d3RBURU BELLA<\/strong> se regir\u00e1 por este apartado, as\u00ed como por aquellas condiciones de uso, pol\u00edticas de privacidad y normativas de acceso que pertenezcan a la red social que proceda en cada caso y aceptadas previamente por el usuario.<\/p>\n<p style=\"text-align: justify;\"><strong>MARGARITA DE LEG\u00d3RBURU BELLA<\/strong> tratar\u00e1 sus datos con las finalidades de administrar correctamente su presencia en la red social, inform\u00e1ndole de actividades, productos o servicios del prestador, as\u00ed como para cualquier otra finalidad que las normativas de las Redes Sociales permitan.<\/p>\n<p style=\"text-align: justify;\">Queda prohibida la publicaci\u00f3n de contenidos:<\/p>\n<ul>\n<li style=\"text-align: justify;\">Que sean presuntamente il\u00edcitos por la normativa nacional, comunitaria o internacional o que realicen actividades presuntamente il\u00edcitas o contravengan los principios de la buena fe.<\/li>\n<li style=\"text-align: justify;\">Que atenten contra los derechos fundamentales de las personas, falten a la cortes\u00eda en la red, molesten o puedan generar opiniones negativas en nuestros usuarios o terceros y en general cualesquiera sean los contenidos que <strong>MARGARITA DE LEG\u00d3RBURU BELLA<\/strong> considere inapropiados.<\/li>\n<li style=\"text-align: justify;\">Y en general que contravengan los principios de legalidad, honradez, responsabilidad, protecci\u00f3n de la dignidad humana, protecci\u00f3n de menores, protecci\u00f3n del orden p\u00fablico, la protecci\u00f3n de la vida privada, la protecci\u00f3n del consumidor y los derechos de propiedad intelectual e industrial.<\/li>\n<\/ul>\n<p style=\"text-align: justify;\">Asimismo, MARGARITA DE LEG\u00d3RBURU BELLA se reserva la potestad de retirar, sin previo aviso del sitio web o de la red social corporativa aquellos contenidos que se consideren inapropiados.<\/p>\n<p style=\"text-align: justify;\">Las comunicaciones remitidas a trav\u00e9s de las redes sociales ser\u00e1n incorporadas a un archivo propiedad de MARGARITA DE LEG\u00d3RBURU BELLA, pudi\u00e9ndole enviar informaci\u00f3n de su inter\u00e9s.<\/p>\n<p style=\"text-align: justify;\">Puede acceder a m\u00e1s informaci\u00f3n, as\u00ed como consultar las empresas que forman parte de <strong>MARGARITA DE LEG\u00d3RBURU BELLA<\/strong>, mediante el siguiente enlace: www.empresa.com\/politicadeprivacidad.<\/p>\n<p style=\"text-align: justify;\">En todo caso, si Vd. remite informaci\u00f3n personal a trav\u00e9s de la red social, MARGARITA DE LEG\u00d3RBURU BELLA quedar\u00e1 exento de responsabilidad en relaci\u00f3n a las medidas de seguridad aplicables a la presente plataforma, debiendo el usuario en caso de querer conocerlas, consultar las correspondientes condiciones particulares de la red en cuesti\u00f3n.<\/p>\n<p style=\"text-align: justify;\">Los datos se podr\u00e1n tratar y\/o comunicar a las empresas integrantes de nuestro grupo durante el tiempo de conservaci\u00f3n de su curr\u00edculum y para los mismos fines antes informados.<\/p>\n<p>&nbsp;<\/p>\n<h3 style=\"text-align: justify;\"><strong>CAMBIOS EN LA PRESENTE POL\u00cdTICA DE PRIVACIDAD<\/strong><\/h3>\n<p style=\"text-align: justify;\"><strong>MARGARITA DE LEG\u00d3RBURU BELLA<\/strong> se reserva el derecho a modificar la presente pol\u00edtica para adaptarla a novedades legislativas o jurisprudenciales.<\/p>\n<p style=\"text-align: justify;\">&nbsp;<\/p>\n<h3 style=\"text-align: justify;\"><strong>REVOCABILIDAD<\/strong><\/h3>\n<p style=\"text-align: justify;\">El consentimiento prestado, tanto para el tratamiento como para la cesi\u00f3n de los datos de los interesados, es revocable en cualquier momento comunic\u00e1ndolo a MARGARITA DE LEG\u00d3RBURU BELLA en los t\u00e9rminos establecidos en esta Pol\u00edtica para el ejercicio de los derechos. Esta revocaci\u00f3n en ning\u00fan caso tendr\u00e1 car\u00e1cter retroactivo.<\/p>\n<p style=\"text-align: justify;\">&nbsp;<\/p>\n<h3 style=\"text-align: justify;\"><strong>LEGISLACI\u00d3N<\/strong><\/h3>\n<p style=\"text-align: justify;\">A todos los efectos las relaciones entre <strong>MARGARITA DE LEG\u00d3RBURU BELLA<\/strong> con los Usuarios de sus servicios telem\u00e1ticos, presentes en esta Web, est\u00e1n sometidos a la legislaci\u00f3n y jurisdicci\u00f3n espa\u00f1ola a la que se someten expresamente las partes, siendo competentes por la resoluci\u00f3n de todos los conflictos derivados o relacionados con su uso los Juzgados y Tribunales de Barcelona.<\/p>\n<p>&nbsp;<\/p>\n<\/div><\/div><\/div><\/div><\/div>\n","protected":false},"excerpt":{"rendered":"","protected":false},"author":1,"featured_media":0,"parent":0,"menu_order":0,"comment_status":"closed","ping_status":"closed","template":"","meta":{"ngg_post_thumbnail":0,"_joinchat":[],"footnotes":""},"class_list":["post-7605","page","type-page","status-publish","hentry"],"yoast_head":"<!-- This site is optimized with the Yoast SEO plugin v27.0 - https:\/\/yoast.com\/product\/yoast-seo-wordpress\/ -->\n<title>Pol\u00edtica de privacitat -<\/title>\n<meta name=\"robots\" content=\"index, follow, max-snippet:-1, max-image-preview:large, max-video-preview:-1\" \/>\n<link rel=\"canonical\" href=\"https:\/\/www.acupuntura-legorburu.com\/ca\/politica-de-privacidad\/\" \/>\n<meta property=\"og:locale\" content=\"ca_ES\" \/>\n<meta property=\"og:type\" content=\"article\" \/>\n<meta property=\"og:title\" content=\"Pol\u00edtica de privacitat -\" \/>\n<meta property=\"og:url\" content=\"https:\/\/www.acupuntura-legorburu.com\/ca\/politica-de-privacidad\/\" \/>\n<meta property=\"article:publisher\" content=\"https:\/\/www.facebook.com\/pages\/Cl%c3%adnica-de-acupuntura-de-la-Dra-Margarita-Legorburu\/126630064083783?fref=ts\" \/>\n<meta property=\"article:modified_time\" content=\"2019-11-16T12:45:46+00:00\" \/>\n<meta name=\"twitter:label1\" content=\"Temps estimat de lectura\" \/>\n\t<meta name=\"twitter:data1\" content=\"11 minuts\" \/>\n<script type=\"application\/ld+json\" class=\"yoast-schema-graph\">{\"@context\":\"https:\/\/schema.org\",\"@graph\":[{\"@type\":\"WebPage\",\"@id\":\"https:\/\/www.acupuntura-legorburu.com\/ca\/politica-de-privacidad\/\",\"url\":\"https:\/\/www.acupuntura-legorburu.com\/ca\/politica-de-privacidad\/\",\"name\":\"Pol\u00edtica de privacitat -\",\"isPartOf\":{\"@id\":\"https:\/\/www.acupuntura-legorburu.com\/#website\"},\"datePublished\":\"2017-09-21T16:43:04+00:00\",\"dateModified\":\"2019-11-16T12:45:46+00:00\",\"breadcrumb\":{\"@id\":\"https:\/\/www.acupuntura-legorburu.com\/ca\/politica-de-privacidad\/#breadcrumb\"},\"inLanguage\":\"ca\",\"potentialAction\":[{\"@type\":\"ReadAction\",\"target\":[\"https:\/\/www.acupuntura-legorburu.com\/ca\/politica-de-privacidad\/\"]}]},{\"@type\":\"BreadcrumbList\",\"@id\":\"https:\/\/www.acupuntura-legorburu.com\/ca\/politica-de-privacidad\/#breadcrumb\",\"itemListElement\":[{\"@type\":\"ListItem\",\"position\":1,\"name\":\"Portada\",\"item\":\"https:\/\/www.acupuntura-legorburu.com\/ca\/\"},{\"@type\":\"ListItem\",\"position\":2,\"name\":\"Pol\u00edtica de privacitat\"}]},{\"@type\":\"WebSite\",\"@id\":\"https:\/\/www.acupuntura-legorburu.com\/#website\",\"url\":\"https:\/\/www.acupuntura-legorburu.com\/\",\"name\":\"\",\"description\":\"\",\"potentialAction\":[{\"@type\":\"SearchAction\",\"target\":{\"@type\":\"EntryPoint\",\"urlTemplate\":\"https:\/\/www.acupuntura-legorburu.com\/?s={search_term_string}\"},\"query-input\":{\"@type\":\"PropertyValueSpecification\",\"valueRequired\":true,\"valueName\":\"search_term_string\"}}],\"inLanguage\":\"ca\"}]}<\/script>\n<!-- \/ Yoast SEO plugin. -->","yoast_head_json":{"title":"Pol\u00edtica de privacitat -","robots":{"index":"index","follow":"follow","max-snippet":"max-snippet:-1","max-image-preview":"max-image-preview:large","max-video-preview":"max-video-preview:-1"},"canonical":"https:\/\/www.acupuntura-legorburu.com\/ca\/politica-de-privacidad\/","og_locale":"ca_ES","og_type":"article","og_title":"Pol\u00edtica de privacitat -","og_url":"https:\/\/www.acupuntura-legorburu.com\/ca\/politica-de-privacidad\/","article_publisher":"https:\/\/www.facebook.com\/pages\/Cl%c3%adnica-de-acupuntura-de-la-Dra-Margarita-Legorburu\/126630064083783?fref=ts","article_modified_time":"2019-11-16T12:45:46+00:00","twitter_misc":{"Temps estimat de lectura":"11 minuts"},"schema":{"@context":"https:\/\/schema.org","@graph":[{"@type":"WebPage","@id":"https:\/\/www.acupuntura-legorburu.com\/ca\/politica-de-privacidad\/","url":"https:\/\/www.acupuntura-legorburu.com\/ca\/politica-de-privacidad\/","name":"Pol\u00edtica de privacitat -","isPartOf":{"@id":"https:\/\/www.acupuntura-legorburu.com\/#website"},"datePublished":"2017-09-21T16:43:04+00:00","dateModified":"2019-11-16T12:45:46+00:00","breadcrumb":{"@id":"https:\/\/www.acupuntura-legorburu.com\/ca\/politica-de-privacidad\/#breadcrumb"},"inLanguage":"ca","potentialAction":[{"@type":"ReadAction","target":["https:\/\/www.acupuntura-legorburu.com\/ca\/politica-de-privacidad\/"]}]},{"@type":"BreadcrumbList","@id":"https:\/\/www.acupuntura-legorburu.com\/ca\/politica-de-privacidad\/#breadcrumb","itemListElement":[{"@type":"ListItem","position":1,"name":"Portada","item":"https:\/\/www.acupuntura-legorburu.com\/ca\/"},{"@type":"ListItem","position":2,"name":"Pol\u00edtica de privacitat"}]},{"@type":"WebSite","@id":"https:\/\/www.acupuntura-legorburu.com\/#website","url":"https:\/\/www.acupuntura-legorburu.com\/","name":"","description":"","potentialAction":[{"@type":"SearchAction","target":{"@type":"EntryPoint","urlTemplate":"https:\/\/www.acupuntura-legorburu.com\/?s={search_term_string}"},"query-input":{"@type":"PropertyValueSpecification","valueRequired":true,"valueName":"search_term_string"}}],"inLanguage":"ca"}]}},"_links":{"self":[{"href":"https:\/\/www.acupuntura-legorburu.com\/ca\/wp-json\/wp\/v2\/pages\/7605","targetHints":{"allow":["GET"]}}],"collection":[{"href":"https:\/\/www.acupuntura-legorburu.com\/ca\/wp-json\/wp\/v2\/pages"}],"about":[{"href":"https:\/\/www.acupuntura-legorburu.com\/ca\/wp-json\/wp\/v2\/types\/page"}],"author":[{"embeddable":true,"href":"https:\/\/www.acupuntura-legorburu.com\/ca\/wp-json\/wp\/v2\/users\/1"}],"replies":[{"embeddable":true,"href":"https:\/\/www.acupuntura-legorburu.com\/ca\/wp-json\/wp\/v2\/comments?post=7605"}],"version-history":[{"count":24,"href":"https:\/\/www.acupuntura-legorburu.com\/ca\/wp-json\/wp\/v2\/pages\/7605\/revisions"}],"predecessor-version":[{"id":10292,"href":"https:\/\/www.acupuntura-legorburu.com\/ca\/wp-json\/wp\/v2\/pages\/7605\/revisions\/10292"}],"wp:attachment":[{"href":"https:\/\/www.acupuntura-legorburu.com\/ca\/wp-json\/wp\/v2\/media?parent=7605"}],"curies":[{"name":"wp","href":"https:\/\/api.w.org\/{rel}","templated":true}]}}