{"id":442,"date":"2013-04-15T19:44:07","date_gmt":"2013-04-15T19:44:07","guid":{"rendered":"http:\/\/s465499486.mialojamiento.es\/web\/?page_id=442"},"modified":"2017-07-28T17:48:47","modified_gmt":"2017-07-28T15:48:47","slug":"flors-de-bach","status":"publish","type":"page","link":"https:\/\/www.acupuntura-legorburu.com\/ca\/flors-de-bach\/","title":{"rendered":"Flors de Bach"},"content":{"rendered":"<h1>Flors de Bach<\/h1>\n<p style=\"text-align: justify;\"><a href=\"http:\/\/www.acupuntura-legorburu.com\/wp-content\/uploads\/2013\/04\/Acupuntura_Margarita_Legorburu_Flores_de_Bach3.jpg\"><img decoding=\"async\" class=\"alignnone size-full wp-image-927\" style=\"float: right;\" src=\"http:\/\/www.acupuntura-legorburu.com\/wp-content\/uploads\/2013\/04\/Acupuntura_Margarita_Legorburu_Flores_de_Bach3.jpg\" alt=\"Acupuntura_Margarita_Legorburu_Flores_de_Bach\" width=\"369\" height=\"348\" srcset=\"https:\/\/www.acupuntura-legorburu.com\/wp-content\/uploads\/2013\/04\/Acupuntura_Margarita_Legorburu_Flores_de_Bach3-300x282.jpg 300w, https:\/\/www.acupuntura-legorburu.com\/wp-content\/uploads\/2013\/04\/Acupuntura_Margarita_Legorburu_Flores_de_Bach3.jpg 369w\" sizes=\"(max-width: 369px) 100vw, 369px\" \/><\/a>Les <strong>flors de Bach<\/strong> s\u00f3n una ter\u00e0pia basada en els ensenyaments de <a href=\"http:\/\/ca.wikipedia.org\/wiki\/Edward_Bach\" target=\"_blank\" rel=\"noopener\">l&#8217;home\u00f2pata Edward Bach<\/a> per tractar sentiments i emocions no volguts pels pacients a base de preparats naturals. Tot i que els escrits de Bach daten del 1930, la seva popularitat s&#8217;associa a l&#8217;auge de les doctrines <a href=\"http:\/\/ca.wikipedia.org\/wiki\/New_Age\" target=\"_blank\" rel=\"noopener\">New Age<\/a> dels anys 90.<\/p>\n<p>Les flors s\u2019assequen al sol o es posen a bullir fins obtenir un l\u00edquid. Aquests l\u00edquid s\u2019administra en dosis molt petites per\u00f2 freq\u00fcents durant un per\u00edode variable fins assolir l\u2019efecte desitjat.Part de l\u2019efic\u00e0cia del tractament es pot explicar per la introspecci\u00f3 que fa el pacient per identificar el sentiment negatiu .<\/p>\n<h2>Els \u00fasos de les Flors de Bach<\/h2>\n<p>Es fa servir per tractar set tipus d\u2019estats negatius:<\/p>\n<ul>\n<li>la por<\/li>\n<li>la incerteza<\/li>\n<li>l\u2019evasi\u00f3 del present<\/li>\n<li>la solitud<\/li>\n<li>la hipersensibilitat<\/li>\n<li>la tristesa o desesperaci\u00f3<\/li>\n<li>la preocupaci\u00f3 excessiva pels altres.&nbsp;<\/li>\n<\/ul>\n<p>Aquests estats tenen diferents aspectes, per tant juntament amb el tractament b\u00e0sic es pot fer servir una barreja d\u2019ess\u00e8ncies.<\/p>\n<p>El tractament amb<strong> flors de Bach<\/strong> \u00e9s de gran utilitat en nens.<\/p>\n","protected":false},"excerpt":{"rendered":"<p>Flors de Bach Les flors de Bach s\u00f3n una ter\u00e0pia basada en els ensenyaments de l&#8217;home\u00f2pata Edward Bach per tractar sentiments i emocions no volguts pels pacients a base de preparats naturals. Tot i que els escrits de Bach [&#8230;]<\/p>\n","protected":false},"author":1,"featured_media":0,"parent":0,"menu_order":0,"comment_status":"open","ping_status":"open","template":"","meta":{"ngg_post_thumbnail":0,"_joinchat":[],"footnotes":""},"class_list":["post-442","page","type-page","status-publish","hentry"],"yoast_head":"<!-- This site is optimized with the Yoast SEO plugin v27.0 - https:\/\/yoast.com\/product\/yoast-seo-wordpress\/ -->\n<title>Flors de Bach | Cl\u00ednica Acupuntura Legorguru en Barcelona y Vic<\/title>\n<meta name=\"description\" content=\"Les Flors de Bach s\u00f3n un tractament natural que apareix en 1930. S&#039;utilitza la Ter\u00e0pia amb Flores de Bach pels estats negatius como la soledat o la por.\" \/>\n<meta name=\"robots\" content=\"index, follow, max-snippet:-1, max-image-preview:large, max-video-preview:-1\" \/>\n<link rel=\"canonical\" href=\"https:\/\/www.acupuntura-legorburu.com\/ca\/flors-de-bach\/\" \/>\n<meta property=\"og:locale\" content=\"ca_ES\" \/>\n<meta property=\"og:type\" content=\"article\" \/>\n<meta property=\"og:title\" content=\"Flors de Bach | Cl\u00ednica Acupuntura Legorguru en Barcelona y Vic\" \/>\n<meta property=\"og:description\" content=\"Les Flors de Bach s\u00f3n un tractament natural que apareix en 1930. S&#039;utilitza la Ter\u00e0pia amb Flores de Bach pels estats negatius como la soledat o la por.\" \/>\n<meta property=\"og:url\" content=\"https:\/\/www.acupuntura-legorburu.com\/ca\/flors-de-bach\/\" \/>\n<meta property=\"article:publisher\" content=\"https:\/\/www.facebook.com\/pages\/Cl%c3%adnica-de-acupuntura-de-la-Dra-Margarita-Legorburu\/126630064083783?fref=ts\" \/>\n<meta property=\"article:modified_time\" content=\"2017-07-28T15:48:47+00:00\" \/>\n<meta property=\"og:image\" content=\"http:\/\/www.acupuntura-legorburu.com\/wp-content\/uploads\/2013\/04\/Acupuntura_Margarita_Legorburu_Flores_de_Bach3.jpg\" \/>\n<meta name=\"twitter:label1\" content=\"Temps estimat de lectura\" \/>\n\t<meta name=\"twitter:data1\" content=\"1 minut\" \/>\n<script type=\"application\/ld+json\" class=\"yoast-schema-graph\">{\"@context\":\"https:\/\/schema.org\",\"@graph\":[{\"@type\":\"WebPage\",\"@id\":\"https:\/\/www.acupuntura-legorburu.com\/ca\/flors-de-bach\/\",\"url\":\"https:\/\/www.acupuntura-legorburu.com\/ca\/flors-de-bach\/\",\"name\":\"Flors de Bach | Cl\u00ednica Acupuntura Legorguru en Barcelona y Vic\",\"isPartOf\":{\"@id\":\"https:\/\/www.acupuntura-legorburu.com\/#website\"},\"primaryImageOfPage\":{\"@id\":\"https:\/\/www.acupuntura-legorburu.com\/ca\/flors-de-bach\/#primaryimage\"},\"image\":{\"@id\":\"https:\/\/www.acupuntura-legorburu.com\/ca\/flors-de-bach\/#primaryimage\"},\"thumbnailUrl\":\"http:\/\/www.acupuntura-legorburu.com\/wp-content\/uploads\/2013\/04\/Acupuntura_Margarita_Legorburu_Flores_de_Bach3.jpg\",\"datePublished\":\"2013-04-15T19:44:07+00:00\",\"dateModified\":\"2017-07-28T15:48:47+00:00\",\"description\":\"Les Flors de Bach s\u00f3n un tractament natural que apareix en 1930. S'utilitza la Ter\u00e0pia amb Flores de Bach pels estats negatius como la soledat o la por.\",\"breadcrumb\":{\"@id\":\"https:\/\/www.acupuntura-legorburu.com\/ca\/flors-de-bach\/#breadcrumb\"},\"inLanguage\":\"ca\",\"potentialAction\":[{\"@type\":\"ReadAction\",\"target\":[\"https:\/\/www.acupuntura-legorburu.com\/ca\/flors-de-bach\/\"]}]},{\"@type\":\"ImageObject\",\"inLanguage\":\"ca\",\"@id\":\"https:\/\/www.acupuntura-legorburu.com\/ca\/flors-de-bach\/#primaryimage\",\"url\":\"http:\/\/www.acupuntura-legorburu.com\/wp-content\/uploads\/2013\/04\/Acupuntura_Margarita_Legorburu_Flores_de_Bach3.jpg\",\"contentUrl\":\"http:\/\/www.acupuntura-legorburu.com\/wp-content\/uploads\/2013\/04\/Acupuntura_Margarita_Legorburu_Flores_de_Bach3.jpg\"},{\"@type\":\"BreadcrumbList\",\"@id\":\"https:\/\/www.acupuntura-legorburu.com\/ca\/flors-de-bach\/#breadcrumb\",\"itemListElement\":[{\"@type\":\"ListItem\",\"position\":1,\"name\":\"Portada\",\"item\":\"https:\/\/www.acupuntura-legorburu.com\/ca\/\"},{\"@type\":\"ListItem\",\"position\":2,\"name\":\"Flors de Bach\"}]},{\"@type\":\"WebSite\",\"@id\":\"https:\/\/www.acupuntura-legorburu.com\/#website\",\"url\":\"https:\/\/www.acupuntura-legorburu.com\/\",\"name\":\"\",\"description\":\"\",\"potentialAction\":[{\"@type\":\"SearchAction\",\"target\":{\"@type\":\"EntryPoint\",\"urlTemplate\":\"https:\/\/www.acupuntura-legorburu.com\/?s={search_term_string}\"},\"query-input\":{\"@type\":\"PropertyValueSpecification\",\"valueRequired\":true,\"valueName\":\"search_term_string\"}}],\"inLanguage\":\"ca\"}]}<\/script>\n<!-- \/ Yoast SEO plugin. -->","yoast_head_json":{"title":"Flors de Bach | Cl\u00ednica Acupuntura Legorguru en Barcelona y Vic","description":"Les Flors de Bach s\u00f3n un tractament natural que apareix en 1930. S'utilitza la Ter\u00e0pia amb Flores de Bach pels estats negatius como la soledat o la por.","robots":{"index":"index","follow":"follow","max-snippet":"max-snippet:-1","max-image-preview":"max-image-preview:large","max-video-preview":"max-video-preview:-1"},"canonical":"https:\/\/www.acupuntura-legorburu.com\/ca\/flors-de-bach\/","og_locale":"ca_ES","og_type":"article","og_title":"Flors de Bach | Cl\u00ednica Acupuntura Legorguru en Barcelona y Vic","og_description":"Les Flors de Bach s\u00f3n un tractament natural que apareix en 1930. S'utilitza la Ter\u00e0pia amb Flores de Bach pels estats negatius como la soledat o la por.","og_url":"https:\/\/www.acupuntura-legorburu.com\/ca\/flors-de-bach\/","article_publisher":"https:\/\/www.facebook.com\/pages\/Cl%c3%adnica-de-acupuntura-de-la-Dra-Margarita-Legorburu\/126630064083783?fref=ts","article_modified_time":"2017-07-28T15:48:47+00:00","og_image":[{"url":"http:\/\/www.acupuntura-legorburu.com\/wp-content\/uploads\/2013\/04\/Acupuntura_Margarita_Legorburu_Flores_de_Bach3.jpg","type":"","width":"","height":""}],"twitter_misc":{"Temps estimat de lectura":"1 minut"},"schema":{"@context":"https:\/\/schema.org","@graph":[{"@type":"WebPage","@id":"https:\/\/www.acupuntura-legorburu.com\/ca\/flors-de-bach\/","url":"https:\/\/www.acupuntura-legorburu.com\/ca\/flors-de-bach\/","name":"Flors de Bach | Cl\u00ednica Acupuntura Legorguru en Barcelona y Vic","isPartOf":{"@id":"https:\/\/www.acupuntura-legorburu.com\/#website"},"primaryImageOfPage":{"@id":"https:\/\/www.acupuntura-legorburu.com\/ca\/flors-de-bach\/#primaryimage"},"image":{"@id":"https:\/\/www.acupuntura-legorburu.com\/ca\/flors-de-bach\/#primaryimage"},"thumbnailUrl":"http:\/\/www.acupuntura-legorburu.com\/wp-content\/uploads\/2013\/04\/Acupuntura_Margarita_Legorburu_Flores_de_Bach3.jpg","datePublished":"2013-04-15T19:44:07+00:00","dateModified":"2017-07-28T15:48:47+00:00","description":"Les Flors de Bach s\u00f3n un tractament natural que apareix en 1930. S'utilitza la Ter\u00e0pia amb Flores de Bach pels estats negatius como la soledat o la por.","breadcrumb":{"@id":"https:\/\/www.acupuntura-legorburu.com\/ca\/flors-de-bach\/#breadcrumb"},"inLanguage":"ca","potentialAction":[{"@type":"ReadAction","target":["https:\/\/www.acupuntura-legorburu.com\/ca\/flors-de-bach\/"]}]},{"@type":"ImageObject","inLanguage":"ca","@id":"https:\/\/www.acupuntura-legorburu.com\/ca\/flors-de-bach\/#primaryimage","url":"http:\/\/www.acupuntura-legorburu.com\/wp-content\/uploads\/2013\/04\/Acupuntura_Margarita_Legorburu_Flores_de_Bach3.jpg","contentUrl":"http:\/\/www.acupuntura-legorburu.com\/wp-content\/uploads\/2013\/04\/Acupuntura_Margarita_Legorburu_Flores_de_Bach3.jpg"},{"@type":"BreadcrumbList","@id":"https:\/\/www.acupuntura-legorburu.com\/ca\/flors-de-bach\/#breadcrumb","itemListElement":[{"@type":"ListItem","position":1,"name":"Portada","item":"https:\/\/www.acupuntura-legorburu.com\/ca\/"},{"@type":"ListItem","position":2,"name":"Flors de Bach"}]},{"@type":"WebSite","@id":"https:\/\/www.acupuntura-legorburu.com\/#website","url":"https:\/\/www.acupuntura-legorburu.com\/","name":"","description":"","potentialAction":[{"@type":"SearchAction","target":{"@type":"EntryPoint","urlTemplate":"https:\/\/www.acupuntura-legorburu.com\/?s={search_term_string}"},"query-input":{"@type":"PropertyValueSpecification","valueRequired":true,"valueName":"search_term_string"}}],"inLanguage":"ca"}]}},"_links":{"self":[{"href":"https:\/\/www.acupuntura-legorburu.com\/ca\/wp-json\/wp\/v2\/pages\/442","targetHints":{"allow":["GET"]}}],"collection":[{"href":"https:\/\/www.acupuntura-legorburu.com\/ca\/wp-json\/wp\/v2\/pages"}],"about":[{"href":"https:\/\/www.acupuntura-legorburu.com\/ca\/wp-json\/wp\/v2\/types\/page"}],"author":[{"embeddable":true,"href":"https:\/\/www.acupuntura-legorburu.com\/ca\/wp-json\/wp\/v2\/users\/1"}],"replies":[{"embeddable":true,"href":"https:\/\/www.acupuntura-legorburu.com\/ca\/wp-json\/wp\/v2\/comments?post=442"}],"version-history":[{"count":13,"href":"https:\/\/www.acupuntura-legorburu.com\/ca\/wp-json\/wp\/v2\/pages\/442\/revisions"}],"predecessor-version":[{"id":7454,"href":"https:\/\/www.acupuntura-legorburu.com\/ca\/wp-json\/wp\/v2\/pages\/442\/revisions\/7454"}],"wp:attachment":[{"href":"https:\/\/www.acupuntura-legorburu.com\/ca\/wp-json\/wp\/v2\/media?parent=442"}],"curies":[{"name":"wp","href":"https:\/\/api.w.org\/{rel}","templated":true}]}}