{"id":1845,"date":"2014-03-07T12:56:10","date_gmt":"2014-03-07T12:56:10","guid":{"rendered":"http:\/\/www.acupuntura-legorburu.com\/?page_id=1845"},"modified":"2017-08-30T16:35:46","modified_gmt":"2017-08-30T14:35:46","slug":"lesions-esportives","status":"publish","type":"page","link":"https:\/\/www.acupuntura-legorburu.com\/ca\/tractaments\/lesions-esportives\/","title":{"rendered":"Lesions esportives"},"content":{"rendered":"<p><img decoding=\"async\" class=\"alignright wp-image-7122 size-full\" style=\"text-align: justify;\" title=\"lesions esportives\" src=\"https:\/\/www.acupuntura-legorburu.com\/wp-content\/uploads\/2014\/03\/Acupuntura_Margarita_Legorburu_Lesiones_Deportivas-copia.jpeg\" alt=\"lesions esportives\" width=\"369\" height=\"369\" srcset=\"https:\/\/www.acupuntura-legorburu.com\/wp-content\/uploads\/2014\/03\/Acupuntura_Margarita_Legorburu_Lesiones_Deportivas-copia-66x66.jpeg 66w, https:\/\/www.acupuntura-legorburu.com\/wp-content\/uploads\/2014\/03\/Acupuntura_Margarita_Legorburu_Lesiones_Deportivas-copia-200x200.jpeg 200w, https:\/\/www.acupuntura-legorburu.com\/wp-content\/uploads\/2014\/03\/Acupuntura_Margarita_Legorburu_Lesiones_Deportivas-copia-300x300.jpeg 300w, https:\/\/www.acupuntura-legorburu.com\/wp-content\/uploads\/2014\/03\/Acupuntura_Margarita_Legorburu_Lesiones_Deportivas-copia.jpeg 369w\" sizes=\"(max-width: 369px) 100vw, 369px\" \/><\/p>\n<h1>Lesions Esportives<\/h1>\n<p style=\"text-align: justify;\">Moltes&nbsp;<strong>lesions esportives <\/strong>es poden tractar amb acupuntura, alleugerant aix\u00ed els seus efectes.<\/p>\n<p style=\"text-align: justify;\">Per\u00f2, tamb\u00e9 es pot fer servir com un tractament preventiu per evitarles, i ja en un alt nivell de competici\u00f3.&nbsp;<\/p>\n<p style=\"text-align: justify;\">Aquest tractament tamb\u00e9 pot reduir situacions agudes degudes a la sobrec\u00e0rrega com a resultat de l&#8217;exc\u00e9s d&#8217;exercici.<\/p>\n<h2><strong>Tractaments d&#8217;acupuntura per a lesions esportives:<\/strong><\/h2>\n<p style=\"text-align: justify;\">Amb aquests tractaments d&#8217;acupuntura, el que es pot aconseguir s\u00f3n 3 objectius:<\/p>\n<ul style=\"text-align: justify;\">\n<li style=\"text-align: justify;\"><span style=\"text-decoration: underline;\">Prevenci\u00f3<\/span>: tractament preventiu per millorar rendiment.<\/li>\n<li style=\"text-align: justify;\"><span style=\"text-decoration: underline;\">Facilitar la resoluci\u00f3 en lesions esportives<\/span>: colze de&nbsp;tennista,&nbsp;colze&nbsp;de golfista,&nbsp;tendinitis&nbsp;d&#8217;abductors,&nbsp;etc&nbsp;&#8230;<\/li>\n<li style=\"text-align: justify;\"><span style=\"text-decoration: underline;\">En competici\u00f3<\/span>:&nbsp;situacions&nbsp;agudes que&nbsp;es poden corregir&nbsp;gaireb\u00e9&nbsp;instant\u00e0niament&nbsp;degudes a la&nbsp;sobrec\u00e0rrega.<\/li>\n<\/ul>\n<p style=\"text-align: justify;\">En el tractament amb&nbsp;<strong>acupuntura<\/strong>&nbsp;acosenguim portar a la zona m\u00e9s sang i energia que ajudaran a facilitar la recuperaci\u00f3 d&#8217;aquestes <strong>lesions<\/strong>. Aquest tractament consisteix en la&nbsp;implantaci\u00f3n d&#8217;unes fines i indolores agulles.<\/p>\n<p style=\"text-align: justify;\">Si la zona presenta contractura muscular, el simple fet de que l&#8217;agulla arribi al m\u00fascul produeix inmediatament relaxament en ell, recuperant aix\u00ed lesions en alguns casos, espectaculars.<\/p>\n<p style=\"text-align: justify;\">Si la musculatura es troba en bon estat previament a practicar l&#8217;esport, minimitzem els riscos i nom\u00e9s queden els inevitables accidents. \u00c9s freq\u00fcent atendre a pacients esportistes &#8220;amateur&#8221; amb m\u00faltiples lesions.<\/p>\n<p style=\"text-align: justify;\">\u00c9s important una bona preparaci\u00f3 f\u00edsica i un balan\u00e7 energ\u00e8tic adequat per practicar esport amb seguretat, encara que no sigui de competici\u00f3.<\/p>\n<p style=\"text-align: justify;\">Tamb\u00e9 \u00e9s important remarcar la efici\u00e8ncia en els petits accidents quotidians, com , como tor\u00e7ar-se el tormell. \u00c9s molt diferent la evoluci\u00f3 de les lesions si apliquem <strong>acupuntura<\/strong> i <strong>homeopatia<\/strong> al poc temps de la lesi\u00f3.<\/p>\n","protected":false},"excerpt":{"rendered":"<p>Lesions Esportives Moltes&nbsp;lesions esportives es poden tractar amb acupuntura, alleugerant aix\u00ed els seus efectes. Per\u00f2, tamb\u00e9 es pot fer servir com un tractament preventiu per evitarles, i ja en un alt nivell de competici\u00f3.&nbsp; Aquest tractament tamb\u00e9 pot reduir [&#8230;]<\/p>\n","protected":false},"author":1,"featured_media":0,"parent":1830,"menu_order":8,"comment_status":"open","ping_status":"open","template":"","meta":{"ngg_post_thumbnail":0,"_joinchat":[],"footnotes":""},"class_list":["post-1845","page","type-page","status-publish","hentry"],"yoast_head":"<!-- This site is optimized with the Yoast SEO plugin v27.0 - https:\/\/yoast.com\/product\/yoast-seo-wordpress\/ -->\n<title>Lesions Esportives | Cl\u00ednica Acupuntura Legorburu<\/title>\n<meta name=\"description\" content=\"Els tractaments d&#039;acupuntura i homeopatia en les lesions esportives s\u00f3n molt eficaces, tamb\u00e9 realitzant-los de forma preventiva.\" \/>\n<meta name=\"robots\" content=\"index, follow, max-snippet:-1, max-image-preview:large, max-video-preview:-1\" \/>\n<link rel=\"canonical\" href=\"https:\/\/www.acupuntura-legorburu.com\/ca\/tractaments\/lesions-esportives\/\" \/>\n<meta property=\"og:locale\" content=\"ca_ES\" \/>\n<meta property=\"og:type\" content=\"article\" \/>\n<meta property=\"og:title\" content=\"Lesions Esportives | Cl\u00ednica Acupuntura Legorburu\" \/>\n<meta property=\"og:description\" content=\"Els tractaments d&#039;acupuntura i homeopatia en les lesions esportives s\u00f3n molt eficaces, tamb\u00e9 realitzant-los de forma preventiva.\" \/>\n<meta property=\"og:url\" content=\"https:\/\/www.acupuntura-legorburu.com\/ca\/tractaments\/lesions-esportives\/\" \/>\n<meta property=\"article:publisher\" content=\"https:\/\/www.facebook.com\/pages\/Cl%c3%adnica-de-acupuntura-de-la-Dra-Margarita-Legorburu\/126630064083783?fref=ts\" \/>\n<meta property=\"article:modified_time\" content=\"2017-08-30T14:35:46+00:00\" \/>\n<meta property=\"og:image\" content=\"https:\/\/www.acupuntura-legorburu.com\/wp-content\/uploads\/2014\/03\/Acupuntura_Margarita_Legorburu_Lesiones_Deportivas-copia.jpeg\" \/>\n<meta name=\"twitter:label1\" content=\"Temps estimat de lectura\" \/>\n\t<meta name=\"twitter:data1\" content=\"1 minut\" \/>\n<script type=\"application\/ld+json\" class=\"yoast-schema-graph\">{\"@context\":\"https:\/\/schema.org\",\"@graph\":[{\"@type\":\"WebPage\",\"@id\":\"https:\/\/www.acupuntura-legorburu.com\/ca\/tractaments\/lesions-esportives\/\",\"url\":\"https:\/\/www.acupuntura-legorburu.com\/ca\/tractaments\/lesions-esportives\/\",\"name\":\"Lesions Esportives | Cl\u00ednica Acupuntura Legorburu\",\"isPartOf\":{\"@id\":\"https:\/\/www.acupuntura-legorburu.com\/#website\"},\"primaryImageOfPage\":{\"@id\":\"https:\/\/www.acupuntura-legorburu.com\/ca\/tractaments\/lesions-esportives\/#primaryimage\"},\"image\":{\"@id\":\"https:\/\/www.acupuntura-legorburu.com\/ca\/tractaments\/lesions-esportives\/#primaryimage\"},\"thumbnailUrl\":\"https:\/\/www.acupuntura-legorburu.com\/wp-content\/uploads\/2014\/03\/Acupuntura_Margarita_Legorburu_Lesiones_Deportivas-copia.jpeg\",\"datePublished\":\"2014-03-07T12:56:10+00:00\",\"dateModified\":\"2017-08-30T14:35:46+00:00\",\"description\":\"Els tractaments d'acupuntura i homeopatia en les lesions esportives s\u00f3n molt eficaces, tamb\u00e9 realitzant-los de forma preventiva.\",\"breadcrumb\":{\"@id\":\"https:\/\/www.acupuntura-legorburu.com\/ca\/tractaments\/lesions-esportives\/#breadcrumb\"},\"inLanguage\":\"ca\",\"potentialAction\":[{\"@type\":\"ReadAction\",\"target\":[\"https:\/\/www.acupuntura-legorburu.com\/ca\/tractaments\/lesions-esportives\/\"]}]},{\"@type\":\"ImageObject\",\"inLanguage\":\"ca\",\"@id\":\"https:\/\/www.acupuntura-legorburu.com\/ca\/tractaments\/lesions-esportives\/#primaryimage\",\"url\":\"https:\/\/www.acupuntura-legorburu.com\/wp-content\/uploads\/2014\/03\/Acupuntura_Margarita_Legorburu_Lesiones_Deportivas-copia.jpeg\",\"contentUrl\":\"https:\/\/www.acupuntura-legorburu.com\/wp-content\/uploads\/2014\/03\/Acupuntura_Margarita_Legorburu_Lesiones_Deportivas-copia.jpeg\"},{\"@type\":\"BreadcrumbList\",\"@id\":\"https:\/\/www.acupuntura-legorburu.com\/ca\/tractaments\/lesions-esportives\/#breadcrumb\",\"itemListElement\":[{\"@type\":\"ListItem\",\"position\":1,\"name\":\"Portada\",\"item\":\"https:\/\/www.acupuntura-legorburu.com\/ca\/\"},{\"@type\":\"ListItem\",\"position\":2,\"name\":\"Tractaments\",\"item\":\"https:\/\/www.acupuntura-legorburu.com\/ca\/tractaments\/\"},{\"@type\":\"ListItem\",\"position\":3,\"name\":\"Lesions esportives\"}]},{\"@type\":\"WebSite\",\"@id\":\"https:\/\/www.acupuntura-legorburu.com\/#website\",\"url\":\"https:\/\/www.acupuntura-legorburu.com\/\",\"name\":\"\",\"description\":\"\",\"potentialAction\":[{\"@type\":\"SearchAction\",\"target\":{\"@type\":\"EntryPoint\",\"urlTemplate\":\"https:\/\/www.acupuntura-legorburu.com\/?s={search_term_string}\"},\"query-input\":{\"@type\":\"PropertyValueSpecification\",\"valueRequired\":true,\"valueName\":\"search_term_string\"}}],\"inLanguage\":\"ca\"}]}<\/script>\n<!-- \/ Yoast SEO plugin. -->","yoast_head_json":{"title":"Lesions Esportives | Cl\u00ednica Acupuntura Legorburu","description":"Els tractaments d'acupuntura i homeopatia en les lesions esportives s\u00f3n molt eficaces, tamb\u00e9 realitzant-los de forma preventiva.","robots":{"index":"index","follow":"follow","max-snippet":"max-snippet:-1","max-image-preview":"max-image-preview:large","max-video-preview":"max-video-preview:-1"},"canonical":"https:\/\/www.acupuntura-legorburu.com\/ca\/tractaments\/lesions-esportives\/","og_locale":"ca_ES","og_type":"article","og_title":"Lesions Esportives | Cl\u00ednica Acupuntura Legorburu","og_description":"Els tractaments d'acupuntura i homeopatia en les lesions esportives s\u00f3n molt eficaces, tamb\u00e9 realitzant-los de forma preventiva.","og_url":"https:\/\/www.acupuntura-legorburu.com\/ca\/tractaments\/lesions-esportives\/","article_publisher":"https:\/\/www.facebook.com\/pages\/Cl%c3%adnica-de-acupuntura-de-la-Dra-Margarita-Legorburu\/126630064083783?fref=ts","article_modified_time":"2017-08-30T14:35:46+00:00","og_image":[{"url":"https:\/\/www.acupuntura-legorburu.com\/wp-content\/uploads\/2014\/03\/Acupuntura_Margarita_Legorburu_Lesiones_Deportivas-copia.jpeg","type":"","width":"","height":""}],"twitter_misc":{"Temps estimat de lectura":"1 minut"},"schema":{"@context":"https:\/\/schema.org","@graph":[{"@type":"WebPage","@id":"https:\/\/www.acupuntura-legorburu.com\/ca\/tractaments\/lesions-esportives\/","url":"https:\/\/www.acupuntura-legorburu.com\/ca\/tractaments\/lesions-esportives\/","name":"Lesions Esportives | Cl\u00ednica Acupuntura Legorburu","isPartOf":{"@id":"https:\/\/www.acupuntura-legorburu.com\/#website"},"primaryImageOfPage":{"@id":"https:\/\/www.acupuntura-legorburu.com\/ca\/tractaments\/lesions-esportives\/#primaryimage"},"image":{"@id":"https:\/\/www.acupuntura-legorburu.com\/ca\/tractaments\/lesions-esportives\/#primaryimage"},"thumbnailUrl":"https:\/\/www.acupuntura-legorburu.com\/wp-content\/uploads\/2014\/03\/Acupuntura_Margarita_Legorburu_Lesiones_Deportivas-copia.jpeg","datePublished":"2014-03-07T12:56:10+00:00","dateModified":"2017-08-30T14:35:46+00:00","description":"Els tractaments d'acupuntura i homeopatia en les lesions esportives s\u00f3n molt eficaces, tamb\u00e9 realitzant-los de forma preventiva.","breadcrumb":{"@id":"https:\/\/www.acupuntura-legorburu.com\/ca\/tractaments\/lesions-esportives\/#breadcrumb"},"inLanguage":"ca","potentialAction":[{"@type":"ReadAction","target":["https:\/\/www.acupuntura-legorburu.com\/ca\/tractaments\/lesions-esportives\/"]}]},{"@type":"ImageObject","inLanguage":"ca","@id":"https:\/\/www.acupuntura-legorburu.com\/ca\/tractaments\/lesions-esportives\/#primaryimage","url":"https:\/\/www.acupuntura-legorburu.com\/wp-content\/uploads\/2014\/03\/Acupuntura_Margarita_Legorburu_Lesiones_Deportivas-copia.jpeg","contentUrl":"https:\/\/www.acupuntura-legorburu.com\/wp-content\/uploads\/2014\/03\/Acupuntura_Margarita_Legorburu_Lesiones_Deportivas-copia.jpeg"},{"@type":"BreadcrumbList","@id":"https:\/\/www.acupuntura-legorburu.com\/ca\/tractaments\/lesions-esportives\/#breadcrumb","itemListElement":[{"@type":"ListItem","position":1,"name":"Portada","item":"https:\/\/www.acupuntura-legorburu.com\/ca\/"},{"@type":"ListItem","position":2,"name":"Tractaments","item":"https:\/\/www.acupuntura-legorburu.com\/ca\/tractaments\/"},{"@type":"ListItem","position":3,"name":"Lesions esportives"}]},{"@type":"WebSite","@id":"https:\/\/www.acupuntura-legorburu.com\/#website","url":"https:\/\/www.acupuntura-legorburu.com\/","name":"","description":"","potentialAction":[{"@type":"SearchAction","target":{"@type":"EntryPoint","urlTemplate":"https:\/\/www.acupuntura-legorburu.com\/?s={search_term_string}"},"query-input":{"@type":"PropertyValueSpecification","valueRequired":true,"valueName":"search_term_string"}}],"inLanguage":"ca"}]}},"_links":{"self":[{"href":"https:\/\/www.acupuntura-legorburu.com\/ca\/wp-json\/wp\/v2\/pages\/1845","targetHints":{"allow":["GET"]}}],"collection":[{"href":"https:\/\/www.acupuntura-legorburu.com\/ca\/wp-json\/wp\/v2\/pages"}],"about":[{"href":"https:\/\/www.acupuntura-legorburu.com\/ca\/wp-json\/wp\/v2\/types\/page"}],"author":[{"embeddable":true,"href":"https:\/\/www.acupuntura-legorburu.com\/ca\/wp-json\/wp\/v2\/users\/1"}],"replies":[{"embeddable":true,"href":"https:\/\/www.acupuntura-legorburu.com\/ca\/wp-json\/wp\/v2\/comments?post=1845"}],"version-history":[{"count":12,"href":"https:\/\/www.acupuntura-legorburu.com\/ca\/wp-json\/wp\/v2\/pages\/1845\/revisions"}],"predecessor-version":[{"id":7475,"href":"https:\/\/www.acupuntura-legorburu.com\/ca\/wp-json\/wp\/v2\/pages\/1845\/revisions\/7475"}],"up":[{"embeddable":true,"href":"https:\/\/www.acupuntura-legorburu.com\/ca\/wp-json\/wp\/v2\/pages\/1830"}],"wp:attachment":[{"href":"https:\/\/www.acupuntura-legorburu.com\/ca\/wp-json\/wp\/v2\/media?parent=1845"}],"curies":[{"name":"wp","href":"https:\/\/api.w.org\/{rel}","templated":true}]}}