{"id":1665,"date":"2014-03-05T12:45:53","date_gmt":"2014-03-05T12:45:53","guid":{"rendered":"http:\/\/www.acupuntura-legorburu.com\/?page_id=1665"},"modified":"2017-07-28T17:22:35","modified_gmt":"2017-07-28T15:22:35","slug":"electroacupuntura","status":"publish","type":"page","link":"https:\/\/www.acupuntura-legorburu.com\/ca\/electroacupuntura\/","title":{"rendered":"Electroacupuntura"},"content":{"rendered":"<h1>Electroacupuntura<\/h1>\n<p style=\"text-align: justify;\"><img decoding=\"async\" class=\"alignright wp-image-7116\" src=\"https:\/\/www.acupuntura-legorburu.com\/wp-content\/uploads\/2014\/03\/Acupuntura_Legorburu_Estimulador_Electrico-2.jpeg\" alt=\"\" width=\"400\" height=\"264\" srcset=\"https:\/\/www.acupuntura-legorburu.com\/wp-content\/uploads\/2014\/03\/Acupuntura_Legorburu_Estimulador_Electrico-2-200x132.jpeg 200w, https:\/\/www.acupuntura-legorburu.com\/wp-content\/uploads\/2014\/03\/Acupuntura_Legorburu_Estimulador_Electrico-2-300x198.jpeg 300w, https:\/\/www.acupuntura-legorburu.com\/wp-content\/uploads\/2014\/03\/Acupuntura_Legorburu_Estimulador_Electrico-2-400x264.jpeg 400w, https:\/\/www.acupuntura-legorburu.com\/wp-content\/uploads\/2014\/03\/Acupuntura_Legorburu_Estimulador_Electrico-2-600x396.jpeg 600w, https:\/\/www.acupuntura-legorburu.com\/wp-content\/uploads\/2014\/03\/Acupuntura_Legorburu_Estimulador_Electrico-2.jpeg 721w\" sizes=\"(max-width: 400px) 100vw, 400px\" \/>La <strong>electroacupuntura<\/strong> o l&#8217;<strong>\u00fas&nbsp;d&#8217;estimulaci\u00f3&nbsp;el\u00e8ctrica en&nbsp;MTCH<\/strong>&nbsp;\u00e9s una&nbsp;t\u00e8cnica&nbsp;relativament&nbsp;freq\u00fcent. Amb ella&nbsp;anem a&nbsp;combinar el tractament&nbsp;amb&nbsp;agulles&nbsp;i&nbsp;l&#8217;estimulaci\u00f3&nbsp;el\u00e8ctrica de les&nbsp;mateixes.<\/p>\n<p>Aquest m\u00e8tode terap\u00e8utic consisteix a aplicar un corrent el\u00e8ctric de tipus diferents entre <strong>dos punts d\u2019acupuntura<\/strong>. Aquest tractament es realitza mitjan\u00e7ant una m\u00e0quina dissenyada per aix\u00f2.<\/p>\n<h2>Quins resultats podem obtenir?<\/h2>\n<p>L<strong>\u2019electroacupuntura<\/strong> est\u00e0 especialment indicada pel tractament del dolor a trav\u00e9s de l\u2019acupuntura, millorant els seus <strong>efectes terap\u00e8utics.<\/strong><\/p>\n<p>L\u2019\u00fas de l\u2019estimulaci\u00f3 el\u00e8ctrica MTCH pot produir millors resultats terap\u00e8utics en alguns tractaments refractaris a l\u2019acupuntura. Aix\u00f2 \u00e9s degut al fet als efectes de l\u2019acupuntura afegim efectes fisiol\u00f2gics i terap\u00e8utics diferents.<\/p>\n<p>Observem m\u00e9s resultats que amb l\u2019estimulaci\u00f3 manual, ja que es poden administrar estimulaci\u00f3 per un per\u00edode m\u00e9s llarg de temps amb una pot\u00e8ncia uniforme o variable, i una intensitat constant o fluctuant segons ens interessi per cada tractament.<\/p>\n<p>La intensitat es pot ajustar en qualsevol moment en funci\u00f3 de la toler\u00e0ncia del pacient i la naturalesa de la patologia. Obtindrem un efecte regulador de l\u2019energia com una funci\u00f3 analg\u00e8sica.<\/p>\n<p style=\"text-align: justify;\">&nbsp;<\/p>\n","protected":false},"excerpt":{"rendered":"<p>Electroacupuntura La electroacupuntura o l&#8217;\u00fas&nbsp;d&#8217;estimulaci\u00f3&nbsp;el\u00e8ctrica en&nbsp;MTCH&nbsp;\u00e9s una&nbsp;t\u00e8cnica&nbsp;relativament&nbsp;freq\u00fcent. Amb ella&nbsp;anem a&nbsp;combinar el tractament&nbsp;amb&nbsp;agulles&nbsp;i&nbsp;l&#8217;estimulaci\u00f3&nbsp;el\u00e8ctrica de les&nbsp;mateixes. Aquest m\u00e8tode terap\u00e8utic consisteix a aplicar un corrent el\u00e8ctric de tipus diferents entre dos punts d\u2019acupuntura. Aquest tractament es realitza mitjan\u00e7ant una m\u00e0quina dissenyada per [&#8230;]<\/p>\n","protected":false},"author":1,"featured_media":0,"parent":0,"menu_order":0,"comment_status":"open","ping_status":"open","template":"","meta":{"ngg_post_thumbnail":0,"_joinchat":[],"footnotes":""},"class_list":["post-1665","page","type-page","status-publish","hentry"],"yoast_head":"<!-- This site is optimized with the Yoast SEO plugin v27.0 - https:\/\/yoast.com\/product\/yoast-seo-wordpress\/ -->\n<title>Electroacupuntura | Acupuntura amb Estimulaci\u00f3 El\u00e8ctrica<\/title>\n<meta name=\"description\" content=\"La Electroacupuntura o l&#039;acupuntura amb Estimulaci\u00f3 El\u00e8ctrica, millora els efectes terap\u00e8utics de l&#039;acupuntura, especialment en el tractament del dolor.\" \/>\n<meta name=\"robots\" content=\"index, follow, max-snippet:-1, max-image-preview:large, max-video-preview:-1\" \/>\n<link rel=\"canonical\" href=\"https:\/\/www.acupuntura-legorburu.com\/ca\/electroacupuntura\/\" \/>\n<meta property=\"og:locale\" content=\"ca_ES\" \/>\n<meta property=\"og:type\" content=\"article\" \/>\n<meta property=\"og:title\" content=\"Electroacupuntura | Acupuntura amb Estimulaci\u00f3 El\u00e8ctrica\" \/>\n<meta property=\"og:description\" content=\"La Electroacupuntura o l&#039;acupuntura amb Estimulaci\u00f3 El\u00e8ctrica, millora els efectes terap\u00e8utics de l&#039;acupuntura, especialment en el tractament del dolor.\" \/>\n<meta property=\"og:url\" content=\"https:\/\/www.acupuntura-legorburu.com\/ca\/electroacupuntura\/\" \/>\n<meta property=\"article:publisher\" content=\"https:\/\/www.facebook.com\/pages\/Cl%c3%adnica-de-acupuntura-de-la-Dra-Margarita-Legorburu\/126630064083783?fref=ts\" \/>\n<meta property=\"article:modified_time\" content=\"2017-07-28T15:22:35+00:00\" \/>\n<meta property=\"og:image\" content=\"https:\/\/www.acupuntura-legorburu.com\/wp-content\/uploads\/2014\/03\/Acupuntura_Legorburu_Estimulador_Electrico-2.jpeg\" \/>\n<meta name=\"twitter:label1\" content=\"Temps estimat de lectura\" \/>\n\t<meta name=\"twitter:data1\" content=\"1 minut\" \/>\n<script type=\"application\/ld+json\" class=\"yoast-schema-graph\">{\"@context\":\"https:\/\/schema.org\",\"@graph\":[{\"@type\":\"WebPage\",\"@id\":\"https:\/\/www.acupuntura-legorburu.com\/ca\/electroacupuntura\/\",\"url\":\"https:\/\/www.acupuntura-legorburu.com\/ca\/electroacupuntura\/\",\"name\":\"Electroacupuntura | Acupuntura amb Estimulaci\u00f3 El\u00e8ctrica\",\"isPartOf\":{\"@id\":\"https:\/\/www.acupuntura-legorburu.com\/#website\"},\"primaryImageOfPage\":{\"@id\":\"https:\/\/www.acupuntura-legorburu.com\/ca\/electroacupuntura\/#primaryimage\"},\"image\":{\"@id\":\"https:\/\/www.acupuntura-legorburu.com\/ca\/electroacupuntura\/#primaryimage\"},\"thumbnailUrl\":\"https:\/\/www.acupuntura-legorburu.com\/wp-content\/uploads\/2014\/03\/Acupuntura_Legorburu_Estimulador_Electrico-2.jpeg\",\"datePublished\":\"2014-03-05T12:45:53+00:00\",\"dateModified\":\"2017-07-28T15:22:35+00:00\",\"description\":\"La Electroacupuntura o l'acupuntura amb Estimulaci\u00f3 El\u00e8ctrica, millora els efectes terap\u00e8utics de l'acupuntura, especialment en el tractament del dolor.\",\"breadcrumb\":{\"@id\":\"https:\/\/www.acupuntura-legorburu.com\/ca\/electroacupuntura\/#breadcrumb\"},\"inLanguage\":\"ca\",\"potentialAction\":[{\"@type\":\"ReadAction\",\"target\":[\"https:\/\/www.acupuntura-legorburu.com\/ca\/electroacupuntura\/\"]}]},{\"@type\":\"ImageObject\",\"inLanguage\":\"ca\",\"@id\":\"https:\/\/www.acupuntura-legorburu.com\/ca\/electroacupuntura\/#primaryimage\",\"url\":\"https:\/\/www.acupuntura-legorburu.com\/wp-content\/uploads\/2014\/03\/Acupuntura_Legorburu_Estimulador_Electrico-2.jpeg\",\"contentUrl\":\"https:\/\/www.acupuntura-legorburu.com\/wp-content\/uploads\/2014\/03\/Acupuntura_Legorburu_Estimulador_Electrico-2.jpeg\"},{\"@type\":\"BreadcrumbList\",\"@id\":\"https:\/\/www.acupuntura-legorburu.com\/ca\/electroacupuntura\/#breadcrumb\",\"itemListElement\":[{\"@type\":\"ListItem\",\"position\":1,\"name\":\"Portada\",\"item\":\"https:\/\/www.acupuntura-legorburu.com\/ca\/\"},{\"@type\":\"ListItem\",\"position\":2,\"name\":\"Electroacupuntura\"}]},{\"@type\":\"WebSite\",\"@id\":\"https:\/\/www.acupuntura-legorburu.com\/#website\",\"url\":\"https:\/\/www.acupuntura-legorburu.com\/\",\"name\":\"\",\"description\":\"\",\"potentialAction\":[{\"@type\":\"SearchAction\",\"target\":{\"@type\":\"EntryPoint\",\"urlTemplate\":\"https:\/\/www.acupuntura-legorburu.com\/?s={search_term_string}\"},\"query-input\":{\"@type\":\"PropertyValueSpecification\",\"valueRequired\":true,\"valueName\":\"search_term_string\"}}],\"inLanguage\":\"ca\"}]}<\/script>\n<!-- \/ Yoast SEO plugin. -->","yoast_head_json":{"title":"Electroacupuntura | Acupuntura amb Estimulaci\u00f3 El\u00e8ctrica","description":"La Electroacupuntura o l'acupuntura amb Estimulaci\u00f3 El\u00e8ctrica, millora els efectes terap\u00e8utics de l'acupuntura, especialment en el tractament del dolor.","robots":{"index":"index","follow":"follow","max-snippet":"max-snippet:-1","max-image-preview":"max-image-preview:large","max-video-preview":"max-video-preview:-1"},"canonical":"https:\/\/www.acupuntura-legorburu.com\/ca\/electroacupuntura\/","og_locale":"ca_ES","og_type":"article","og_title":"Electroacupuntura | Acupuntura amb Estimulaci\u00f3 El\u00e8ctrica","og_description":"La Electroacupuntura o l'acupuntura amb Estimulaci\u00f3 El\u00e8ctrica, millora els efectes terap\u00e8utics de l'acupuntura, especialment en el tractament del dolor.","og_url":"https:\/\/www.acupuntura-legorburu.com\/ca\/electroacupuntura\/","article_publisher":"https:\/\/www.facebook.com\/pages\/Cl%c3%adnica-de-acupuntura-de-la-Dra-Margarita-Legorburu\/126630064083783?fref=ts","article_modified_time":"2017-07-28T15:22:35+00:00","og_image":[{"url":"https:\/\/www.acupuntura-legorburu.com\/wp-content\/uploads\/2014\/03\/Acupuntura_Legorburu_Estimulador_Electrico-2.jpeg","type":"","width":"","height":""}],"twitter_misc":{"Temps estimat de lectura":"1 minut"},"schema":{"@context":"https:\/\/schema.org","@graph":[{"@type":"WebPage","@id":"https:\/\/www.acupuntura-legorburu.com\/ca\/electroacupuntura\/","url":"https:\/\/www.acupuntura-legorburu.com\/ca\/electroacupuntura\/","name":"Electroacupuntura | Acupuntura amb Estimulaci\u00f3 El\u00e8ctrica","isPartOf":{"@id":"https:\/\/www.acupuntura-legorburu.com\/#website"},"primaryImageOfPage":{"@id":"https:\/\/www.acupuntura-legorburu.com\/ca\/electroacupuntura\/#primaryimage"},"image":{"@id":"https:\/\/www.acupuntura-legorburu.com\/ca\/electroacupuntura\/#primaryimage"},"thumbnailUrl":"https:\/\/www.acupuntura-legorburu.com\/wp-content\/uploads\/2014\/03\/Acupuntura_Legorburu_Estimulador_Electrico-2.jpeg","datePublished":"2014-03-05T12:45:53+00:00","dateModified":"2017-07-28T15:22:35+00:00","description":"La Electroacupuntura o l'acupuntura amb Estimulaci\u00f3 El\u00e8ctrica, millora els efectes terap\u00e8utics de l'acupuntura, especialment en el tractament del dolor.","breadcrumb":{"@id":"https:\/\/www.acupuntura-legorburu.com\/ca\/electroacupuntura\/#breadcrumb"},"inLanguage":"ca","potentialAction":[{"@type":"ReadAction","target":["https:\/\/www.acupuntura-legorburu.com\/ca\/electroacupuntura\/"]}]},{"@type":"ImageObject","inLanguage":"ca","@id":"https:\/\/www.acupuntura-legorburu.com\/ca\/electroacupuntura\/#primaryimage","url":"https:\/\/www.acupuntura-legorburu.com\/wp-content\/uploads\/2014\/03\/Acupuntura_Legorburu_Estimulador_Electrico-2.jpeg","contentUrl":"https:\/\/www.acupuntura-legorburu.com\/wp-content\/uploads\/2014\/03\/Acupuntura_Legorburu_Estimulador_Electrico-2.jpeg"},{"@type":"BreadcrumbList","@id":"https:\/\/www.acupuntura-legorburu.com\/ca\/electroacupuntura\/#breadcrumb","itemListElement":[{"@type":"ListItem","position":1,"name":"Portada","item":"https:\/\/www.acupuntura-legorburu.com\/ca\/"},{"@type":"ListItem","position":2,"name":"Electroacupuntura"}]},{"@type":"WebSite","@id":"https:\/\/www.acupuntura-legorburu.com\/#website","url":"https:\/\/www.acupuntura-legorburu.com\/","name":"","description":"","potentialAction":[{"@type":"SearchAction","target":{"@type":"EntryPoint","urlTemplate":"https:\/\/www.acupuntura-legorburu.com\/?s={search_term_string}"},"query-input":{"@type":"PropertyValueSpecification","valueRequired":true,"valueName":"search_term_string"}}],"inLanguage":"ca"}]}},"_links":{"self":[{"href":"https:\/\/www.acupuntura-legorburu.com\/ca\/wp-json\/wp\/v2\/pages\/1665","targetHints":{"allow":["GET"]}}],"collection":[{"href":"https:\/\/www.acupuntura-legorburu.com\/ca\/wp-json\/wp\/v2\/pages"}],"about":[{"href":"https:\/\/www.acupuntura-legorburu.com\/ca\/wp-json\/wp\/v2\/types\/page"}],"author":[{"embeddable":true,"href":"https:\/\/www.acupuntura-legorburu.com\/ca\/wp-json\/wp\/v2\/users\/1"}],"replies":[{"embeddable":true,"href":"https:\/\/www.acupuntura-legorburu.com\/ca\/wp-json\/wp\/v2\/comments?post=1665"}],"version-history":[{"count":9,"href":"https:\/\/www.acupuntura-legorburu.com\/ca\/wp-json\/wp\/v2\/pages\/1665\/revisions"}],"predecessor-version":[{"id":7448,"href":"https:\/\/www.acupuntura-legorburu.com\/ca\/wp-json\/wp\/v2\/pages\/1665\/revisions\/7448"}],"wp:attachment":[{"href":"https:\/\/www.acupuntura-legorburu.com\/ca\/wp-json\/wp\/v2\/media?parent=1665"}],"curies":[{"name":"wp","href":"https:\/\/api.w.org\/{rel}","templated":true}]}}